{"id":19986,"date":"2025-10-30T17:01:43","date_gmt":"2025-10-30T16:01:43","guid":{"rendered":"https:\/\/www.etiktech.fr\/?post_type=product&#038;p=19986"},"modified":"2025-11-20T10:33:46","modified_gmt":"2025-11-20T09:33:46","slug":"pastilles-adhesives-fluo-10mm-lot-de-100-etiquettes-couleurs-fluorescentes-rouge-jaune-orange-vert-organisation-bureau-archives-maison-loisirs","status":"publish","type":"product","link":"https:\/\/www.etiktech.fr\/fr\/produit\/pastilles-adhesives-fluo-10mm-lot-de-100-etiquettes-couleurs-fluorescentes-rouge-jaune-orange-vert-organisation-bureau-archives-maison-loisirs\/","title":{"rendered":"Pastilles Adh\u00e9sives Fluo 10mm \u2013 Lot de 100 \u00c9tiquettes \u2013 Couleurs Fluorescentes (Rouge, Jaune, Orange, Vert)"},"content":{"rendered":"<p><b><span data-contrast=\"auto\">Format mini pratique<\/span><\/b><span data-contrast=\"auto\"> : Pastilles rondes de 10 mm, id\u00e9ales pour marquer, rep\u00e9rer ou coder rapidement documents, dossiers et fournitures.\u00a0<\/span><span data-ccp-props=\"{}\">\u00a0<\/span><\/p>\n<p><b><span data-contrast=\"auto\">4 couleurs fluorescentes<\/span><\/b><span data-contrast=\"auto\"> : Rouge, jaune, orange et bleu pour une identification visuelle imm\u00e9diate.\u00a0<\/span><span data-ccp-props=\"{}\">\u00a0<\/span><\/p>\n<p><b><span data-contrast=\"auto\">Pack \u00e9conomique :<\/span><\/b><span data-contrast=\"auto\"> 100 pastilles par paquet, parfait pour usage r\u00e9gulier ou projet cr\u00e9atif.<\/span><span data-ccp-props=\"{}\">\u00a0<\/span><\/p>\n<p><b><span data-contrast=\"auto\">\u00a0Multi-usages<\/span><\/b><span data-contrast=\"auto\"> : convient pour classement des archives, bureaux, bo\u00eetes de rangement, cuisine (bocaux, conserves), \u00e9ducation, loisirs cr\u00e9atifs et codage d\u2019inventaire.\u00a0<\/span><span data-ccp-props=\"{}\">\u00a0<\/span><\/p>\n<p><b><span data-contrast=\"auto\">Forte adh\u00e9rence<\/span><\/b><span data-contrast=\"auto\"> : se collent durablement sur carton, plastique, m\u00e9tal ou papier.\u00a0<\/span><span data-ccp-props=\"{}\">\u00a0<\/span><\/p>\n<p><span data-contrast=\"auto\">Ces pastilles adh\u00e9sives fluo 10 mm sont parfaites pour une organisation claire et color\u00e9e dans tous vos espaces de travail et de rangement.<\/span><span data-ccp-props=\"{}\">\u00a0<\/span><\/p>\n<p><span data-contrast=\"auto\">Leur petit format permet un rep\u00e9rage pr\u00e9cis, id\u00e9al pour coder ou marquer des documents, bo\u00eetes ou fournitures.\u00a0<\/span><span data-ccp-props=\"{}\">\u00a0<\/span><\/p>\n<p><span data-contrast=\"auto\">Chaque paquet contient 100 pastilles en 4 couleurs fluorescentes (rouge, jaune, orange, vert) pour un rep\u00e9rage rapide et efficace.\u00a0<\/span><span data-ccp-props=\"{}\">\u00a0<\/span><\/p>\n","protected":false},"excerpt":{"rendered":"<p>Format mini pratique : Pastilles rondes de 10 mm, id\u00e9ales pour marquer, rep\u00e9rer ou coder rapidement documents, dossiers et fournitures.\u00a0\u00a0 4 couleurs fluorescentes : Rouge, jaune, orange et bleu pour&hellip;<\/p>\n","protected":false},"featured_media":19883,"comment_status":"closed","ping_status":"closed","template":"","meta":[],"product_brand":[],"product_cat":[199],"product_tag":[],"class_list":{"0":"post-19986","1":"product","2":"type-product","3":"status-publish","4":"has-post-thumbnail","6":"product_cat-etiquettes-autocollantes-fluo","8":"first","9":"instock","10":"taxable","11":"shipping-taxable","12":"purchasable","13":"product-type-variable","14":"has-default-attributes"},"yoast_head":"<!-- This site is optimized with the Yoast SEO Premium plugin v27.2 (Yoast SEO v27.3) - https:\/\/yoast.com\/product\/yoast-seo-premium-wordpress\/ -->\n<title>Pastilles Adh\u00e9sives Fluo 10mm \u2013 Lot de 100 \u00c9tiquettes \u2013 Couleurs Fluorescentes (Rouge, Jaune, Orange, Vert) - Etiktech<\/title>\n<meta name=\"description\" content=\"pastilles fluo adh\u00e9sives autocollantes rondes fluo mini 10mm sticker fluo couleur organisation bureau classement archives rangement cuisine bocaux conserves \u00e9ducation loisirs cr\u00e9atifs codage inventaire documents fournitures autocollant color\u00e9\" \/>\n<meta name=\"robots\" content=\"index, follow, max-snippet:-1, max-image-preview:large, max-video-preview:-1\" \/>\n<link rel=\"canonical\" href=\"https:\/\/www.etiktech.fr\/fr\/produit\/pastilles-adhesives-fluo-10mm-lot-de-100-etiquettes-couleurs-fluorescentes-rouge-jaune-orange-vert-organisation-bureau-archives-maison-loisirs\/\" \/>\n<meta property=\"og:locale\" content=\"fr_FR\" \/>\n<meta property=\"og:type\" content=\"article\" \/>\n<meta property=\"og:title\" content=\"Pastilles Adh\u00e9sives Fluo 10mm \u2013 Lot de 100 \u00c9tiquettes \u2013 Couleurs Fluorescentes (Rouge, Jaune, Orange, Vert)\" \/>\n<meta property=\"og:description\" content=\"pastilles fluo adh\u00e9sives autocollantes rondes fluo mini 10mm sticker fluo couleur organisation bureau classement archives rangement cuisine bocaux conserves \u00e9ducation loisirs cr\u00e9atifs codage inventaire documents fournitures autocollant color\u00e9\" \/>\n<meta property=\"og:url\" content=\"https:\/\/www.etiktech.fr\/fr\/produit\/pastilles-adhesives-fluo-10mm-lot-de-100-etiquettes-couleurs-fluorescentes-rouge-jaune-orange-vert-organisation-bureau-archives-maison-loisirs\/\" \/>\n<meta property=\"og:site_name\" content=\"Etiktech\" \/>\n<meta property=\"article:publisher\" content=\"https:\/\/www.facebook.com\/people\/Etiktech\/61570904671530\/?mibextid=ZbWKwL\" \/>\n<meta property=\"article:modified_time\" content=\"2025-11-20T09:33:46+00:00\" \/>\n<meta property=\"og:image\" content=\"https:\/\/www.etiktech.fr\/wp-content\/uploads\/2025\/10\/Etiquettes-Adhesives-Fluo-75x25mm.jpg\" \/>\n\t<meta property=\"og:image:width\" content=\"2000\" \/>\n\t<meta property=\"og:image:height\" content=\"2000\" \/>\n\t<meta property=\"og:image:type\" content=\"image\/jpeg\" \/>\n<meta name=\"twitter:card\" content=\"summary_large_image\" \/>\n<meta name=\"twitter:label1\" content=\"Dur\u00e9e de lecture estim\u00e9e\" \/>\n\t<meta name=\"twitter:data1\" content=\"1 minute\" \/>\n<script type=\"application\/ld+json\" class=\"yoast-schema-graph\">{\"@context\":\"https:\\\/\\\/schema.org\",\"@graph\":[{\"@type\":\"WebPage\",\"@id\":\"https:\\\/\\\/www.etiktech.fr\\\/produit\\\/pastilles-adhesives-fluo-10mm-lot-de-100-etiquettes-couleurs-fluorescentes-rouge-jaune-orange-vert-organisation-bureau-archives-maison-loisirs\\\/\",\"url\":\"https:\\\/\\\/www.etiktech.fr\\\/produit\\\/pastilles-adhesives-fluo-10mm-lot-de-100-etiquettes-couleurs-fluorescentes-rouge-jaune-orange-vert-organisation-bureau-archives-maison-loisirs\\\/\",\"name\":\"Pastilles Adh\u00e9sives Fluo 10mm \u2013 Lot de 100 \u00c9tiquettes \u2013 Couleurs Fluorescentes (Rouge, Jaune, Orange, Vert) - Etiktech\",\"isPartOf\":{\"@id\":\"https:\\\/\\\/www.etiktech.fr\\\/#website\"},\"primaryImageOfPage\":{\"@id\":\"https:\\\/\\\/www.etiktech.fr\\\/produit\\\/pastilles-adhesives-fluo-10mm-lot-de-100-etiquettes-couleurs-fluorescentes-rouge-jaune-orange-vert-organisation-bureau-archives-maison-loisirs\\\/#primaryimage\"},\"image\":{\"@id\":\"https:\\\/\\\/www.etiktech.fr\\\/produit\\\/pastilles-adhesives-fluo-10mm-lot-de-100-etiquettes-couleurs-fluorescentes-rouge-jaune-orange-vert-organisation-bureau-archives-maison-loisirs\\\/#primaryimage\"},\"thumbnailUrl\":\"https:\\\/\\\/www.etiktech.fr\\\/wp-content\\\/uploads\\\/2025\\\/10\\\/Etiquettes-Adhesives-Fluo-75x25mm.jpg\",\"datePublished\":\"2025-10-30T16:01:43+00:00\",\"dateModified\":\"2025-11-20T09:33:46+00:00\",\"description\":\"pastilles fluo adh\u00e9sives autocollantes rondes fluo mini 10mm sticker fluo couleur organisation bureau classement archives rangement cuisine bocaux conserves \u00e9ducation loisirs cr\u00e9atifs codage inventaire documents fournitures autocollant color\u00e9\",\"breadcrumb\":{\"@id\":\"https:\\\/\\\/www.etiktech.fr\\\/produit\\\/pastilles-adhesives-fluo-10mm-lot-de-100-etiquettes-couleurs-fluorescentes-rouge-jaune-orange-vert-organisation-bureau-archives-maison-loisirs\\\/#breadcrumb\"},\"inLanguage\":\"fr-FR\",\"potentialAction\":[{\"@type\":\"ReadAction\",\"target\":[\"https:\\\/\\\/www.etiktech.fr\\\/produit\\\/pastilles-adhesives-fluo-10mm-lot-de-100-etiquettes-couleurs-fluorescentes-rouge-jaune-orange-vert-organisation-bureau-archives-maison-loisirs\\\/\"]}]},{\"@type\":\"ImageObject\",\"inLanguage\":\"fr-FR\",\"@id\":\"https:\\\/\\\/www.etiktech.fr\\\/produit\\\/pastilles-adhesives-fluo-10mm-lot-de-100-etiquettes-couleurs-fluorescentes-rouge-jaune-orange-vert-organisation-bureau-archives-maison-loisirs\\\/#primaryimage\",\"url\":\"https:\\\/\\\/www.etiktech.fr\\\/wp-content\\\/uploads\\\/2025\\\/10\\\/Etiquettes-Adhesives-Fluo-75x25mm.jpg\",\"contentUrl\":\"https:\\\/\\\/www.etiktech.fr\\\/wp-content\\\/uploads\\\/2025\\\/10\\\/Etiquettes-Adhesives-Fluo-75x25mm.jpg\",\"width\":2000,\"height\":2000},{\"@type\":\"BreadcrumbList\",\"@id\":\"https:\\\/\\\/www.etiktech.fr\\\/produit\\\/pastilles-adhesives-fluo-10mm-lot-de-100-etiquettes-couleurs-fluorescentes-rouge-jaune-orange-vert-organisation-bureau-archives-maison-loisirs\\\/#breadcrumb\",\"itemListElement\":[{\"@type\":\"ListItem\",\"position\":1,\"name\":\"Accueil\",\"item\":\"https:\\\/\\\/www.etiktech.fr\\\/fr\\\/\"},{\"@type\":\"ListItem\",\"position\":2,\"name\":\"e-commerce\",\"item\":\"https:\\\/\\\/www.etiktech.fr\\\/e-commerce\\\/\"},{\"@type\":\"ListItem\",\"position\":3,\"name\":\"Pastilles Adh\u00e9sives Fluo 10mm \u2013 Lot de 100 \u00c9tiquettes \u2013 Couleurs Fluorescentes (Rouge, Jaune, Orange, Vert)\"}]},{\"@type\":\"WebSite\",\"@id\":\"https:\\\/\\\/www.etiktech.fr\\\/#website\",\"url\":\"https:\\\/\\\/www.etiktech.fr\\\/\",\"name\":\"Etiktech\",\"description\":\"YOUR PRODUCTS, OUR PACKAGING EXCELLENCE\",\"publisher\":{\"@id\":\"https:\\\/\\\/www.etiktech.fr\\\/#organization\"},\"potentialAction\":[{\"@type\":\"SearchAction\",\"target\":{\"@type\":\"EntryPoint\",\"urlTemplate\":\"https:\\\/\\\/www.etiktech.fr\\\/?s={search_term_string}\"},\"query-input\":{\"@type\":\"PropertyValueSpecification\",\"valueRequired\":true,\"valueName\":\"search_term_string\"}}],\"inLanguage\":\"fr-FR\"},{\"@type\":[\"Organization\",\"Place\"],\"@id\":\"https:\\\/\\\/www.etiktech.fr\\\/#organization\",\"name\":\"Etiktech\",\"alternateName\":\"Etiktech\",\"url\":\"https:\\\/\\\/www.etiktech.fr\\\/\",\"logo\":{\"@id\":\"https:\\\/\\\/www.etiktech.fr\\\/produit\\\/pastilles-adhesives-fluo-10mm-lot-de-100-etiquettes-couleurs-fluorescentes-rouge-jaune-orange-vert-organisation-bureau-archives-maison-loisirs\\\/#local-main-organization-logo\"},\"image\":{\"@id\":\"https:\\\/\\\/www.etiktech.fr\\\/produit\\\/pastilles-adhesives-fluo-10mm-lot-de-100-etiquettes-couleurs-fluorescentes-rouge-jaune-orange-vert-organisation-bureau-archives-maison-loisirs\\\/#local-main-organization-logo\"},\"sameAs\":[\"https:\\\/\\\/www.facebook.com\\\/people\\\/Etiktech\\\/61570904671530\\\/?mibextid=ZbWKwL\",\"https:\\\/\\\/www.linkedin.com\\\/company\\\/etiktech\"],\"telephone\":[],\"openingHoursSpecification\":[{\"@type\":\"OpeningHoursSpecification\",\"dayOfWeek\":[\"Monday\",\"Tuesday\",\"Wednesday\",\"Thursday\",\"Friday\",\"Saturday\",\"Sunday\"],\"opens\":\"09:00\",\"closes\":\"17:00\"}]},{\"@type\":\"ImageObject\",\"inLanguage\":\"fr-FR\",\"@id\":\"https:\\\/\\\/www.etiktech.fr\\\/produit\\\/pastilles-adhesives-fluo-10mm-lot-de-100-etiquettes-couleurs-fluorescentes-rouge-jaune-orange-vert-organisation-bureau-archives-maison-loisirs\\\/#local-main-organization-logo\",\"url\":\"https:\\\/\\\/www.etiktech.fr\\\/wp-content\\\/uploads\\\/2024\\\/08\\\/cropped-logo-site-1.png\",\"contentUrl\":\"https:\\\/\\\/www.etiktech.fr\\\/wp-content\\\/uploads\\\/2024\\\/08\\\/cropped-logo-site-1.png\",\"width\":723,\"height\":108,\"caption\":\"Etiktech\"}]}<\/script>\n<!-- \/ Yoast SEO Premium plugin. -->","yoast_head_json":{"title":"Pastilles Adh\u00e9sives Fluo 10mm \u2013 Lot de 100 \u00c9tiquettes \u2013 Couleurs Fluorescentes (Rouge, Jaune, Orange, Vert) - Etiktech","description":"pastilles fluo adh\u00e9sives autocollantes rondes fluo mini 10mm sticker fluo couleur organisation bureau classement archives rangement cuisine bocaux conserves \u00e9ducation loisirs cr\u00e9atifs codage inventaire documents fournitures autocollant color\u00e9","robots":{"index":"index","follow":"follow","max-snippet":"max-snippet:-1","max-image-preview":"max-image-preview:large","max-video-preview":"max-video-preview:-1"},"canonical":"https:\/\/www.etiktech.fr\/fr\/produit\/pastilles-adhesives-fluo-10mm-lot-de-100-etiquettes-couleurs-fluorescentes-rouge-jaune-orange-vert-organisation-bureau-archives-maison-loisirs\/","og_locale":"fr_FR","og_type":"article","og_title":"Pastilles Adh\u00e9sives Fluo 10mm \u2013 Lot de 100 \u00c9tiquettes \u2013 Couleurs Fluorescentes (Rouge, Jaune, Orange, Vert)","og_description":"pastilles fluo adh\u00e9sives autocollantes rondes fluo mini 10mm sticker fluo couleur organisation bureau classement archives rangement cuisine bocaux conserves \u00e9ducation loisirs cr\u00e9atifs codage inventaire documents fournitures autocollant color\u00e9","og_url":"https:\/\/www.etiktech.fr\/fr\/produit\/pastilles-adhesives-fluo-10mm-lot-de-100-etiquettes-couleurs-fluorescentes-rouge-jaune-orange-vert-organisation-bureau-archives-maison-loisirs\/","og_site_name":"Etiktech","article_publisher":"https:\/\/www.facebook.com\/people\/Etiktech\/61570904671530\/?mibextid=ZbWKwL","article_modified_time":"2025-11-20T09:33:46+00:00","og_image":[{"width":2000,"height":2000,"url":"https:\/\/www.etiktech.fr\/wp-content\/uploads\/2025\/10\/Etiquettes-Adhesives-Fluo-75x25mm.jpg","type":"image\/jpeg"}],"twitter_card":"summary_large_image","twitter_misc":{"Dur\u00e9e de lecture estim\u00e9e":"1 minute"},"schema":{"@context":"https:\/\/schema.org","@graph":[{"@type":"WebPage","@id":"https:\/\/www.etiktech.fr\/produit\/pastilles-adhesives-fluo-10mm-lot-de-100-etiquettes-couleurs-fluorescentes-rouge-jaune-orange-vert-organisation-bureau-archives-maison-loisirs\/","url":"https:\/\/www.etiktech.fr\/produit\/pastilles-adhesives-fluo-10mm-lot-de-100-etiquettes-couleurs-fluorescentes-rouge-jaune-orange-vert-organisation-bureau-archives-maison-loisirs\/","name":"Pastilles Adh\u00e9sives Fluo 10mm \u2013 Lot de 100 \u00c9tiquettes \u2013 Couleurs Fluorescentes (Rouge, Jaune, Orange, Vert) - Etiktech","isPartOf":{"@id":"https:\/\/www.etiktech.fr\/#website"},"primaryImageOfPage":{"@id":"https:\/\/www.etiktech.fr\/produit\/pastilles-adhesives-fluo-10mm-lot-de-100-etiquettes-couleurs-fluorescentes-rouge-jaune-orange-vert-organisation-bureau-archives-maison-loisirs\/#primaryimage"},"image":{"@id":"https:\/\/www.etiktech.fr\/produit\/pastilles-adhesives-fluo-10mm-lot-de-100-etiquettes-couleurs-fluorescentes-rouge-jaune-orange-vert-organisation-bureau-archives-maison-loisirs\/#primaryimage"},"thumbnailUrl":"https:\/\/www.etiktech.fr\/wp-content\/uploads\/2025\/10\/Etiquettes-Adhesives-Fluo-75x25mm.jpg","datePublished":"2025-10-30T16:01:43+00:00","dateModified":"2025-11-20T09:33:46+00:00","description":"pastilles fluo adh\u00e9sives autocollantes rondes fluo mini 10mm sticker fluo couleur organisation bureau classement archives rangement cuisine bocaux conserves \u00e9ducation loisirs cr\u00e9atifs codage inventaire documents fournitures autocollant color\u00e9","breadcrumb":{"@id":"https:\/\/www.etiktech.fr\/produit\/pastilles-adhesives-fluo-10mm-lot-de-100-etiquettes-couleurs-fluorescentes-rouge-jaune-orange-vert-organisation-bureau-archives-maison-loisirs\/#breadcrumb"},"inLanguage":"fr-FR","potentialAction":[{"@type":"ReadAction","target":["https:\/\/www.etiktech.fr\/produit\/pastilles-adhesives-fluo-10mm-lot-de-100-etiquettes-couleurs-fluorescentes-rouge-jaune-orange-vert-organisation-bureau-archives-maison-loisirs\/"]}]},{"@type":"ImageObject","inLanguage":"fr-FR","@id":"https:\/\/www.etiktech.fr\/produit\/pastilles-adhesives-fluo-10mm-lot-de-100-etiquettes-couleurs-fluorescentes-rouge-jaune-orange-vert-organisation-bureau-archives-maison-loisirs\/#primaryimage","url":"https:\/\/www.etiktech.fr\/wp-content\/uploads\/2025\/10\/Etiquettes-Adhesives-Fluo-75x25mm.jpg","contentUrl":"https:\/\/www.etiktech.fr\/wp-content\/uploads\/2025\/10\/Etiquettes-Adhesives-Fluo-75x25mm.jpg","width":2000,"height":2000},{"@type":"BreadcrumbList","@id":"https:\/\/www.etiktech.fr\/produit\/pastilles-adhesives-fluo-10mm-lot-de-100-etiquettes-couleurs-fluorescentes-rouge-jaune-orange-vert-organisation-bureau-archives-maison-loisirs\/#breadcrumb","itemListElement":[{"@type":"ListItem","position":1,"name":"Accueil","item":"https:\/\/www.etiktech.fr\/fr\/"},{"@type":"ListItem","position":2,"name":"e-commerce","item":"https:\/\/www.etiktech.fr\/e-commerce\/"},{"@type":"ListItem","position":3,"name":"Pastilles Adh\u00e9sives Fluo 10mm \u2013 Lot de 100 \u00c9tiquettes \u2013 Couleurs Fluorescentes (Rouge, Jaune, Orange, Vert)"}]},{"@type":"WebSite","@id":"https:\/\/www.etiktech.fr\/#website","url":"https:\/\/www.etiktech.fr\/","name":"Etiktech","description":"YOUR PRODUCTS, OUR PACKAGING EXCELLENCE","publisher":{"@id":"https:\/\/www.etiktech.fr\/#organization"},"potentialAction":[{"@type":"SearchAction","target":{"@type":"EntryPoint","urlTemplate":"https:\/\/www.etiktech.fr\/?s={search_term_string}"},"query-input":{"@type":"PropertyValueSpecification","valueRequired":true,"valueName":"search_term_string"}}],"inLanguage":"fr-FR"},{"@type":["Organization","Place"],"@id":"https:\/\/www.etiktech.fr\/#organization","name":"Etiktech","alternateName":"Etiktech","url":"https:\/\/www.etiktech.fr\/","logo":{"@id":"https:\/\/www.etiktech.fr\/produit\/pastilles-adhesives-fluo-10mm-lot-de-100-etiquettes-couleurs-fluorescentes-rouge-jaune-orange-vert-organisation-bureau-archives-maison-loisirs\/#local-main-organization-logo"},"image":{"@id":"https:\/\/www.etiktech.fr\/produit\/pastilles-adhesives-fluo-10mm-lot-de-100-etiquettes-couleurs-fluorescentes-rouge-jaune-orange-vert-organisation-bureau-archives-maison-loisirs\/#local-main-organization-logo"},"sameAs":["https:\/\/www.facebook.com\/people\/Etiktech\/61570904671530\/?mibextid=ZbWKwL","https:\/\/www.linkedin.com\/company\/etiktech"],"telephone":[],"openingHoursSpecification":[{"@type":"OpeningHoursSpecification","dayOfWeek":["Monday","Tuesday","Wednesday","Thursday","Friday","Saturday","Sunday"],"opens":"09:00","closes":"17:00"}]},{"@type":"ImageObject","inLanguage":"fr-FR","@id":"https:\/\/www.etiktech.fr\/produit\/pastilles-adhesives-fluo-10mm-lot-de-100-etiquettes-couleurs-fluorescentes-rouge-jaune-orange-vert-organisation-bureau-archives-maison-loisirs\/#local-main-organization-logo","url":"https:\/\/www.etiktech.fr\/wp-content\/uploads\/2024\/08\/cropped-logo-site-1.png","contentUrl":"https:\/\/www.etiktech.fr\/wp-content\/uploads\/2024\/08\/cropped-logo-site-1.png","width":723,"height":108,"caption":"Etiktech"}]}},"jetpack_sharing_enabled":true,"_links":{"self":[{"href":"https:\/\/www.etiktech.fr\/fr\/wp-json\/wp\/v2\/product\/19986","targetHints":{"allow":["GET"]}}],"collection":[{"href":"https:\/\/www.etiktech.fr\/fr\/wp-json\/wp\/v2\/product"}],"about":[{"href":"https:\/\/www.etiktech.fr\/fr\/wp-json\/wp\/v2\/types\/product"}],"replies":[{"embeddable":true,"href":"https:\/\/www.etiktech.fr\/fr\/wp-json\/wp\/v2\/comments?post=19986"}],"wp:featuredmedia":[{"embeddable":true,"href":"https:\/\/www.etiktech.fr\/fr\/wp-json\/wp\/v2\/media\/19883"}],"wp:attachment":[{"href":"https:\/\/www.etiktech.fr\/fr\/wp-json\/wp\/v2\/media?parent=19986"}],"wp:term":[{"taxonomy":"product_brand","embeddable":true,"href":"https:\/\/www.etiktech.fr\/fr\/wp-json\/wp\/v2\/product_brand?post=19986"},{"taxonomy":"product_cat","embeddable":true,"href":"https:\/\/www.etiktech.fr\/fr\/wp-json\/wp\/v2\/product_cat?post=19986"},{"taxonomy":"product_tag","embeddable":true,"href":"https:\/\/www.etiktech.fr\/fr\/wp-json\/wp\/v2\/product_tag?post=19986"}],"curies":[{"name":"wp","href":"https:\/\/api.w.org\/{rel}","templated":true}]}}