{"id":19876,"date":"2025-10-27T11:32:50","date_gmt":"2025-10-27T10:32:50","guid":{"rendered":"https:\/\/www.etiktech.fr\/?post_type=product&#038;p=19876"},"modified":"2025-11-12T15:59:32","modified_gmt":"2025-11-12T14:59:32","slug":"pastilles-autocollantes-de-remise-20mm","status":"publish","type":"product","link":"https:\/\/www.etiktech.fr\/fr\/produit\/pastilles-autocollantes-de-remise-20mm\/","title":{"rendered":"Pastilles Autocollantes de Remise (%) 20mm"},"content":{"rendered":"<p><b><span data-contrast=\"auto\">Id\u00e9ales pour vos promotions<\/span><\/b><span data-contrast=\"auto\"> : gommettes rondes de 20 mm avec inscriptions claires <\/span><b><span data-contrast=\"auto\">30%, 50% et 70%<\/span><\/b><span data-contrast=\"auto\">, parfaites pour mettre en avant vos r\u00e9ductions.<\/span><span data-ccp-props=\"{&quot;134233117&quot;:true,&quot;134233118&quot;:true,&quot;201341983&quot;:0,&quot;335559740&quot;:240}\">\u00a0<\/span><\/p>\n<p><b><span data-contrast=\"auto\">Format pratique<\/span><\/b><span data-contrast=\"auto\"> : diam\u00e8tre 20 mm, visible mais discret sur les produits, emballages et rayons.<\/span><span data-ccp-props=\"{&quot;134233117&quot;:true,&quot;134233118&quot;:true,&quot;201341983&quot;:0,&quot;335559740&quot;:240}\">\u00a0<\/span><\/p>\n<p><b><span data-contrast=\"auto\">Pack \u00e9conomique<\/span><\/b><span data-contrast=\"auto\"> : 5 plaquettes de 64 pastilles (soit <\/span><b><span data-contrast=\"auto\">320 \u00e9tiquettes<\/span><\/b><span data-contrast=\"auto\"> au total).<\/span><span data-ccp-props=\"{&quot;134233117&quot;:true,&quot;134233118&quot;:true,&quot;201341983&quot;:0,&quot;335559740&quot;:240}\">\u00a0<\/span><\/p>\n<p><b><span data-contrast=\"auto\">R\u00e9partition des remises<\/span><\/b><span data-contrast=\"auto\"> : 2 lignes 50%, 3 lignes 30% et 3 lignes 70% par plaquette.<\/span><span data-ccp-props=\"{&quot;134233117&quot;:true,&quot;134233118&quot;:true,&quot;201341983&quot;:0,&quot;335559740&quot;:240}\">\u00a0<\/span><\/p>\n<p><b><span data-contrast=\"auto\">Multi-usages<\/span><\/b><span data-contrast=\"auto\"> : convient pour supermarch\u00e9s, boutiques, solderies, promotions saisonni\u00e8res, \u00e9v\u00e9nements commerciaux ou foires.<\/span><span data-ccp-props=\"{&quot;134233117&quot;:true,&quot;134233118&quot;:true,&quot;201341983&quot;:0,&quot;335559740&quot;:240}\">\u00a0<\/span><\/p>\n<p><b><span data-contrast=\"auto\">Papier blanc mat<\/span><\/b><span data-contrast=\"auto\"> : impression nette et r\u00e9sistante, compatible avec une utilisation professionnelle.<\/span><span data-ccp-props=\"{&quot;134233117&quot;:true,&quot;134233118&quot;:true,&quot;201341983&quot;:0,&quot;335559740&quot;:240}\">\u00a0<\/span><\/p>\n<p><span data-contrast=\"auto\">Mettez vos r\u00e9ductions en valeur et attirez l\u2019attention de vos clients avec ces <\/span><b><span data-contrast=\"auto\">pastilles autocollantes de remise (%) 20 mm<\/span><\/b><span data-contrast=\"auto\">.<\/span><br \/>\n<span data-contrast=\"auto\">Chaque gommette affiche clairement le pourcentage de r\u00e9duction (30%, 50% ou 70%) pour une visibilit\u00e9 imm\u00e9diate en rayon ou sur vos produits.<\/span><span data-ccp-props=\"{&quot;134233117&quot;:true,&quot;134233118&quot;:true,&quot;201341983&quot;:0,&quot;335559740&quot;:240}\">\u00a0<\/span><\/p>\n<p><span data-contrast=\"auto\">\u00a0<\/span><b><span data-contrast=\"auto\">Composition du pack<\/span><\/b><span data-contrast=\"auto\"> :<\/span><span data-ccp-props=\"{&quot;134233117&quot;:true,&quot;134233118&quot;:true,&quot;201341983&quot;:0,&quot;335559740&quot;:240}\">\u00a0<\/span><\/p>\n<p><span data-contrast=\"auto\">1 plaquette = <\/span><b><span data-contrast=\"auto\">64 gommettes<\/span><\/b><span data-contrast=\"auto\"> r\u00e9parties en :<\/span><span data-ccp-props=\"{&quot;134233117&quot;:true,&quot;134233118&quot;:true,&quot;201341983&quot;:0,&quot;335559685&quot;:720,&quot;335559740&quot;:240}\">\u00a0<\/span><\/p>\n<ul>\n<li aria-setsize=\"-1\" data-leveltext=\"o\" data-font=\"Courier New\" data-listid=\"10\" data-list-defn-props=\"{&quot;335552541&quot;:1,&quot;335559685&quot;:1440,&quot;335559991&quot;:360,&quot;469769226&quot;:&quot;Courier New&quot;,&quot;469769242&quot;:[9675],&quot;469777803&quot;:&quot;left&quot;,&quot;469777804&quot;:&quot;o&quot;,&quot;469777815&quot;:&quot;multilevel&quot;}\" data-aria-posinset=\"1\" data-aria-level=\"2\"><span data-contrast=\"auto\">2 lignes <\/span><b><span data-contrast=\"auto\">50% (couleur rouge et 50% en blanc)<\/span><\/b><span data-ccp-props=\"{&quot;134233117&quot;:true,&quot;134233118&quot;:true,&quot;201341983&quot;:0,&quot;335559740&quot;:240}\">\u00a0<\/span><\/li>\n<\/ul>\n<ul>\n<li aria-setsize=\"-1\" data-leveltext=\"o\" data-font=\"Courier New\" data-listid=\"10\" data-list-defn-props=\"{&quot;335552541&quot;:1,&quot;335559685&quot;:1440,&quot;335559991&quot;:360,&quot;469769226&quot;:&quot;Courier New&quot;,&quot;469769242&quot;:[9675],&quot;469777803&quot;:&quot;left&quot;,&quot;469777804&quot;:&quot;o&quot;,&quot;469777815&quot;:&quot;multilevel&quot;}\" data-aria-posinset=\"2\" data-aria-level=\"2\"><span data-contrast=\"auto\">3 lignes <\/span><b><span data-contrast=\"auto\">30% (couleur jaune et 30% en noir)<\/span><\/b><span data-ccp-props=\"{&quot;134233117&quot;:true,&quot;134233118&quot;:true,&quot;201341983&quot;:0,&quot;335559740&quot;:240}\">\u00a0<\/span><\/li>\n<\/ul>\n<ul>\n<li aria-setsize=\"-1\" data-leveltext=\"o\" data-font=\"Courier New\" data-listid=\"10\" data-list-defn-props=\"{&quot;335552541&quot;:1,&quot;335559685&quot;:1440,&quot;335559991&quot;:360,&quot;469769226&quot;:&quot;Courier New&quot;,&quot;469769242&quot;:[9675],&quot;469777803&quot;:&quot;left&quot;,&quot;469777804&quot;:&quot;o&quot;,&quot;469777815&quot;:&quot;multilevel&quot;}\" data-aria-posinset=\"3\" data-aria-level=\"2\"><span data-contrast=\"auto\">3 lignes <\/span><b><span data-contrast=\"auto\">70% (couleur noire et 70% en jaune)<\/span><\/b><span data-ccp-props=\"{&quot;134233117&quot;:true,&quot;134233118&quot;:true,&quot;201341983&quot;:0,&quot;335559740&quot;:240}\">\u00a0<\/span><\/li>\n<\/ul>\n<ul>\n<li aria-setsize=\"-1\" data-leveltext=\"\uf0b7\" data-font=\"Symbol\" data-listid=\"10\" data-list-defn-props=\"{&quot;335552541&quot;:1,&quot;335559685&quot;:720,&quot;335559991&quot;:360,&quot;469769226&quot;:&quot;Symbol&quot;,&quot;469769242&quot;:[8226],&quot;469777803&quot;:&quot;left&quot;,&quot;469777804&quot;:&quot;\uf0b7&quot;,&quot;469777815&quot;:&quot;multilevel&quot;}\" data-aria-posinset=\"2\" data-aria-level=\"1\"><span data-contrast=\"auto\">5 plaquettes = <\/span><b><span data-contrast=\"auto\">320 pastilles autocollantes<\/span><\/b><span data-contrast=\"auto\"> au total.<\/span><span data-ccp-props=\"{&quot;134233117&quot;:true,&quot;134233118&quot;:true,&quot;201341983&quot;:0,&quot;335559740&quot;:240}\">\u00a0<\/span><\/li>\n<\/ul>\n","protected":false},"excerpt":{"rendered":"<p>Id\u00e9ales pour vos promotions : gommettes rondes de 20 mm avec inscriptions claires 30%, 50% et 70%, parfaites pour mettre en avant vos r\u00e9ductions.\u00a0 Format pratique : diam\u00e8tre 20 mm,&hellip;<\/p>\n","protected":false},"featured_media":19877,"comment_status":"closed","ping_status":"closed","template":"","meta":[],"product_brand":[],"product_cat":[196],"product_tag":[200],"class_list":{"0":"post-19876","1":"product","2":"type-product","3":"status-publish","4":"has-post-thumbnail","6":"product_cat-etiquettes-autocollantes-imprimees","7":"product_tag-etiquettes-adhesives-promotionnelles","9":"first","10":"instock","11":"taxable","12":"shipping-taxable","13":"purchasable","14":"product-type-simple"},"yoast_head":"<!-- This site is optimized with the Yoast SEO Premium plugin v27.2 (Yoast SEO v27.3) - https:\/\/yoast.com\/product\/yoast-seo-premium-wordpress\/ -->\n<title>Pastilles Autocollantes de Remise (%) 20mm - Etiktech<\/title>\n<meta name=\"description\" content=\"Gommettes remise pourcentage pastilles autocollantes promo r\u00e9duction soldes d\u00e9stockage \u00e9tiquettes promotionnelles 30% 50% 70% commerce boutique supermarch\u00e9 sticker rond discount \u00e9tiquettes prix\" \/>\n<meta name=\"robots\" content=\"index, follow, max-snippet:-1, max-image-preview:large, max-video-preview:-1\" \/>\n<link rel=\"canonical\" href=\"https:\/\/www.etiktech.fr\/fr\/produit\/pastilles-autocollantes-de-remise-20mm\/\" \/>\n<meta property=\"og:locale\" content=\"fr_FR\" \/>\n<meta property=\"og:type\" content=\"article\" \/>\n<meta property=\"og:title\" content=\"Pastilles Autocollantes de Remise (%) 20mm\" \/>\n<meta property=\"og:description\" content=\"Gommettes remise pourcentage pastilles autocollantes promo r\u00e9duction soldes d\u00e9stockage \u00e9tiquettes promotionnelles 30% 50% 70% commerce boutique supermarch\u00e9 sticker rond discount \u00e9tiquettes prix\" \/>\n<meta property=\"og:url\" content=\"https:\/\/www.etiktech.fr\/fr\/produit\/pastilles-autocollantes-de-remise-20mm\/\" \/>\n<meta property=\"og:site_name\" content=\"Etiktech\" \/>\n<meta property=\"article:publisher\" content=\"https:\/\/www.facebook.com\/people\/Etiktech\/61570904671530\/?mibextid=ZbWKwL\" \/>\n<meta property=\"article:modified_time\" content=\"2025-11-12T14:59:32+00:00\" \/>\n<meta property=\"og:image\" content=\"https:\/\/www.etiktech.fr\/wp-content\/uploads\/2025\/10\/pastilles-de-remise-_1.jpg\" \/>\n\t<meta property=\"og:image:width\" content=\"2000\" \/>\n\t<meta property=\"og:image:height\" content=\"2000\" \/>\n\t<meta property=\"og:image:type\" content=\"image\/jpeg\" \/>\n<meta name=\"twitter:card\" content=\"summary_large_image\" \/>\n<meta name=\"twitter:label1\" content=\"Dur\u00e9e de lecture estim\u00e9e\" \/>\n\t<meta name=\"twitter:data1\" content=\"2 minutes\" \/>\n<script type=\"application\/ld+json\" class=\"yoast-schema-graph\">{\"@context\":\"https:\\\/\\\/schema.org\",\"@graph\":[{\"@type\":\"WebPage\",\"@id\":\"https:\\\/\\\/www.etiktech.fr\\\/produit\\\/pastilles-autocollantes-de-remise-20mm\\\/\",\"url\":\"https:\\\/\\\/www.etiktech.fr\\\/produit\\\/pastilles-autocollantes-de-remise-20mm\\\/\",\"name\":\"Pastilles Autocollantes de Remise (%) 20mm - Etiktech\",\"isPartOf\":{\"@id\":\"https:\\\/\\\/www.etiktech.fr\\\/#website\"},\"primaryImageOfPage\":{\"@id\":\"https:\\\/\\\/www.etiktech.fr\\\/produit\\\/pastilles-autocollantes-de-remise-20mm\\\/#primaryimage\"},\"image\":{\"@id\":\"https:\\\/\\\/www.etiktech.fr\\\/produit\\\/pastilles-autocollantes-de-remise-20mm\\\/#primaryimage\"},\"thumbnailUrl\":\"https:\\\/\\\/www.etiktech.fr\\\/wp-content\\\/uploads\\\/2025\\\/10\\\/pastilles-de-remise-_1.jpg\",\"datePublished\":\"2025-10-27T10:32:50+00:00\",\"dateModified\":\"2025-11-12T14:59:32+00:00\",\"description\":\"Gommettes remise pourcentage pastilles autocollantes promo r\u00e9duction soldes d\u00e9stockage \u00e9tiquettes promotionnelles 30% 50% 70% commerce boutique supermarch\u00e9 sticker rond discount \u00e9tiquettes prix\",\"breadcrumb\":{\"@id\":\"https:\\\/\\\/www.etiktech.fr\\\/produit\\\/pastilles-autocollantes-de-remise-20mm\\\/#breadcrumb\"},\"inLanguage\":\"fr-FR\",\"potentialAction\":[{\"@type\":\"ReadAction\",\"target\":[\"https:\\\/\\\/www.etiktech.fr\\\/produit\\\/pastilles-autocollantes-de-remise-20mm\\\/\"]}]},{\"@type\":\"ImageObject\",\"inLanguage\":\"fr-FR\",\"@id\":\"https:\\\/\\\/www.etiktech.fr\\\/produit\\\/pastilles-autocollantes-de-remise-20mm\\\/#primaryimage\",\"url\":\"https:\\\/\\\/www.etiktech.fr\\\/wp-content\\\/uploads\\\/2025\\\/10\\\/pastilles-de-remise-_1.jpg\",\"contentUrl\":\"https:\\\/\\\/www.etiktech.fr\\\/wp-content\\\/uploads\\\/2025\\\/10\\\/pastilles-de-remise-_1.jpg\",\"width\":2000,\"height\":2000},{\"@type\":\"BreadcrumbList\",\"@id\":\"https:\\\/\\\/www.etiktech.fr\\\/produit\\\/pastilles-autocollantes-de-remise-20mm\\\/#breadcrumb\",\"itemListElement\":[{\"@type\":\"ListItem\",\"position\":1,\"name\":\"Accueil\",\"item\":\"https:\\\/\\\/www.etiktech.fr\\\/fr\\\/\"},{\"@type\":\"ListItem\",\"position\":2,\"name\":\"e-commerce\",\"item\":\"https:\\\/\\\/www.etiktech.fr\\\/e-commerce\\\/\"},{\"@type\":\"ListItem\",\"position\":3,\"name\":\"Pastilles Autocollantes de Remise (%) 20mm\"}]},{\"@type\":\"WebSite\",\"@id\":\"https:\\\/\\\/www.etiktech.fr\\\/#website\",\"url\":\"https:\\\/\\\/www.etiktech.fr\\\/\",\"name\":\"Etiktech\",\"description\":\"YOUR PRODUCTS, OUR PACKAGING EXCELLENCE\",\"publisher\":{\"@id\":\"https:\\\/\\\/www.etiktech.fr\\\/#organization\"},\"potentialAction\":[{\"@type\":\"SearchAction\",\"target\":{\"@type\":\"EntryPoint\",\"urlTemplate\":\"https:\\\/\\\/www.etiktech.fr\\\/?s={search_term_string}\"},\"query-input\":{\"@type\":\"PropertyValueSpecification\",\"valueRequired\":true,\"valueName\":\"search_term_string\"}}],\"inLanguage\":\"fr-FR\"},{\"@type\":[\"Organization\",\"Place\"],\"@id\":\"https:\\\/\\\/www.etiktech.fr\\\/#organization\",\"name\":\"Etiktech\",\"alternateName\":\"Etiktech\",\"url\":\"https:\\\/\\\/www.etiktech.fr\\\/\",\"logo\":{\"@id\":\"https:\\\/\\\/www.etiktech.fr\\\/produit\\\/pastilles-autocollantes-de-remise-20mm\\\/#local-main-organization-logo\"},\"image\":{\"@id\":\"https:\\\/\\\/www.etiktech.fr\\\/produit\\\/pastilles-autocollantes-de-remise-20mm\\\/#local-main-organization-logo\"},\"sameAs\":[\"https:\\\/\\\/www.facebook.com\\\/people\\\/Etiktech\\\/61570904671530\\\/?mibextid=ZbWKwL\",\"https:\\\/\\\/www.linkedin.com\\\/company\\\/etiktech\"],\"telephone\":[],\"openingHoursSpecification\":[{\"@type\":\"OpeningHoursSpecification\",\"dayOfWeek\":[\"Monday\",\"Tuesday\",\"Wednesday\",\"Thursday\",\"Friday\",\"Saturday\",\"Sunday\"],\"opens\":\"09:00\",\"closes\":\"17:00\"}]},{\"@type\":\"ImageObject\",\"inLanguage\":\"fr-FR\",\"@id\":\"https:\\\/\\\/www.etiktech.fr\\\/produit\\\/pastilles-autocollantes-de-remise-20mm\\\/#local-main-organization-logo\",\"url\":\"https:\\\/\\\/www.etiktech.fr\\\/wp-content\\\/uploads\\\/2024\\\/08\\\/cropped-logo-site-1.png\",\"contentUrl\":\"https:\\\/\\\/www.etiktech.fr\\\/wp-content\\\/uploads\\\/2024\\\/08\\\/cropped-logo-site-1.png\",\"width\":723,\"height\":108,\"caption\":\"Etiktech\"}]}<\/script>\n<!-- \/ Yoast SEO Premium plugin. -->","yoast_head_json":{"title":"Pastilles Autocollantes de Remise (%) 20mm - Etiktech","description":"Gommettes remise pourcentage pastilles autocollantes promo r\u00e9duction soldes d\u00e9stockage \u00e9tiquettes promotionnelles 30% 50% 70% commerce boutique supermarch\u00e9 sticker rond discount \u00e9tiquettes prix","robots":{"index":"index","follow":"follow","max-snippet":"max-snippet:-1","max-image-preview":"max-image-preview:large","max-video-preview":"max-video-preview:-1"},"canonical":"https:\/\/www.etiktech.fr\/fr\/produit\/pastilles-autocollantes-de-remise-20mm\/","og_locale":"fr_FR","og_type":"article","og_title":"Pastilles Autocollantes de Remise (%) 20mm","og_description":"Gommettes remise pourcentage pastilles autocollantes promo r\u00e9duction soldes d\u00e9stockage \u00e9tiquettes promotionnelles 30% 50% 70% commerce boutique supermarch\u00e9 sticker rond discount \u00e9tiquettes prix","og_url":"https:\/\/www.etiktech.fr\/fr\/produit\/pastilles-autocollantes-de-remise-20mm\/","og_site_name":"Etiktech","article_publisher":"https:\/\/www.facebook.com\/people\/Etiktech\/61570904671530\/?mibextid=ZbWKwL","article_modified_time":"2025-11-12T14:59:32+00:00","og_image":[{"width":2000,"height":2000,"url":"https:\/\/www.etiktech.fr\/wp-content\/uploads\/2025\/10\/pastilles-de-remise-_1.jpg","type":"image\/jpeg"}],"twitter_card":"summary_large_image","twitter_misc":{"Dur\u00e9e de lecture estim\u00e9e":"2 minutes"},"schema":{"@context":"https:\/\/schema.org","@graph":[{"@type":"WebPage","@id":"https:\/\/www.etiktech.fr\/produit\/pastilles-autocollantes-de-remise-20mm\/","url":"https:\/\/www.etiktech.fr\/produit\/pastilles-autocollantes-de-remise-20mm\/","name":"Pastilles Autocollantes de Remise (%) 20mm - Etiktech","isPartOf":{"@id":"https:\/\/www.etiktech.fr\/#website"},"primaryImageOfPage":{"@id":"https:\/\/www.etiktech.fr\/produit\/pastilles-autocollantes-de-remise-20mm\/#primaryimage"},"image":{"@id":"https:\/\/www.etiktech.fr\/produit\/pastilles-autocollantes-de-remise-20mm\/#primaryimage"},"thumbnailUrl":"https:\/\/www.etiktech.fr\/wp-content\/uploads\/2025\/10\/pastilles-de-remise-_1.jpg","datePublished":"2025-10-27T10:32:50+00:00","dateModified":"2025-11-12T14:59:32+00:00","description":"Gommettes remise pourcentage pastilles autocollantes promo r\u00e9duction soldes d\u00e9stockage \u00e9tiquettes promotionnelles 30% 50% 70% commerce boutique supermarch\u00e9 sticker rond discount \u00e9tiquettes prix","breadcrumb":{"@id":"https:\/\/www.etiktech.fr\/produit\/pastilles-autocollantes-de-remise-20mm\/#breadcrumb"},"inLanguage":"fr-FR","potentialAction":[{"@type":"ReadAction","target":["https:\/\/www.etiktech.fr\/produit\/pastilles-autocollantes-de-remise-20mm\/"]}]},{"@type":"ImageObject","inLanguage":"fr-FR","@id":"https:\/\/www.etiktech.fr\/produit\/pastilles-autocollantes-de-remise-20mm\/#primaryimage","url":"https:\/\/www.etiktech.fr\/wp-content\/uploads\/2025\/10\/pastilles-de-remise-_1.jpg","contentUrl":"https:\/\/www.etiktech.fr\/wp-content\/uploads\/2025\/10\/pastilles-de-remise-_1.jpg","width":2000,"height":2000},{"@type":"BreadcrumbList","@id":"https:\/\/www.etiktech.fr\/produit\/pastilles-autocollantes-de-remise-20mm\/#breadcrumb","itemListElement":[{"@type":"ListItem","position":1,"name":"Accueil","item":"https:\/\/www.etiktech.fr\/fr\/"},{"@type":"ListItem","position":2,"name":"e-commerce","item":"https:\/\/www.etiktech.fr\/e-commerce\/"},{"@type":"ListItem","position":3,"name":"Pastilles Autocollantes de Remise (%) 20mm"}]},{"@type":"WebSite","@id":"https:\/\/www.etiktech.fr\/#website","url":"https:\/\/www.etiktech.fr\/","name":"Etiktech","description":"YOUR PRODUCTS, OUR PACKAGING EXCELLENCE","publisher":{"@id":"https:\/\/www.etiktech.fr\/#organization"},"potentialAction":[{"@type":"SearchAction","target":{"@type":"EntryPoint","urlTemplate":"https:\/\/www.etiktech.fr\/?s={search_term_string}"},"query-input":{"@type":"PropertyValueSpecification","valueRequired":true,"valueName":"search_term_string"}}],"inLanguage":"fr-FR"},{"@type":["Organization","Place"],"@id":"https:\/\/www.etiktech.fr\/#organization","name":"Etiktech","alternateName":"Etiktech","url":"https:\/\/www.etiktech.fr\/","logo":{"@id":"https:\/\/www.etiktech.fr\/produit\/pastilles-autocollantes-de-remise-20mm\/#local-main-organization-logo"},"image":{"@id":"https:\/\/www.etiktech.fr\/produit\/pastilles-autocollantes-de-remise-20mm\/#local-main-organization-logo"},"sameAs":["https:\/\/www.facebook.com\/people\/Etiktech\/61570904671530\/?mibextid=ZbWKwL","https:\/\/www.linkedin.com\/company\/etiktech"],"telephone":[],"openingHoursSpecification":[{"@type":"OpeningHoursSpecification","dayOfWeek":["Monday","Tuesday","Wednesday","Thursday","Friday","Saturday","Sunday"],"opens":"09:00","closes":"17:00"}]},{"@type":"ImageObject","inLanguage":"fr-FR","@id":"https:\/\/www.etiktech.fr\/produit\/pastilles-autocollantes-de-remise-20mm\/#local-main-organization-logo","url":"https:\/\/www.etiktech.fr\/wp-content\/uploads\/2024\/08\/cropped-logo-site-1.png","contentUrl":"https:\/\/www.etiktech.fr\/wp-content\/uploads\/2024\/08\/cropped-logo-site-1.png","width":723,"height":108,"caption":"Etiktech"}]}},"jetpack_sharing_enabled":true,"_links":{"self":[{"href":"https:\/\/www.etiktech.fr\/fr\/wp-json\/wp\/v2\/product\/19876","targetHints":{"allow":["GET"]}}],"collection":[{"href":"https:\/\/www.etiktech.fr\/fr\/wp-json\/wp\/v2\/product"}],"about":[{"href":"https:\/\/www.etiktech.fr\/fr\/wp-json\/wp\/v2\/types\/product"}],"replies":[{"embeddable":true,"href":"https:\/\/www.etiktech.fr\/fr\/wp-json\/wp\/v2\/comments?post=19876"}],"wp:featuredmedia":[{"embeddable":true,"href":"https:\/\/www.etiktech.fr\/fr\/wp-json\/wp\/v2\/media\/19877"}],"wp:attachment":[{"href":"https:\/\/www.etiktech.fr\/fr\/wp-json\/wp\/v2\/media?parent=19876"}],"wp:term":[{"taxonomy":"product_brand","embeddable":true,"href":"https:\/\/www.etiktech.fr\/fr\/wp-json\/wp\/v2\/product_brand?post=19876"},{"taxonomy":"product_cat","embeddable":true,"href":"https:\/\/www.etiktech.fr\/fr\/wp-json\/wp\/v2\/product_cat?post=19876"},{"taxonomy":"product_tag","embeddable":true,"href":"https:\/\/www.etiktech.fr\/fr\/wp-json\/wp\/v2\/product_tag?post=19876"}],"curies":[{"name":"wp","href":"https:\/\/api.w.org\/{rel}","templated":true}]}}