{"id":19222,"date":"2024-11-19T11:11:56","date_gmt":"2024-11-19T10:11:56","guid":{"rendered":"https:\/\/www.etiktech.fr\/?post_type=product&#038;p=19222"},"modified":"2025-11-11T00:32:56","modified_gmt":"2025-11-10T23:32:56","slug":"etiquette-vierge-100x150-mm-papier-blanc-mat-de-mandrin-76mm-1000-etiquettes-par-rouleau-compatibles-avec-les-imprimantes-thermiques","status":"publish","type":"product","link":"https:\/\/www.etiktech.fr\/fr\/produit\/etiquette-vierge-100x150-mm-papier-blanc-mat-de-mandrin-76mm-1000-etiquettes-par-rouleau-compatibles-avec-les-imprimantes-thermiques\/","title":{"rendered":"\u00c9tiquette vierge 100&#215;150 mm, papier blanc mat  de mandrin 76mm. 1000 \u00e9tiquettes par rouleau, compatibles avec les imprimantes thermiques."},"content":{"rendered":"<p>Taille :100x150mm<\/p>\n<p>Mandrin :76 mm<\/p>\n<p><span class=\"a-size-base a-text-bold\">Nombre d&rsquo;\u00e9tiquettes : <span class=\"a-size-base po-break-word\">1000<\/span><\/span><\/p>\n<p><span class=\"a-size-base a-text-bold\">Couleur : <span class=\"a-size-base po-break-word\">blanc<\/span><\/span><\/p>\n<p><span class=\"a-size-base a-text-bold\">Type de finition : <span class=\"a-size-base po-break-word\">mat en v\u00e9lin\u00a0<\/span><\/span><\/p>\n<p><span class=\"a-size-base a-text-bold\">Nombre d&rsquo;unit\u00e9s :<span class=\"a-size-base po-break-word\">1.0 unit\u00e9<\/span><\/span><\/p>\n<p>Compatible avec les imprimantes thermiques<\/p>\n","protected":false},"excerpt":{"rendered":"<h4>\u00c0 propos de cet article<\/h4>\n<p>Cette bobine d\u2019\u00e9tiquette thermique vierge <strong>mesure 100\u00d7150 mm en papier blanc mat v\u00e9lin<\/strong> avec un <strong>mandrin de 76 mm<\/strong> <strong>convient aux imprimantes thermiques<\/strong>. Cette bobine contient <strong>1000 \u00e9tiquettes<\/strong>.<\/p>\n<p>Id\u00e9ale pour l\u2019\u00e9tiquetage de produits, d\u2019emballages ou d\u2019objets, cette \u00e9tiquette offre une finition durable et une excellente adh\u00e9rence. Le <strong>mandrin de 76 mm<\/strong> permet une installation facile dans la plupart des imprimantes. Avec <strong>1000 \u00e9tiquettes par rouleau<\/strong>, elle est parfaite pour les entreprises ayant des besoins d\u2019\u00e9tiquetage r\u00e9guliers. <strong>Con\u00e7ue pour les imprimantes thermiques<\/strong>, elle garantit des impressions rapides et de qualit\u00e9.<\/p>\n","protected":false},"featured_media":19725,"comment_status":"closed","ping_status":"closed","template":"","meta":[],"product_brand":[],"product_cat":[188],"product_tag":[189],"class_list":{"0":"post-19222","1":"product","2":"type-product","3":"status-publish","4":"has-post-thumbnail","6":"product_cat-etiquettes-vierges","7":"product_tag-rouleau","9":"first","10":"instock","11":"taxable","12":"shipping-taxable","13":"purchasable","14":"product-type-simple"},"yoast_head":"<!-- This site is optimized with the Yoast SEO Premium plugin v27.2 (Yoast SEO v27.3) - https:\/\/yoast.com\/product\/yoast-seo-premium-wordpress\/ -->\n<title>\u00c9tiquette vierge 100x150 mm, papier blanc mat de mandrin 76mm. 1000 \u00e9tiquettes par rouleau, compatibles avec les imprimantes thermiques. - Etiktech<\/title>\n<meta name=\"description\" content=\"\u00c9tiquette vierge 100x150 mm, papier blanc mat de mandrin 76mm. 1000 \u00e9tiquettes par rouleau, compatibles avec les imprimantes thermiques.\" \/>\n<meta name=\"robots\" content=\"index, follow, max-snippet:-1, max-image-preview:large, max-video-preview:-1\" \/>\n<link rel=\"canonical\" href=\"https:\/\/www.etiktech.fr\/fr\/produit\/etiquette-vierge-100x150-mm-papier-blanc-mat-de-mandrin-76mm-1000-etiquettes-par-rouleau-compatibles-avec-les-imprimantes-thermiques\/\" \/>\n<meta property=\"og:locale\" content=\"fr_FR\" \/>\n<meta property=\"og:type\" content=\"article\" \/>\n<meta property=\"og:title\" content=\"\u00c9tiquette vierge 100x150 mm, papier blanc mat de mandrin 76mm. 1000 \u00e9tiquettes par rouleau, compatibles avec les imprimantes thermiques.\" \/>\n<meta property=\"og:description\" content=\"\u00c9tiquette vierge 100x150 mm, papier blanc mat de mandrin 76mm. 1000 \u00e9tiquettes par rouleau, compatibles avec les imprimantes thermiques.\" \/>\n<meta property=\"og:url\" content=\"https:\/\/www.etiktech.fr\/fr\/produit\/etiquette-vierge-100x150-mm-papier-blanc-mat-de-mandrin-76mm-1000-etiquettes-par-rouleau-compatibles-avec-les-imprimantes-thermiques\/\" \/>\n<meta property=\"og:site_name\" content=\"Etiktech\" \/>\n<meta property=\"article:publisher\" content=\"https:\/\/www.facebook.com\/people\/Etiktech\/61570904671530\/?mibextid=ZbWKwL\" \/>\n<meta property=\"article:modified_time\" content=\"2025-11-10T23:32:56+00:00\" \/>\n<meta property=\"og:image\" content=\"https:\/\/www.etiktech.fr\/wp-content\/uploads\/2024\/11\/mat100x150.jpg\" \/>\n\t<meta property=\"og:image:width\" content=\"2000\" \/>\n\t<meta property=\"og:image:height\" content=\"2000\" \/>\n\t<meta property=\"og:image:type\" content=\"image\/jpeg\" \/>\n<meta name=\"twitter:card\" content=\"summary_large_image\" \/>\n<meta name=\"twitter:label1\" content=\"Dur\u00e9e de lecture estim\u00e9e\" \/>\n\t<meta name=\"twitter:data1\" content=\"1 minute\" \/>\n<script type=\"application\/ld+json\" class=\"yoast-schema-graph\">{\"@context\":\"https:\\\/\\\/schema.org\",\"@graph\":[{\"@type\":\"WebPage\",\"@id\":\"https:\\\/\\\/www.etiktech.fr\\\/produit\\\/etiquette-vierge-100x150-mm-papier-blanc-mat-de-mandrin-76mm-1000-etiquettes-par-rouleau-compatibles-avec-les-imprimantes-thermiques\\\/\",\"url\":\"https:\\\/\\\/www.etiktech.fr\\\/produit\\\/etiquette-vierge-100x150-mm-papier-blanc-mat-de-mandrin-76mm-1000-etiquettes-par-rouleau-compatibles-avec-les-imprimantes-thermiques\\\/\",\"name\":\"\u00c9tiquette vierge 100x150 mm, papier blanc mat de mandrin 76mm. 1000 \u00e9tiquettes par rouleau, compatibles avec les imprimantes thermiques. - Etiktech\",\"isPartOf\":{\"@id\":\"https:\\\/\\\/www.etiktech.fr\\\/#website\"},\"primaryImageOfPage\":{\"@id\":\"https:\\\/\\\/www.etiktech.fr\\\/produit\\\/etiquette-vierge-100x150-mm-papier-blanc-mat-de-mandrin-76mm-1000-etiquettes-par-rouleau-compatibles-avec-les-imprimantes-thermiques\\\/#primaryimage\"},\"image\":{\"@id\":\"https:\\\/\\\/www.etiktech.fr\\\/produit\\\/etiquette-vierge-100x150-mm-papier-blanc-mat-de-mandrin-76mm-1000-etiquettes-par-rouleau-compatibles-avec-les-imprimantes-thermiques\\\/#primaryimage\"},\"thumbnailUrl\":\"https:\\\/\\\/www.etiktech.fr\\\/wp-content\\\/uploads\\\/2024\\\/11\\\/mat100x150.jpg\",\"datePublished\":\"2024-11-19T10:11:56+00:00\",\"dateModified\":\"2025-11-10T23:32:56+00:00\",\"description\":\"\u00c9tiquette vierge 100x150 mm, papier blanc mat de mandrin 76mm. 1000 \u00e9tiquettes par rouleau, compatibles avec les imprimantes thermiques.\",\"breadcrumb\":{\"@id\":\"https:\\\/\\\/www.etiktech.fr\\\/produit\\\/etiquette-vierge-100x150-mm-papier-blanc-mat-de-mandrin-76mm-1000-etiquettes-par-rouleau-compatibles-avec-les-imprimantes-thermiques\\\/#breadcrumb\"},\"inLanguage\":\"fr-FR\",\"potentialAction\":[{\"@type\":\"ReadAction\",\"target\":[\"https:\\\/\\\/www.etiktech.fr\\\/produit\\\/etiquette-vierge-100x150-mm-papier-blanc-mat-de-mandrin-76mm-1000-etiquettes-par-rouleau-compatibles-avec-les-imprimantes-thermiques\\\/\"]}]},{\"@type\":\"ImageObject\",\"inLanguage\":\"fr-FR\",\"@id\":\"https:\\\/\\\/www.etiktech.fr\\\/produit\\\/etiquette-vierge-100x150-mm-papier-blanc-mat-de-mandrin-76mm-1000-etiquettes-par-rouleau-compatibles-avec-les-imprimantes-thermiques\\\/#primaryimage\",\"url\":\"https:\\\/\\\/www.etiktech.fr\\\/wp-content\\\/uploads\\\/2024\\\/11\\\/mat100x150.jpg\",\"contentUrl\":\"https:\\\/\\\/www.etiktech.fr\\\/wp-content\\\/uploads\\\/2024\\\/11\\\/mat100x150.jpg\",\"width\":2000,\"height\":2000},{\"@type\":\"BreadcrumbList\",\"@id\":\"https:\\\/\\\/www.etiktech.fr\\\/produit\\\/etiquette-vierge-100x150-mm-papier-blanc-mat-de-mandrin-76mm-1000-etiquettes-par-rouleau-compatibles-avec-les-imprimantes-thermiques\\\/#breadcrumb\",\"itemListElement\":[{\"@type\":\"ListItem\",\"position\":1,\"name\":\"Accueil\",\"item\":\"https:\\\/\\\/www.etiktech.fr\\\/fr\\\/\"},{\"@type\":\"ListItem\",\"position\":2,\"name\":\"e-commerce\",\"item\":\"https:\\\/\\\/www.etiktech.fr\\\/e-commerce\\\/\"},{\"@type\":\"ListItem\",\"position\":3,\"name\":\"\u00c9tiquette vierge 100&#215;150 mm, papier blanc mat de mandrin 76mm. 1000 \u00e9tiquettes par rouleau, compatibles avec les imprimantes thermiques.\"}]},{\"@type\":\"WebSite\",\"@id\":\"https:\\\/\\\/www.etiktech.fr\\\/#website\",\"url\":\"https:\\\/\\\/www.etiktech.fr\\\/\",\"name\":\"Etiktech\",\"description\":\"YOUR PRODUCTS, OUR PACKAGING EXCELLENCE\",\"publisher\":{\"@id\":\"https:\\\/\\\/www.etiktech.fr\\\/#organization\"},\"potentialAction\":[{\"@type\":\"SearchAction\",\"target\":{\"@type\":\"EntryPoint\",\"urlTemplate\":\"https:\\\/\\\/www.etiktech.fr\\\/?s={search_term_string}\"},\"query-input\":{\"@type\":\"PropertyValueSpecification\",\"valueRequired\":true,\"valueName\":\"search_term_string\"}}],\"inLanguage\":\"fr-FR\"},{\"@type\":[\"Organization\",\"Place\"],\"@id\":\"https:\\\/\\\/www.etiktech.fr\\\/#organization\",\"name\":\"Etiktech\",\"alternateName\":\"Etiktech\",\"url\":\"https:\\\/\\\/www.etiktech.fr\\\/\",\"logo\":{\"@id\":\"https:\\\/\\\/www.etiktech.fr\\\/produit\\\/etiquette-vierge-100x150-mm-papier-blanc-mat-de-mandrin-76mm-1000-etiquettes-par-rouleau-compatibles-avec-les-imprimantes-thermiques\\\/#local-main-organization-logo\"},\"image\":{\"@id\":\"https:\\\/\\\/www.etiktech.fr\\\/produit\\\/etiquette-vierge-100x150-mm-papier-blanc-mat-de-mandrin-76mm-1000-etiquettes-par-rouleau-compatibles-avec-les-imprimantes-thermiques\\\/#local-main-organization-logo\"},\"sameAs\":[\"https:\\\/\\\/www.facebook.com\\\/people\\\/Etiktech\\\/61570904671530\\\/?mibextid=ZbWKwL\",\"https:\\\/\\\/www.linkedin.com\\\/company\\\/etiktech\"],\"telephone\":[],\"openingHoursSpecification\":[{\"@type\":\"OpeningHoursSpecification\",\"dayOfWeek\":[\"Monday\",\"Tuesday\",\"Wednesday\",\"Thursday\",\"Friday\",\"Saturday\",\"Sunday\"],\"opens\":\"09:00\",\"closes\":\"17:00\"}]},{\"@type\":\"ImageObject\",\"inLanguage\":\"fr-FR\",\"@id\":\"https:\\\/\\\/www.etiktech.fr\\\/produit\\\/etiquette-vierge-100x150-mm-papier-blanc-mat-de-mandrin-76mm-1000-etiquettes-par-rouleau-compatibles-avec-les-imprimantes-thermiques\\\/#local-main-organization-logo\",\"url\":\"https:\\\/\\\/www.etiktech.fr\\\/wp-content\\\/uploads\\\/2024\\\/08\\\/cropped-logo-site-1.png\",\"contentUrl\":\"https:\\\/\\\/www.etiktech.fr\\\/wp-content\\\/uploads\\\/2024\\\/08\\\/cropped-logo-site-1.png\",\"width\":723,\"height\":108,\"caption\":\"Etiktech\"}]}<\/script>\n<!-- \/ Yoast SEO Premium plugin. -->","yoast_head_json":{"title":"\u00c9tiquette vierge 100x150 mm, papier blanc mat de mandrin 76mm. 1000 \u00e9tiquettes par rouleau, compatibles avec les imprimantes thermiques. - Etiktech","description":"\u00c9tiquette vierge 100x150 mm, papier blanc mat de mandrin 76mm. 1000 \u00e9tiquettes par rouleau, compatibles avec les imprimantes thermiques.","robots":{"index":"index","follow":"follow","max-snippet":"max-snippet:-1","max-image-preview":"max-image-preview:large","max-video-preview":"max-video-preview:-1"},"canonical":"https:\/\/www.etiktech.fr\/fr\/produit\/etiquette-vierge-100x150-mm-papier-blanc-mat-de-mandrin-76mm-1000-etiquettes-par-rouleau-compatibles-avec-les-imprimantes-thermiques\/","og_locale":"fr_FR","og_type":"article","og_title":"\u00c9tiquette vierge 100x150 mm, papier blanc mat de mandrin 76mm. 1000 \u00e9tiquettes par rouleau, compatibles avec les imprimantes thermiques.","og_description":"\u00c9tiquette vierge 100x150 mm, papier blanc mat de mandrin 76mm. 1000 \u00e9tiquettes par rouleau, compatibles avec les imprimantes thermiques.","og_url":"https:\/\/www.etiktech.fr\/fr\/produit\/etiquette-vierge-100x150-mm-papier-blanc-mat-de-mandrin-76mm-1000-etiquettes-par-rouleau-compatibles-avec-les-imprimantes-thermiques\/","og_site_name":"Etiktech","article_publisher":"https:\/\/www.facebook.com\/people\/Etiktech\/61570904671530\/?mibextid=ZbWKwL","article_modified_time":"2025-11-10T23:32:56+00:00","og_image":[{"width":2000,"height":2000,"url":"https:\/\/www.etiktech.fr\/wp-content\/uploads\/2024\/11\/mat100x150.jpg","type":"image\/jpeg"}],"twitter_card":"summary_large_image","twitter_misc":{"Dur\u00e9e de lecture estim\u00e9e":"1 minute"},"schema":{"@context":"https:\/\/schema.org","@graph":[{"@type":"WebPage","@id":"https:\/\/www.etiktech.fr\/produit\/etiquette-vierge-100x150-mm-papier-blanc-mat-de-mandrin-76mm-1000-etiquettes-par-rouleau-compatibles-avec-les-imprimantes-thermiques\/","url":"https:\/\/www.etiktech.fr\/produit\/etiquette-vierge-100x150-mm-papier-blanc-mat-de-mandrin-76mm-1000-etiquettes-par-rouleau-compatibles-avec-les-imprimantes-thermiques\/","name":"\u00c9tiquette vierge 100x150 mm, papier blanc mat de mandrin 76mm. 1000 \u00e9tiquettes par rouleau, compatibles avec les imprimantes thermiques. - Etiktech","isPartOf":{"@id":"https:\/\/www.etiktech.fr\/#website"},"primaryImageOfPage":{"@id":"https:\/\/www.etiktech.fr\/produit\/etiquette-vierge-100x150-mm-papier-blanc-mat-de-mandrin-76mm-1000-etiquettes-par-rouleau-compatibles-avec-les-imprimantes-thermiques\/#primaryimage"},"image":{"@id":"https:\/\/www.etiktech.fr\/produit\/etiquette-vierge-100x150-mm-papier-blanc-mat-de-mandrin-76mm-1000-etiquettes-par-rouleau-compatibles-avec-les-imprimantes-thermiques\/#primaryimage"},"thumbnailUrl":"https:\/\/www.etiktech.fr\/wp-content\/uploads\/2024\/11\/mat100x150.jpg","datePublished":"2024-11-19T10:11:56+00:00","dateModified":"2025-11-10T23:32:56+00:00","description":"\u00c9tiquette vierge 100x150 mm, papier blanc mat de mandrin 76mm. 1000 \u00e9tiquettes par rouleau, compatibles avec les imprimantes thermiques.","breadcrumb":{"@id":"https:\/\/www.etiktech.fr\/produit\/etiquette-vierge-100x150-mm-papier-blanc-mat-de-mandrin-76mm-1000-etiquettes-par-rouleau-compatibles-avec-les-imprimantes-thermiques\/#breadcrumb"},"inLanguage":"fr-FR","potentialAction":[{"@type":"ReadAction","target":["https:\/\/www.etiktech.fr\/produit\/etiquette-vierge-100x150-mm-papier-blanc-mat-de-mandrin-76mm-1000-etiquettes-par-rouleau-compatibles-avec-les-imprimantes-thermiques\/"]}]},{"@type":"ImageObject","inLanguage":"fr-FR","@id":"https:\/\/www.etiktech.fr\/produit\/etiquette-vierge-100x150-mm-papier-blanc-mat-de-mandrin-76mm-1000-etiquettes-par-rouleau-compatibles-avec-les-imprimantes-thermiques\/#primaryimage","url":"https:\/\/www.etiktech.fr\/wp-content\/uploads\/2024\/11\/mat100x150.jpg","contentUrl":"https:\/\/www.etiktech.fr\/wp-content\/uploads\/2024\/11\/mat100x150.jpg","width":2000,"height":2000},{"@type":"BreadcrumbList","@id":"https:\/\/www.etiktech.fr\/produit\/etiquette-vierge-100x150-mm-papier-blanc-mat-de-mandrin-76mm-1000-etiquettes-par-rouleau-compatibles-avec-les-imprimantes-thermiques\/#breadcrumb","itemListElement":[{"@type":"ListItem","position":1,"name":"Accueil","item":"https:\/\/www.etiktech.fr\/fr\/"},{"@type":"ListItem","position":2,"name":"e-commerce","item":"https:\/\/www.etiktech.fr\/e-commerce\/"},{"@type":"ListItem","position":3,"name":"\u00c9tiquette vierge 100&#215;150 mm, papier blanc mat de mandrin 76mm. 1000 \u00e9tiquettes par rouleau, compatibles avec les imprimantes thermiques."}]},{"@type":"WebSite","@id":"https:\/\/www.etiktech.fr\/#website","url":"https:\/\/www.etiktech.fr\/","name":"Etiktech","description":"YOUR PRODUCTS, OUR PACKAGING EXCELLENCE","publisher":{"@id":"https:\/\/www.etiktech.fr\/#organization"},"potentialAction":[{"@type":"SearchAction","target":{"@type":"EntryPoint","urlTemplate":"https:\/\/www.etiktech.fr\/?s={search_term_string}"},"query-input":{"@type":"PropertyValueSpecification","valueRequired":true,"valueName":"search_term_string"}}],"inLanguage":"fr-FR"},{"@type":["Organization","Place"],"@id":"https:\/\/www.etiktech.fr\/#organization","name":"Etiktech","alternateName":"Etiktech","url":"https:\/\/www.etiktech.fr\/","logo":{"@id":"https:\/\/www.etiktech.fr\/produit\/etiquette-vierge-100x150-mm-papier-blanc-mat-de-mandrin-76mm-1000-etiquettes-par-rouleau-compatibles-avec-les-imprimantes-thermiques\/#local-main-organization-logo"},"image":{"@id":"https:\/\/www.etiktech.fr\/produit\/etiquette-vierge-100x150-mm-papier-blanc-mat-de-mandrin-76mm-1000-etiquettes-par-rouleau-compatibles-avec-les-imprimantes-thermiques\/#local-main-organization-logo"},"sameAs":["https:\/\/www.facebook.com\/people\/Etiktech\/61570904671530\/?mibextid=ZbWKwL","https:\/\/www.linkedin.com\/company\/etiktech"],"telephone":[],"openingHoursSpecification":[{"@type":"OpeningHoursSpecification","dayOfWeek":["Monday","Tuesday","Wednesday","Thursday","Friday","Saturday","Sunday"],"opens":"09:00","closes":"17:00"}]},{"@type":"ImageObject","inLanguage":"fr-FR","@id":"https:\/\/www.etiktech.fr\/produit\/etiquette-vierge-100x150-mm-papier-blanc-mat-de-mandrin-76mm-1000-etiquettes-par-rouleau-compatibles-avec-les-imprimantes-thermiques\/#local-main-organization-logo","url":"https:\/\/www.etiktech.fr\/wp-content\/uploads\/2024\/08\/cropped-logo-site-1.png","contentUrl":"https:\/\/www.etiktech.fr\/wp-content\/uploads\/2024\/08\/cropped-logo-site-1.png","width":723,"height":108,"caption":"Etiktech"}]}},"jetpack_sharing_enabled":true,"_links":{"self":[{"href":"https:\/\/www.etiktech.fr\/fr\/wp-json\/wp\/v2\/product\/19222","targetHints":{"allow":["GET"]}}],"collection":[{"href":"https:\/\/www.etiktech.fr\/fr\/wp-json\/wp\/v2\/product"}],"about":[{"href":"https:\/\/www.etiktech.fr\/fr\/wp-json\/wp\/v2\/types\/product"}],"replies":[{"embeddable":true,"href":"https:\/\/www.etiktech.fr\/fr\/wp-json\/wp\/v2\/comments?post=19222"}],"wp:featuredmedia":[{"embeddable":true,"href":"https:\/\/www.etiktech.fr\/fr\/wp-json\/wp\/v2\/media\/19725"}],"wp:attachment":[{"href":"https:\/\/www.etiktech.fr\/fr\/wp-json\/wp\/v2\/media?parent=19222"}],"wp:term":[{"taxonomy":"product_brand","embeddable":true,"href":"https:\/\/www.etiktech.fr\/fr\/wp-json\/wp\/v2\/product_brand?post=19222"},{"taxonomy":"product_cat","embeddable":true,"href":"https:\/\/www.etiktech.fr\/fr\/wp-json\/wp\/v2\/product_cat?post=19222"},{"taxonomy":"product_tag","embeddable":true,"href":"https:\/\/www.etiktech.fr\/fr\/wp-json\/wp\/v2\/product_tag?post=19222"}],"curies":[{"name":"wp","href":"https:\/\/api.w.org\/{rel}","templated":true}]}}