{"id":19214,"date":"2024-11-14T16:57:13","date_gmt":"2024-11-14T15:57:13","guid":{"rendered":"https:\/\/www.etiktech.fr\/?post_type=product&#038;p=19214"},"modified":"2025-11-12T16:32:47","modified_gmt":"2025-11-12T15:32:47","slug":"etiktech-ruban-transfert-thermique-1-rouleau-de-ruban-en-resine-pour-etiquettes-adhesives-compatible-avec-toutes-les-imprimantes-thermiques-110mmx74ml","status":"publish","type":"product","link":"https:\/\/www.etiktech.fr\/fr\/produit\/etiktech-ruban-transfert-thermique-1-rouleau-de-ruban-en-resine-pour-etiquettes-adhesives-compatible-avec-toutes-les-imprimantes-thermiques-110mmx74ml\/","title":{"rendered":"Ruban transfert thermique 1 rouleau de ruban en r\u00e9sine pour \u00e9tiquettes adh\u00e9sives. Compatible avec toutes les imprimantes thermiques. (110mmx74mL)"},"content":{"rendered":"<p><span class=\"a-size-base a-text-bold\">Couleur : <\/span><span class=\"a-size-base po-break-word\">noir<\/span><\/p>\n<p><span class=\"a-size-base a-text-bold\">Taille : <\/span><span class=\"a-size-base po-break-word\">110mmx74mL<\/span><\/p>\n<p><span class=\"a-size-base a-text-bold\">Mat\u00e9riau : <\/span><span class=\"a-size-base po-break-word\">r\u00e9sine<\/span><\/p>\n<p><span class=\"a-size-base a-text-bold\">Marque : <\/span><span class=\"a-size-base po-break-word\">ETIKTECH<\/span><\/p>\n<p><span class=\"a-size-base a-text-bold\">Nombre d&rsquo;unit\u00e9s : <\/span><span class=\"a-size-base po-break-word\">1.0 unit\u00e9<\/span><\/p>\n<p><span class=\"a-size-base a-text-bold\">Fabricant : <\/span><span class=\"a-size-base po-break-word\">ETIKTECH<\/span><\/p>\n","protected":false},"excerpt":{"rendered":"<h4 class=\"a-size-base-plus a-text-bold\">\u00c0 propos de cet article<\/h4>\n<p>Ce <strong>rouleau de ruban transfert thermique en r\u00e9sine<\/strong>, d\u2019une <strong>largeur de 110 mm et d&rsquo;une longueur de 74 ml,<\/strong> est <strong>compatible avec toutes les imprimantes thermiques<\/strong>.<\/p>\n<p>Il permet d&rsquo;obtenir des impressions nettes et durables, avec des textes et des graphiques clairs, offrant une haute densit\u00e9 pour une meilleure lisibilit\u00e9 et une plus grande long\u00e9vit\u00e9. Sa conception en trois couches, incluant une couche arri\u00e8re antistatique, r\u00e9duit la friction et prot\u00e8ge la t\u00eate d\u2019impression tout en \u00e9tant r\u00e9sistant aux rayures. L\u00e9ger et compact, ce produit s\u2019installe facilement en quelques minutes.<\/p>\n","protected":false},"featured_media":19731,"comment_status":"open","ping_status":"closed","template":"","meta":[],"product_brand":[],"product_cat":[193],"product_tag":[189],"class_list":{"0":"post-19214","1":"product","2":"type-product","3":"status-publish","4":"has-post-thumbnail","6":"product_cat-ruban-transfert-thermique","7":"product_tag-rouleau","9":"first","10":"instock","11":"taxable","12":"shipping-taxable","13":"purchasable","14":"product-type-simple"},"yoast_head":"<!-- This site is optimized with the Yoast SEO Premium plugin v27.2 (Yoast SEO v27.3) - https:\/\/yoast.com\/product\/yoast-seo-premium-wordpress\/ -->\n<title>Ruban transfert thermique 1 rouleau de ruban en r\u00e9sine pour \u00e9tiquettes adh\u00e9sives. Compatible avec toutes les imprimantes thermiques. (110mmx74mL) - Etiktech<\/title>\n<meta name=\"description\" content=\"ETIKTECH - Ruban transfert thermique 1 rouleau de ruban en r\u00e9sine pour \u00e9tiquettes adh\u00e9sives. Compatible avec toutes les imprimantes thermiques. (110mmx74mL)\" \/>\n<meta name=\"robots\" content=\"index, follow, max-snippet:-1, max-image-preview:large, max-video-preview:-1\" \/>\n<link rel=\"canonical\" href=\"https:\/\/www.etiktech.fr\/fr\/produit\/etiktech-ruban-transfert-thermique-1-rouleau-de-ruban-en-resine-pour-etiquettes-adhesives-compatible-avec-toutes-les-imprimantes-thermiques-110mmx74ml\/\" \/>\n<meta property=\"og:locale\" content=\"fr_FR\" \/>\n<meta property=\"og:type\" content=\"article\" \/>\n<meta property=\"og:title\" content=\"Ruban transfert thermique 1 rouleau de ruban en r\u00e9sine pour \u00e9tiquettes adh\u00e9sives. Compatible avec toutes les imprimantes thermiques. (110mmx74mL)\" \/>\n<meta property=\"og:description\" content=\"ETIKTECH - Ruban transfert thermique 1 rouleau de ruban en r\u00e9sine pour \u00e9tiquettes adh\u00e9sives. Compatible avec toutes les imprimantes thermiques. (110mmx74mL)\" \/>\n<meta property=\"og:url\" content=\"https:\/\/www.etiktech.fr\/fr\/produit\/etiktech-ruban-transfert-thermique-1-rouleau-de-ruban-en-resine-pour-etiquettes-adhesives-compatible-avec-toutes-les-imprimantes-thermiques-110mmx74ml\/\" \/>\n<meta property=\"og:site_name\" content=\"Etiktech\" \/>\n<meta property=\"article:publisher\" content=\"https:\/\/www.facebook.com\/people\/Etiktech\/61570904671530\/?mibextid=ZbWKwL\" \/>\n<meta property=\"article:modified_time\" content=\"2025-11-12T15:32:47+00:00\" \/>\n<meta property=\"og:image\" content=\"https:\/\/www.etiktech.fr\/wp-content\/uploads\/2024\/11\/100x74.jpg\" \/>\n\t<meta property=\"og:image:width\" content=\"2000\" \/>\n\t<meta property=\"og:image:height\" content=\"2000\" \/>\n\t<meta property=\"og:image:type\" content=\"image\/jpeg\" \/>\n<meta name=\"twitter:card\" content=\"summary_large_image\" \/>\n<meta name=\"twitter:label1\" content=\"Dur\u00e9e de lecture estim\u00e9e\" \/>\n\t<meta name=\"twitter:data1\" content=\"1 minute\" \/>\n<script type=\"application\/ld+json\" class=\"yoast-schema-graph\">{\"@context\":\"https:\\\/\\\/schema.org\",\"@graph\":[{\"@type\":\"WebPage\",\"@id\":\"https:\\\/\\\/www.etiktech.fr\\\/produit\\\/etiktech-ruban-transfert-thermique-1-rouleau-de-ruban-en-resine-pour-etiquettes-adhesives-compatible-avec-toutes-les-imprimantes-thermiques-110mmx74ml\\\/\",\"url\":\"https:\\\/\\\/www.etiktech.fr\\\/produit\\\/etiktech-ruban-transfert-thermique-1-rouleau-de-ruban-en-resine-pour-etiquettes-adhesives-compatible-avec-toutes-les-imprimantes-thermiques-110mmx74ml\\\/\",\"name\":\"Ruban transfert thermique 1 rouleau de ruban en r\u00e9sine pour \u00e9tiquettes adh\u00e9sives. Compatible avec toutes les imprimantes thermiques. (110mmx74mL) - Etiktech\",\"isPartOf\":{\"@id\":\"https:\\\/\\\/www.etiktech.fr\\\/#website\"},\"primaryImageOfPage\":{\"@id\":\"https:\\\/\\\/www.etiktech.fr\\\/produit\\\/etiktech-ruban-transfert-thermique-1-rouleau-de-ruban-en-resine-pour-etiquettes-adhesives-compatible-avec-toutes-les-imprimantes-thermiques-110mmx74ml\\\/#primaryimage\"},\"image\":{\"@id\":\"https:\\\/\\\/www.etiktech.fr\\\/produit\\\/etiktech-ruban-transfert-thermique-1-rouleau-de-ruban-en-resine-pour-etiquettes-adhesives-compatible-avec-toutes-les-imprimantes-thermiques-110mmx74ml\\\/#primaryimage\"},\"thumbnailUrl\":\"https:\\\/\\\/www.etiktech.fr\\\/wp-content\\\/uploads\\\/2024\\\/11\\\/100x74.jpg\",\"datePublished\":\"2024-11-14T15:57:13+00:00\",\"dateModified\":\"2025-11-12T15:32:47+00:00\",\"description\":\"ETIKTECH - Ruban transfert thermique 1 rouleau de ruban en r\u00e9sine pour \u00e9tiquettes adh\u00e9sives. Compatible avec toutes les imprimantes thermiques. (110mmx74mL)\",\"breadcrumb\":{\"@id\":\"https:\\\/\\\/www.etiktech.fr\\\/produit\\\/etiktech-ruban-transfert-thermique-1-rouleau-de-ruban-en-resine-pour-etiquettes-adhesives-compatible-avec-toutes-les-imprimantes-thermiques-110mmx74ml\\\/#breadcrumb\"},\"inLanguage\":\"fr-FR\",\"potentialAction\":[{\"@type\":\"ReadAction\",\"target\":[\"https:\\\/\\\/www.etiktech.fr\\\/produit\\\/etiktech-ruban-transfert-thermique-1-rouleau-de-ruban-en-resine-pour-etiquettes-adhesives-compatible-avec-toutes-les-imprimantes-thermiques-110mmx74ml\\\/\"]}]},{\"@type\":\"ImageObject\",\"inLanguage\":\"fr-FR\",\"@id\":\"https:\\\/\\\/www.etiktech.fr\\\/produit\\\/etiktech-ruban-transfert-thermique-1-rouleau-de-ruban-en-resine-pour-etiquettes-adhesives-compatible-avec-toutes-les-imprimantes-thermiques-110mmx74ml\\\/#primaryimage\",\"url\":\"https:\\\/\\\/www.etiktech.fr\\\/wp-content\\\/uploads\\\/2024\\\/11\\\/100x74.jpg\",\"contentUrl\":\"https:\\\/\\\/www.etiktech.fr\\\/wp-content\\\/uploads\\\/2024\\\/11\\\/100x74.jpg\",\"width\":2000,\"height\":2000},{\"@type\":\"BreadcrumbList\",\"@id\":\"https:\\\/\\\/www.etiktech.fr\\\/produit\\\/etiktech-ruban-transfert-thermique-1-rouleau-de-ruban-en-resine-pour-etiquettes-adhesives-compatible-avec-toutes-les-imprimantes-thermiques-110mmx74ml\\\/#breadcrumb\",\"itemListElement\":[{\"@type\":\"ListItem\",\"position\":1,\"name\":\"Accueil\",\"item\":\"https:\\\/\\\/www.etiktech.fr\\\/fr\\\/\"},{\"@type\":\"ListItem\",\"position\":2,\"name\":\"e-commerce\",\"item\":\"https:\\\/\\\/www.etiktech.fr\\\/e-commerce\\\/\"},{\"@type\":\"ListItem\",\"position\":3,\"name\":\"Ruban transfert thermique 1 rouleau de ruban en r\u00e9sine pour \u00e9tiquettes adh\u00e9sives. Compatible avec toutes les imprimantes thermiques. (110mmx74mL)\"}]},{\"@type\":\"WebSite\",\"@id\":\"https:\\\/\\\/www.etiktech.fr\\\/#website\",\"url\":\"https:\\\/\\\/www.etiktech.fr\\\/\",\"name\":\"Etiktech\",\"description\":\"YOUR PRODUCTS, OUR PACKAGING EXCELLENCE\",\"publisher\":{\"@id\":\"https:\\\/\\\/www.etiktech.fr\\\/#organization\"},\"potentialAction\":[{\"@type\":\"SearchAction\",\"target\":{\"@type\":\"EntryPoint\",\"urlTemplate\":\"https:\\\/\\\/www.etiktech.fr\\\/?s={search_term_string}\"},\"query-input\":{\"@type\":\"PropertyValueSpecification\",\"valueRequired\":true,\"valueName\":\"search_term_string\"}}],\"inLanguage\":\"fr-FR\"},{\"@type\":[\"Organization\",\"Place\"],\"@id\":\"https:\\\/\\\/www.etiktech.fr\\\/#organization\",\"name\":\"Etiktech\",\"alternateName\":\"Etiktech\",\"url\":\"https:\\\/\\\/www.etiktech.fr\\\/\",\"logo\":{\"@id\":\"https:\\\/\\\/www.etiktech.fr\\\/produit\\\/etiktech-ruban-transfert-thermique-1-rouleau-de-ruban-en-resine-pour-etiquettes-adhesives-compatible-avec-toutes-les-imprimantes-thermiques-110mmx74ml\\\/#local-main-organization-logo\"},\"image\":{\"@id\":\"https:\\\/\\\/www.etiktech.fr\\\/produit\\\/etiktech-ruban-transfert-thermique-1-rouleau-de-ruban-en-resine-pour-etiquettes-adhesives-compatible-avec-toutes-les-imprimantes-thermiques-110mmx74ml\\\/#local-main-organization-logo\"},\"sameAs\":[\"https:\\\/\\\/www.facebook.com\\\/people\\\/Etiktech\\\/61570904671530\\\/?mibextid=ZbWKwL\",\"https:\\\/\\\/www.linkedin.com\\\/company\\\/etiktech\"],\"telephone\":[],\"openingHoursSpecification\":[{\"@type\":\"OpeningHoursSpecification\",\"dayOfWeek\":[\"Monday\",\"Tuesday\",\"Wednesday\",\"Thursday\",\"Friday\",\"Saturday\",\"Sunday\"],\"opens\":\"09:00\",\"closes\":\"17:00\"}]},{\"@type\":\"ImageObject\",\"inLanguage\":\"fr-FR\",\"@id\":\"https:\\\/\\\/www.etiktech.fr\\\/produit\\\/etiktech-ruban-transfert-thermique-1-rouleau-de-ruban-en-resine-pour-etiquettes-adhesives-compatible-avec-toutes-les-imprimantes-thermiques-110mmx74ml\\\/#local-main-organization-logo\",\"url\":\"https:\\\/\\\/www.etiktech.fr\\\/wp-content\\\/uploads\\\/2024\\\/08\\\/cropped-logo-site-1.png\",\"contentUrl\":\"https:\\\/\\\/www.etiktech.fr\\\/wp-content\\\/uploads\\\/2024\\\/08\\\/cropped-logo-site-1.png\",\"width\":723,\"height\":108,\"caption\":\"Etiktech\"}]}<\/script>\n<!-- \/ Yoast SEO Premium plugin. -->","yoast_head_json":{"title":"Ruban transfert thermique 1 rouleau de ruban en r\u00e9sine pour \u00e9tiquettes adh\u00e9sives. Compatible avec toutes les imprimantes thermiques. (110mmx74mL) - Etiktech","description":"ETIKTECH - Ruban transfert thermique 1 rouleau de ruban en r\u00e9sine pour \u00e9tiquettes adh\u00e9sives. Compatible avec toutes les imprimantes thermiques. (110mmx74mL)","robots":{"index":"index","follow":"follow","max-snippet":"max-snippet:-1","max-image-preview":"max-image-preview:large","max-video-preview":"max-video-preview:-1"},"canonical":"https:\/\/www.etiktech.fr\/fr\/produit\/etiktech-ruban-transfert-thermique-1-rouleau-de-ruban-en-resine-pour-etiquettes-adhesives-compatible-avec-toutes-les-imprimantes-thermiques-110mmx74ml\/","og_locale":"fr_FR","og_type":"article","og_title":"Ruban transfert thermique 1 rouleau de ruban en r\u00e9sine pour \u00e9tiquettes adh\u00e9sives. Compatible avec toutes les imprimantes thermiques. (110mmx74mL)","og_description":"ETIKTECH - Ruban transfert thermique 1 rouleau de ruban en r\u00e9sine pour \u00e9tiquettes adh\u00e9sives. Compatible avec toutes les imprimantes thermiques. (110mmx74mL)","og_url":"https:\/\/www.etiktech.fr\/fr\/produit\/etiktech-ruban-transfert-thermique-1-rouleau-de-ruban-en-resine-pour-etiquettes-adhesives-compatible-avec-toutes-les-imprimantes-thermiques-110mmx74ml\/","og_site_name":"Etiktech","article_publisher":"https:\/\/www.facebook.com\/people\/Etiktech\/61570904671530\/?mibextid=ZbWKwL","article_modified_time":"2025-11-12T15:32:47+00:00","og_image":[{"width":2000,"height":2000,"url":"https:\/\/www.etiktech.fr\/wp-content\/uploads\/2024\/11\/100x74.jpg","type":"image\/jpeg"}],"twitter_card":"summary_large_image","twitter_misc":{"Dur\u00e9e de lecture estim\u00e9e":"1 minute"},"schema":{"@context":"https:\/\/schema.org","@graph":[{"@type":"WebPage","@id":"https:\/\/www.etiktech.fr\/produit\/etiktech-ruban-transfert-thermique-1-rouleau-de-ruban-en-resine-pour-etiquettes-adhesives-compatible-avec-toutes-les-imprimantes-thermiques-110mmx74ml\/","url":"https:\/\/www.etiktech.fr\/produit\/etiktech-ruban-transfert-thermique-1-rouleau-de-ruban-en-resine-pour-etiquettes-adhesives-compatible-avec-toutes-les-imprimantes-thermiques-110mmx74ml\/","name":"Ruban transfert thermique 1 rouleau de ruban en r\u00e9sine pour \u00e9tiquettes adh\u00e9sives. Compatible avec toutes les imprimantes thermiques. (110mmx74mL) - Etiktech","isPartOf":{"@id":"https:\/\/www.etiktech.fr\/#website"},"primaryImageOfPage":{"@id":"https:\/\/www.etiktech.fr\/produit\/etiktech-ruban-transfert-thermique-1-rouleau-de-ruban-en-resine-pour-etiquettes-adhesives-compatible-avec-toutes-les-imprimantes-thermiques-110mmx74ml\/#primaryimage"},"image":{"@id":"https:\/\/www.etiktech.fr\/produit\/etiktech-ruban-transfert-thermique-1-rouleau-de-ruban-en-resine-pour-etiquettes-adhesives-compatible-avec-toutes-les-imprimantes-thermiques-110mmx74ml\/#primaryimage"},"thumbnailUrl":"https:\/\/www.etiktech.fr\/wp-content\/uploads\/2024\/11\/100x74.jpg","datePublished":"2024-11-14T15:57:13+00:00","dateModified":"2025-11-12T15:32:47+00:00","description":"ETIKTECH - Ruban transfert thermique 1 rouleau de ruban en r\u00e9sine pour \u00e9tiquettes adh\u00e9sives. Compatible avec toutes les imprimantes thermiques. (110mmx74mL)","breadcrumb":{"@id":"https:\/\/www.etiktech.fr\/produit\/etiktech-ruban-transfert-thermique-1-rouleau-de-ruban-en-resine-pour-etiquettes-adhesives-compatible-avec-toutes-les-imprimantes-thermiques-110mmx74ml\/#breadcrumb"},"inLanguage":"fr-FR","potentialAction":[{"@type":"ReadAction","target":["https:\/\/www.etiktech.fr\/produit\/etiktech-ruban-transfert-thermique-1-rouleau-de-ruban-en-resine-pour-etiquettes-adhesives-compatible-avec-toutes-les-imprimantes-thermiques-110mmx74ml\/"]}]},{"@type":"ImageObject","inLanguage":"fr-FR","@id":"https:\/\/www.etiktech.fr\/produit\/etiktech-ruban-transfert-thermique-1-rouleau-de-ruban-en-resine-pour-etiquettes-adhesives-compatible-avec-toutes-les-imprimantes-thermiques-110mmx74ml\/#primaryimage","url":"https:\/\/www.etiktech.fr\/wp-content\/uploads\/2024\/11\/100x74.jpg","contentUrl":"https:\/\/www.etiktech.fr\/wp-content\/uploads\/2024\/11\/100x74.jpg","width":2000,"height":2000},{"@type":"BreadcrumbList","@id":"https:\/\/www.etiktech.fr\/produit\/etiktech-ruban-transfert-thermique-1-rouleau-de-ruban-en-resine-pour-etiquettes-adhesives-compatible-avec-toutes-les-imprimantes-thermiques-110mmx74ml\/#breadcrumb","itemListElement":[{"@type":"ListItem","position":1,"name":"Accueil","item":"https:\/\/www.etiktech.fr\/fr\/"},{"@type":"ListItem","position":2,"name":"e-commerce","item":"https:\/\/www.etiktech.fr\/e-commerce\/"},{"@type":"ListItem","position":3,"name":"Ruban transfert thermique 1 rouleau de ruban en r\u00e9sine pour \u00e9tiquettes adh\u00e9sives. Compatible avec toutes les imprimantes thermiques. (110mmx74mL)"}]},{"@type":"WebSite","@id":"https:\/\/www.etiktech.fr\/#website","url":"https:\/\/www.etiktech.fr\/","name":"Etiktech","description":"YOUR PRODUCTS, OUR PACKAGING EXCELLENCE","publisher":{"@id":"https:\/\/www.etiktech.fr\/#organization"},"potentialAction":[{"@type":"SearchAction","target":{"@type":"EntryPoint","urlTemplate":"https:\/\/www.etiktech.fr\/?s={search_term_string}"},"query-input":{"@type":"PropertyValueSpecification","valueRequired":true,"valueName":"search_term_string"}}],"inLanguage":"fr-FR"},{"@type":["Organization","Place"],"@id":"https:\/\/www.etiktech.fr\/#organization","name":"Etiktech","alternateName":"Etiktech","url":"https:\/\/www.etiktech.fr\/","logo":{"@id":"https:\/\/www.etiktech.fr\/produit\/etiktech-ruban-transfert-thermique-1-rouleau-de-ruban-en-resine-pour-etiquettes-adhesives-compatible-avec-toutes-les-imprimantes-thermiques-110mmx74ml\/#local-main-organization-logo"},"image":{"@id":"https:\/\/www.etiktech.fr\/produit\/etiktech-ruban-transfert-thermique-1-rouleau-de-ruban-en-resine-pour-etiquettes-adhesives-compatible-avec-toutes-les-imprimantes-thermiques-110mmx74ml\/#local-main-organization-logo"},"sameAs":["https:\/\/www.facebook.com\/people\/Etiktech\/61570904671530\/?mibextid=ZbWKwL","https:\/\/www.linkedin.com\/company\/etiktech"],"telephone":[],"openingHoursSpecification":[{"@type":"OpeningHoursSpecification","dayOfWeek":["Monday","Tuesday","Wednesday","Thursday","Friday","Saturday","Sunday"],"opens":"09:00","closes":"17:00"}]},{"@type":"ImageObject","inLanguage":"fr-FR","@id":"https:\/\/www.etiktech.fr\/produit\/etiktech-ruban-transfert-thermique-1-rouleau-de-ruban-en-resine-pour-etiquettes-adhesives-compatible-avec-toutes-les-imprimantes-thermiques-110mmx74ml\/#local-main-organization-logo","url":"https:\/\/www.etiktech.fr\/wp-content\/uploads\/2024\/08\/cropped-logo-site-1.png","contentUrl":"https:\/\/www.etiktech.fr\/wp-content\/uploads\/2024\/08\/cropped-logo-site-1.png","width":723,"height":108,"caption":"Etiktech"}]}},"jetpack_sharing_enabled":true,"_links":{"self":[{"href":"https:\/\/www.etiktech.fr\/fr\/wp-json\/wp\/v2\/product\/19214","targetHints":{"allow":["GET"]}}],"collection":[{"href":"https:\/\/www.etiktech.fr\/fr\/wp-json\/wp\/v2\/product"}],"about":[{"href":"https:\/\/www.etiktech.fr\/fr\/wp-json\/wp\/v2\/types\/product"}],"replies":[{"embeddable":true,"href":"https:\/\/www.etiktech.fr\/fr\/wp-json\/wp\/v2\/comments?post=19214"}],"wp:featuredmedia":[{"embeddable":true,"href":"https:\/\/www.etiktech.fr\/fr\/wp-json\/wp\/v2\/media\/19731"}],"wp:attachment":[{"href":"https:\/\/www.etiktech.fr\/fr\/wp-json\/wp\/v2\/media?parent=19214"}],"wp:term":[{"taxonomy":"product_brand","embeddable":true,"href":"https:\/\/www.etiktech.fr\/fr\/wp-json\/wp\/v2\/product_brand?post=19214"},{"taxonomy":"product_cat","embeddable":true,"href":"https:\/\/www.etiktech.fr\/fr\/wp-json\/wp\/v2\/product_cat?post=19214"},{"taxonomy":"product_tag","embeddable":true,"href":"https:\/\/www.etiktech.fr\/fr\/wp-json\/wp\/v2\/product_tag?post=19214"}],"curies":[{"name":"wp","href":"https:\/\/api.w.org\/{rel}","templated":true}]}}