{"id":19213,"date":"2024-11-14T16:53:55","date_gmt":"2024-11-14T15:53:55","guid":{"rendered":"https:\/\/www.etiktech.fr\/?post_type=product&#038;p=19213"},"modified":"2025-11-12T16:33:14","modified_gmt":"2025-11-12T15:33:14","slug":"ruban-transfert-thermique-1-rouleau-de-ruban-en-resine-pour-etiquettes-adhesives-compatible-avec-toutes-les-imprimantes-thermiques-110mmx300ml","status":"publish","type":"product","link":"https:\/\/www.etiktech.fr\/fr\/produit\/ruban-transfert-thermique-1-rouleau-de-ruban-en-resine-pour-etiquettes-adhesives-compatible-avec-toutes-les-imprimantes-thermiques-110mmx300ml\/","title":{"rendered":"Ruban transfert thermique 1 rouleau de ruban en r\u00e9sine pour \u00e9tiquettes adh\u00e9sives. Compatible avec toutes les imprimantes thermiques. (110mmx300mL)."},"content":{"rendered":"<p><span class=\"a-size-base a-text-bold\">Couleur : <\/span><span class=\"a-size-base po-break-word\">noir<\/span><\/p>\n<p><span class=\"a-size-base a-text-bold\">Taille : <\/span><span class=\"a-size-base po-break-word\">110mmx300mL<\/span><\/p>\n<p><span class=\"a-size-base a-text-bold\">Mat\u00e9riau : <\/span><span class=\"a-size-base po-break-word\">r\u00e9sine<\/span><\/p>\n<p><span class=\"a-size-base a-text-bold\">Marque : <\/span><span class=\"a-size-base po-break-word\">ETIKTECH<\/span><\/p>\n<p><span class=\"a-size-base a-text-bold\">Nombre d&rsquo;unit\u00e9s : <\/span><span class=\"a-size-base po-break-word\">1.0 unit\u00e9<\/span><\/p>\n<p><span class=\"a-size-base a-text-bold\">Fabricant : <\/span><span class=\"a-size-base po-break-word\">ETIKTECH<\/span><\/p>\n","protected":false},"excerpt":{"rendered":"<h4 class=\"a-size-base-plus a-text-bold\">\u00c0 propos de cet article<\/h4>\n<p>Ce rouleau de <strong>ruban transfert thermique en r\u00e9sine<\/strong>, <strong>d\u2019une largeur de 110 mm et d&rsquo;une longueur de 300 m<\/strong>, est <strong>compatible avec toutes les imprimantes thermiques<\/strong>.<\/p>\n<p>Il permet d\u2019obtenir des impressions nettes et durables, avec des textes et des graphiques clairs et une haute densit\u00e9 pour une meilleure lisibilit\u00e9 et long\u00e9vit\u00e9. Gr\u00e2ce \u00e0 sa structure en trois couches, incluant une couche arri\u00e8re antistatique qui r\u00e9duit la friction, il prot\u00e8ge la t\u00eate d\u2019impression tout en \u00e9tant r\u00e9sistant aux rayures. L\u00e9ger et facile \u00e0 installer, il est parfait pour une utilisation polyvalente, notamment pour l\u2019impression d\u2019\u00e9tiquettes d\u2019exp\u00e9dition, de vente au d\u00e9tail, de tickets et plus encore.<\/p>\n","protected":false},"featured_media":19734,"comment_status":"open","ping_status":"closed","template":"","meta":[],"product_brand":[],"product_cat":[193],"product_tag":[189],"class_list":{"0":"post-19213","1":"product","2":"type-product","3":"status-publish","4":"has-post-thumbnail","6":"product_cat-ruban-transfert-thermique","7":"product_tag-rouleau","9":"first","10":"instock","11":"taxable","12":"shipping-taxable","13":"purchasable","14":"product-type-simple"},"yoast_head":"<!-- This site is optimized with the Yoast SEO Premium plugin v27.2 (Yoast SEO v27.3) - https:\/\/yoast.com\/product\/yoast-seo-premium-wordpress\/ -->\n<title>Ruban transfert thermique 1 rouleau de ruban en r\u00e9sine pour \u00e9tiquettes adh\u00e9sives. Compatible avec toutes les imprimantes thermiques. (110mmx300mL). - Etiktech<\/title>\n<meta name=\"description\" content=\"ruban-transfert-thermique-1-rouleau-de-ruban-en-resine-pour-etiquettes-adhesives-compatible-avec-toutes-les-imprimantes-thermiques-110mmx300ml\" \/>\n<meta name=\"robots\" content=\"index, follow, max-snippet:-1, max-image-preview:large, max-video-preview:-1\" \/>\n<link rel=\"canonical\" href=\"https:\/\/www.etiktech.fr\/fr\/produit\/ruban-transfert-thermique-1-rouleau-de-ruban-en-resine-pour-etiquettes-adhesives-compatible-avec-toutes-les-imprimantes-thermiques-110mmx300ml\/\" \/>\n<meta property=\"og:locale\" content=\"fr_FR\" \/>\n<meta property=\"og:type\" content=\"article\" \/>\n<meta property=\"og:title\" content=\"Ruban transfert thermique 1 rouleau de ruban en r\u00e9sine pour \u00e9tiquettes adh\u00e9sives. Compatible avec toutes les imprimantes thermiques. (110mmx300mL).\" \/>\n<meta property=\"og:description\" content=\"ruban-transfert-thermique-1-rouleau-de-ruban-en-resine-pour-etiquettes-adhesives-compatible-avec-toutes-les-imprimantes-thermiques-110mmx300ml\" \/>\n<meta property=\"og:url\" content=\"https:\/\/www.etiktech.fr\/fr\/produit\/ruban-transfert-thermique-1-rouleau-de-ruban-en-resine-pour-etiquettes-adhesives-compatible-avec-toutes-les-imprimantes-thermiques-110mmx300ml\/\" \/>\n<meta property=\"og:site_name\" content=\"Etiktech\" \/>\n<meta property=\"article:publisher\" content=\"https:\/\/www.facebook.com\/people\/Etiktech\/61570904671530\/?mibextid=ZbWKwL\" \/>\n<meta property=\"article:modified_time\" content=\"2025-11-12T15:33:14+00:00\" \/>\n<meta property=\"og:image\" content=\"https:\/\/www.etiktech.fr\/wp-content\/uploads\/2024\/11\/110x300_2.jpg\" \/>\n\t<meta property=\"og:image:width\" content=\"2000\" \/>\n\t<meta property=\"og:image:height\" content=\"2000\" \/>\n\t<meta property=\"og:image:type\" content=\"image\/jpeg\" \/>\n<meta name=\"twitter:card\" content=\"summary_large_image\" \/>\n<meta name=\"twitter:label1\" content=\"Dur\u00e9e de lecture estim\u00e9e\" \/>\n\t<meta name=\"twitter:data1\" content=\"1 minute\" \/>\n<script type=\"application\/ld+json\" class=\"yoast-schema-graph\">{\"@context\":\"https:\\\/\\\/schema.org\",\"@graph\":[{\"@type\":\"WebPage\",\"@id\":\"https:\\\/\\\/www.etiktech.fr\\\/produit\\\/ruban-transfert-thermique-1-rouleau-de-ruban-en-resine-pour-etiquettes-adhesives-compatible-avec-toutes-les-imprimantes-thermiques-110mmx300ml\\\/\",\"url\":\"https:\\\/\\\/www.etiktech.fr\\\/produit\\\/ruban-transfert-thermique-1-rouleau-de-ruban-en-resine-pour-etiquettes-adhesives-compatible-avec-toutes-les-imprimantes-thermiques-110mmx300ml\\\/\",\"name\":\"Ruban transfert thermique 1 rouleau de ruban en r\u00e9sine pour \u00e9tiquettes adh\u00e9sives. Compatible avec toutes les imprimantes thermiques. (110mmx300mL). - Etiktech\",\"isPartOf\":{\"@id\":\"https:\\\/\\\/www.etiktech.fr\\\/#website\"},\"primaryImageOfPage\":{\"@id\":\"https:\\\/\\\/www.etiktech.fr\\\/produit\\\/ruban-transfert-thermique-1-rouleau-de-ruban-en-resine-pour-etiquettes-adhesives-compatible-avec-toutes-les-imprimantes-thermiques-110mmx300ml\\\/#primaryimage\"},\"image\":{\"@id\":\"https:\\\/\\\/www.etiktech.fr\\\/produit\\\/ruban-transfert-thermique-1-rouleau-de-ruban-en-resine-pour-etiquettes-adhesives-compatible-avec-toutes-les-imprimantes-thermiques-110mmx300ml\\\/#primaryimage\"},\"thumbnailUrl\":\"https:\\\/\\\/www.etiktech.fr\\\/wp-content\\\/uploads\\\/2024\\\/11\\\/110x300_2.jpg\",\"datePublished\":\"2024-11-14T15:53:55+00:00\",\"dateModified\":\"2025-11-12T15:33:14+00:00\",\"description\":\"ruban-transfert-thermique-1-rouleau-de-ruban-en-resine-pour-etiquettes-adhesives-compatible-avec-toutes-les-imprimantes-thermiques-110mmx300ml\",\"breadcrumb\":{\"@id\":\"https:\\\/\\\/www.etiktech.fr\\\/produit\\\/ruban-transfert-thermique-1-rouleau-de-ruban-en-resine-pour-etiquettes-adhesives-compatible-avec-toutes-les-imprimantes-thermiques-110mmx300ml\\\/#breadcrumb\"},\"inLanguage\":\"fr-FR\",\"potentialAction\":[{\"@type\":\"ReadAction\",\"target\":[\"https:\\\/\\\/www.etiktech.fr\\\/produit\\\/ruban-transfert-thermique-1-rouleau-de-ruban-en-resine-pour-etiquettes-adhesives-compatible-avec-toutes-les-imprimantes-thermiques-110mmx300ml\\\/\"]}]},{\"@type\":\"ImageObject\",\"inLanguage\":\"fr-FR\",\"@id\":\"https:\\\/\\\/www.etiktech.fr\\\/produit\\\/ruban-transfert-thermique-1-rouleau-de-ruban-en-resine-pour-etiquettes-adhesives-compatible-avec-toutes-les-imprimantes-thermiques-110mmx300ml\\\/#primaryimage\",\"url\":\"https:\\\/\\\/www.etiktech.fr\\\/wp-content\\\/uploads\\\/2024\\\/11\\\/110x300_2.jpg\",\"contentUrl\":\"https:\\\/\\\/www.etiktech.fr\\\/wp-content\\\/uploads\\\/2024\\\/11\\\/110x300_2.jpg\",\"width\":2000,\"height\":2000},{\"@type\":\"BreadcrumbList\",\"@id\":\"https:\\\/\\\/www.etiktech.fr\\\/produit\\\/ruban-transfert-thermique-1-rouleau-de-ruban-en-resine-pour-etiquettes-adhesives-compatible-avec-toutes-les-imprimantes-thermiques-110mmx300ml\\\/#breadcrumb\",\"itemListElement\":[{\"@type\":\"ListItem\",\"position\":1,\"name\":\"Accueil\",\"item\":\"https:\\\/\\\/www.etiktech.fr\\\/fr\\\/\"},{\"@type\":\"ListItem\",\"position\":2,\"name\":\"e-commerce\",\"item\":\"https:\\\/\\\/www.etiktech.fr\\\/e-commerce\\\/\"},{\"@type\":\"ListItem\",\"position\":3,\"name\":\"Ruban transfert thermique 1 rouleau de ruban en r\u00e9sine pour \u00e9tiquettes adh\u00e9sives. Compatible avec toutes les imprimantes thermiques. (110mmx300mL).\"}]},{\"@type\":\"WebSite\",\"@id\":\"https:\\\/\\\/www.etiktech.fr\\\/#website\",\"url\":\"https:\\\/\\\/www.etiktech.fr\\\/\",\"name\":\"Etiktech\",\"description\":\"YOUR PRODUCTS, OUR PACKAGING EXCELLENCE\",\"publisher\":{\"@id\":\"https:\\\/\\\/www.etiktech.fr\\\/#organization\"},\"potentialAction\":[{\"@type\":\"SearchAction\",\"target\":{\"@type\":\"EntryPoint\",\"urlTemplate\":\"https:\\\/\\\/www.etiktech.fr\\\/?s={search_term_string}\"},\"query-input\":{\"@type\":\"PropertyValueSpecification\",\"valueRequired\":true,\"valueName\":\"search_term_string\"}}],\"inLanguage\":\"fr-FR\"},{\"@type\":[\"Organization\",\"Place\"],\"@id\":\"https:\\\/\\\/www.etiktech.fr\\\/#organization\",\"name\":\"Etiktech\",\"alternateName\":\"Etiktech\",\"url\":\"https:\\\/\\\/www.etiktech.fr\\\/\",\"logo\":{\"@id\":\"https:\\\/\\\/www.etiktech.fr\\\/produit\\\/ruban-transfert-thermique-1-rouleau-de-ruban-en-resine-pour-etiquettes-adhesives-compatible-avec-toutes-les-imprimantes-thermiques-110mmx300ml\\\/#local-main-organization-logo\"},\"image\":{\"@id\":\"https:\\\/\\\/www.etiktech.fr\\\/produit\\\/ruban-transfert-thermique-1-rouleau-de-ruban-en-resine-pour-etiquettes-adhesives-compatible-avec-toutes-les-imprimantes-thermiques-110mmx300ml\\\/#local-main-organization-logo\"},\"sameAs\":[\"https:\\\/\\\/www.facebook.com\\\/people\\\/Etiktech\\\/61570904671530\\\/?mibextid=ZbWKwL\",\"https:\\\/\\\/www.linkedin.com\\\/company\\\/etiktech\"],\"telephone\":[],\"openingHoursSpecification\":[{\"@type\":\"OpeningHoursSpecification\",\"dayOfWeek\":[\"Monday\",\"Tuesday\",\"Wednesday\",\"Thursday\",\"Friday\",\"Saturday\",\"Sunday\"],\"opens\":\"09:00\",\"closes\":\"17:00\"}]},{\"@type\":\"ImageObject\",\"inLanguage\":\"fr-FR\",\"@id\":\"https:\\\/\\\/www.etiktech.fr\\\/produit\\\/ruban-transfert-thermique-1-rouleau-de-ruban-en-resine-pour-etiquettes-adhesives-compatible-avec-toutes-les-imprimantes-thermiques-110mmx300ml\\\/#local-main-organization-logo\",\"url\":\"https:\\\/\\\/www.etiktech.fr\\\/wp-content\\\/uploads\\\/2024\\\/08\\\/cropped-logo-site-1.png\",\"contentUrl\":\"https:\\\/\\\/www.etiktech.fr\\\/wp-content\\\/uploads\\\/2024\\\/08\\\/cropped-logo-site-1.png\",\"width\":723,\"height\":108,\"caption\":\"Etiktech\"}]}<\/script>\n<!-- \/ Yoast SEO Premium plugin. -->","yoast_head_json":{"title":"Ruban transfert thermique 1 rouleau de ruban en r\u00e9sine pour \u00e9tiquettes adh\u00e9sives. Compatible avec toutes les imprimantes thermiques. (110mmx300mL). - Etiktech","description":"ruban-transfert-thermique-1-rouleau-de-ruban-en-resine-pour-etiquettes-adhesives-compatible-avec-toutes-les-imprimantes-thermiques-110mmx300ml","robots":{"index":"index","follow":"follow","max-snippet":"max-snippet:-1","max-image-preview":"max-image-preview:large","max-video-preview":"max-video-preview:-1"},"canonical":"https:\/\/www.etiktech.fr\/fr\/produit\/ruban-transfert-thermique-1-rouleau-de-ruban-en-resine-pour-etiquettes-adhesives-compatible-avec-toutes-les-imprimantes-thermiques-110mmx300ml\/","og_locale":"fr_FR","og_type":"article","og_title":"Ruban transfert thermique 1 rouleau de ruban en r\u00e9sine pour \u00e9tiquettes adh\u00e9sives. Compatible avec toutes les imprimantes thermiques. (110mmx300mL).","og_description":"ruban-transfert-thermique-1-rouleau-de-ruban-en-resine-pour-etiquettes-adhesives-compatible-avec-toutes-les-imprimantes-thermiques-110mmx300ml","og_url":"https:\/\/www.etiktech.fr\/fr\/produit\/ruban-transfert-thermique-1-rouleau-de-ruban-en-resine-pour-etiquettes-adhesives-compatible-avec-toutes-les-imprimantes-thermiques-110mmx300ml\/","og_site_name":"Etiktech","article_publisher":"https:\/\/www.facebook.com\/people\/Etiktech\/61570904671530\/?mibextid=ZbWKwL","article_modified_time":"2025-11-12T15:33:14+00:00","og_image":[{"width":2000,"height":2000,"url":"https:\/\/www.etiktech.fr\/wp-content\/uploads\/2024\/11\/110x300_2.jpg","type":"image\/jpeg"}],"twitter_card":"summary_large_image","twitter_misc":{"Dur\u00e9e de lecture estim\u00e9e":"1 minute"},"schema":{"@context":"https:\/\/schema.org","@graph":[{"@type":"WebPage","@id":"https:\/\/www.etiktech.fr\/produit\/ruban-transfert-thermique-1-rouleau-de-ruban-en-resine-pour-etiquettes-adhesives-compatible-avec-toutes-les-imprimantes-thermiques-110mmx300ml\/","url":"https:\/\/www.etiktech.fr\/produit\/ruban-transfert-thermique-1-rouleau-de-ruban-en-resine-pour-etiquettes-adhesives-compatible-avec-toutes-les-imprimantes-thermiques-110mmx300ml\/","name":"Ruban transfert thermique 1 rouleau de ruban en r\u00e9sine pour \u00e9tiquettes adh\u00e9sives. Compatible avec toutes les imprimantes thermiques. (110mmx300mL). - Etiktech","isPartOf":{"@id":"https:\/\/www.etiktech.fr\/#website"},"primaryImageOfPage":{"@id":"https:\/\/www.etiktech.fr\/produit\/ruban-transfert-thermique-1-rouleau-de-ruban-en-resine-pour-etiquettes-adhesives-compatible-avec-toutes-les-imprimantes-thermiques-110mmx300ml\/#primaryimage"},"image":{"@id":"https:\/\/www.etiktech.fr\/produit\/ruban-transfert-thermique-1-rouleau-de-ruban-en-resine-pour-etiquettes-adhesives-compatible-avec-toutes-les-imprimantes-thermiques-110mmx300ml\/#primaryimage"},"thumbnailUrl":"https:\/\/www.etiktech.fr\/wp-content\/uploads\/2024\/11\/110x300_2.jpg","datePublished":"2024-11-14T15:53:55+00:00","dateModified":"2025-11-12T15:33:14+00:00","description":"ruban-transfert-thermique-1-rouleau-de-ruban-en-resine-pour-etiquettes-adhesives-compatible-avec-toutes-les-imprimantes-thermiques-110mmx300ml","breadcrumb":{"@id":"https:\/\/www.etiktech.fr\/produit\/ruban-transfert-thermique-1-rouleau-de-ruban-en-resine-pour-etiquettes-adhesives-compatible-avec-toutes-les-imprimantes-thermiques-110mmx300ml\/#breadcrumb"},"inLanguage":"fr-FR","potentialAction":[{"@type":"ReadAction","target":["https:\/\/www.etiktech.fr\/produit\/ruban-transfert-thermique-1-rouleau-de-ruban-en-resine-pour-etiquettes-adhesives-compatible-avec-toutes-les-imprimantes-thermiques-110mmx300ml\/"]}]},{"@type":"ImageObject","inLanguage":"fr-FR","@id":"https:\/\/www.etiktech.fr\/produit\/ruban-transfert-thermique-1-rouleau-de-ruban-en-resine-pour-etiquettes-adhesives-compatible-avec-toutes-les-imprimantes-thermiques-110mmx300ml\/#primaryimage","url":"https:\/\/www.etiktech.fr\/wp-content\/uploads\/2024\/11\/110x300_2.jpg","contentUrl":"https:\/\/www.etiktech.fr\/wp-content\/uploads\/2024\/11\/110x300_2.jpg","width":2000,"height":2000},{"@type":"BreadcrumbList","@id":"https:\/\/www.etiktech.fr\/produit\/ruban-transfert-thermique-1-rouleau-de-ruban-en-resine-pour-etiquettes-adhesives-compatible-avec-toutes-les-imprimantes-thermiques-110mmx300ml\/#breadcrumb","itemListElement":[{"@type":"ListItem","position":1,"name":"Accueil","item":"https:\/\/www.etiktech.fr\/fr\/"},{"@type":"ListItem","position":2,"name":"e-commerce","item":"https:\/\/www.etiktech.fr\/e-commerce\/"},{"@type":"ListItem","position":3,"name":"Ruban transfert thermique 1 rouleau de ruban en r\u00e9sine pour \u00e9tiquettes adh\u00e9sives. Compatible avec toutes les imprimantes thermiques. (110mmx300mL)."}]},{"@type":"WebSite","@id":"https:\/\/www.etiktech.fr\/#website","url":"https:\/\/www.etiktech.fr\/","name":"Etiktech","description":"YOUR PRODUCTS, OUR PACKAGING EXCELLENCE","publisher":{"@id":"https:\/\/www.etiktech.fr\/#organization"},"potentialAction":[{"@type":"SearchAction","target":{"@type":"EntryPoint","urlTemplate":"https:\/\/www.etiktech.fr\/?s={search_term_string}"},"query-input":{"@type":"PropertyValueSpecification","valueRequired":true,"valueName":"search_term_string"}}],"inLanguage":"fr-FR"},{"@type":["Organization","Place"],"@id":"https:\/\/www.etiktech.fr\/#organization","name":"Etiktech","alternateName":"Etiktech","url":"https:\/\/www.etiktech.fr\/","logo":{"@id":"https:\/\/www.etiktech.fr\/produit\/ruban-transfert-thermique-1-rouleau-de-ruban-en-resine-pour-etiquettes-adhesives-compatible-avec-toutes-les-imprimantes-thermiques-110mmx300ml\/#local-main-organization-logo"},"image":{"@id":"https:\/\/www.etiktech.fr\/produit\/ruban-transfert-thermique-1-rouleau-de-ruban-en-resine-pour-etiquettes-adhesives-compatible-avec-toutes-les-imprimantes-thermiques-110mmx300ml\/#local-main-organization-logo"},"sameAs":["https:\/\/www.facebook.com\/people\/Etiktech\/61570904671530\/?mibextid=ZbWKwL","https:\/\/www.linkedin.com\/company\/etiktech"],"telephone":[],"openingHoursSpecification":[{"@type":"OpeningHoursSpecification","dayOfWeek":["Monday","Tuesday","Wednesday","Thursday","Friday","Saturday","Sunday"],"opens":"09:00","closes":"17:00"}]},{"@type":"ImageObject","inLanguage":"fr-FR","@id":"https:\/\/www.etiktech.fr\/produit\/ruban-transfert-thermique-1-rouleau-de-ruban-en-resine-pour-etiquettes-adhesives-compatible-avec-toutes-les-imprimantes-thermiques-110mmx300ml\/#local-main-organization-logo","url":"https:\/\/www.etiktech.fr\/wp-content\/uploads\/2024\/08\/cropped-logo-site-1.png","contentUrl":"https:\/\/www.etiktech.fr\/wp-content\/uploads\/2024\/08\/cropped-logo-site-1.png","width":723,"height":108,"caption":"Etiktech"}]}},"jetpack_sharing_enabled":true,"_links":{"self":[{"href":"https:\/\/www.etiktech.fr\/fr\/wp-json\/wp\/v2\/product\/19213","targetHints":{"allow":["GET"]}}],"collection":[{"href":"https:\/\/www.etiktech.fr\/fr\/wp-json\/wp\/v2\/product"}],"about":[{"href":"https:\/\/www.etiktech.fr\/fr\/wp-json\/wp\/v2\/types\/product"}],"replies":[{"embeddable":true,"href":"https:\/\/www.etiktech.fr\/fr\/wp-json\/wp\/v2\/comments?post=19213"}],"wp:featuredmedia":[{"embeddable":true,"href":"https:\/\/www.etiktech.fr\/fr\/wp-json\/wp\/v2\/media\/19734"}],"wp:attachment":[{"href":"https:\/\/www.etiktech.fr\/fr\/wp-json\/wp\/v2\/media?parent=19213"}],"wp:term":[{"taxonomy":"product_brand","embeddable":true,"href":"https:\/\/www.etiktech.fr\/fr\/wp-json\/wp\/v2\/product_brand?post=19213"},{"taxonomy":"product_cat","embeddable":true,"href":"https:\/\/www.etiktech.fr\/fr\/wp-json\/wp\/v2\/product_cat?post=19213"},{"taxonomy":"product_tag","embeddable":true,"href":"https:\/\/www.etiktech.fr\/fr\/wp-json\/wp\/v2\/product_tag?post=19213"}],"curies":[{"name":"wp","href":"https:\/\/api.w.org\/{rel}","templated":true}]}}