{"id":19210,"date":"2024-11-14T15:22:32","date_gmt":"2024-11-14T14:22:32","guid":{"rendered":"https:\/\/www.etiktech.fr\/?post_type=product&#038;p=19210"},"modified":"2025-11-12T13:53:07","modified_gmt":"2025-11-12T12:53:07","slug":"feuilles-autocollantes-a4-210x297mm-de-100-etiquettes-compatibles-avec-les-imprimantes-jet-encre-laser-et-photocopieur-garantie-sans-bourrage","status":"publish","type":"product","link":"https:\/\/www.etiktech.fr\/fr\/produit\/feuilles-autocollantes-a4-210x297mm-de-100-etiquettes-compatibles-avec-les-imprimantes-jet-encre-laser-et-photocopieur-garantie-sans-bourrage\/","title":{"rendered":"Feuilles autocollantes A4 210x297mm de 100 \u00e9tiquettes. Compatibles avec les imprimantes jet encre, laser et photocopieur. Garantie sans bourrage."},"content":{"rendered":"<div><\/div>\n<p><span class=\"a-size-base a-text-bold\">Couleur :<\/span><span class=\"a-size-base po-break-word\">Blanc<\/span><\/p>\n<p><span class=\"a-size-base a-text-bold\">Taille :<\/span><span class=\"a-size-base po-break-word\">210x297mm<\/span><\/p>\n<p><span class=\"a-size-base a-text-bold\">Mat\u00e9riau :<\/span><span class=\"a-size-base po-break-word\">Papier<\/span><\/p>\n<p><span class=\"a-size-base a-text-bold\">Marque :<\/span><span class=\"a-size-base po-break-word\">ETIKTECH<\/span><\/p>\n<p><span class=\"a-size-base a-text-bold\">Type de finition :<\/span><span class=\"a-size-base po-break-word\">mat<\/span><\/p>\n<p><span class=\"a-size-base a-text-bold\">Forme :<\/span><span class=\"a-size-base po-break-word\">Rectangulaire<\/span><\/p>\n<p><span class=\"a-size-base a-text-bold\">Nombre d&rsquo;\u00e9tiquettes :<\/span><span class=\"a-size-base po-break-word\">100<\/span><\/p>\n<p><span class=\"a-size-base a-text-bold\">Nombre d&rsquo;unit\u00e9s :<\/span><span class=\"a-size-base po-break-word\">1.0 unit\u00e9<\/span><\/p>\n<p><span class=\"a-size-base a-text-bold\">Fabricant :<\/span><span class=\"a-size-base po-break-word\">ETIKTECH<\/span><\/p>\n","protected":false},"excerpt":{"rendered":"<h4 class=\"a-size-base-plus a-text-bold\">\u00c0 propos de cet article<\/h4>\n<p>Ce <strong>lot de 100 feuilles autocollantes A4 (210 x 297 mm)<\/strong> est <strong>compatible avec les imprimantes jet d\u2019encre, laser et photocopieurs<\/strong>, et garantit <strong>une impression<\/strong> <strong>sans bourrage<\/strong>.<\/p>\n<p>Ces grandes \u00e9tiquettes sont faciles \u00e0 imprimer et \u00e0 appliquer sur diverses surfaces gr\u00e2ce \u00e0 leur <strong>adh\u00e9sif de qualit\u00e9<\/strong>, qui assure un collage fiable tout en \u00e9tant facile \u00e0 <strong>retirer sans laisser de r\u00e9sidu<\/strong>. Parfaites pour un large \u00e9ventail d\u2019applications, elles conviennent aussi bien pour l\u2019\u00e9tiquetage personnel (dossiers, bo\u00eetes) que professionnel (produits, documents), ainsi que pour des projets cr\u00e9atifs. Pour pr\u00e9server leur qualit\u00e9, il est recommand\u00e9 de les stocker dans un endroit sec, \u00e0 l\u2019abri de la lumi\u00e8re directe et des temp\u00e9ratures extr\u00eames.<\/p>\n","protected":false},"featured_media":19147,"comment_status":"closed","ping_status":"closed","template":"","meta":[],"product_brand":[],"product_cat":[190],"product_tag":[191],"class_list":{"0":"post-19210","1":"product","2":"type-product","3":"status-publish","4":"has-post-thumbnail","6":"product_cat-feuilles-autocollantes","7":"product_tag-feuilles","9":"first","10":"instock","11":"taxable","12":"shipping-taxable","13":"purchasable","14":"product-type-simple"},"yoast_head":"<!-- This site is optimized with the Yoast SEO Premium plugin v27.2 (Yoast SEO v27.3) - https:\/\/yoast.com\/product\/yoast-seo-premium-wordpress\/ -->\n<title>Feuilles autocollantes A4 210x297mm de 100 \u00e9tiquettes. Compatibles avec les imprimantes jet encre, laser et photocopieur. Garantie sans bourrage. - Etiktech<\/title>\n<meta name=\"description\" content=\"Feuilles autocollantes A4 210x297mm de 100 \u00e9tiquettes. Compatibles avec les imprimantes jet encre, laser et photocopieur. Garantie sans bourrage.\" \/>\n<meta name=\"robots\" content=\"index, follow, max-snippet:-1, max-image-preview:large, max-video-preview:-1\" \/>\n<link rel=\"canonical\" href=\"https:\/\/www.etiktech.fr\/fr\/produit\/feuilles-autocollantes-a4-210x297mm-de-100-etiquettes-compatibles-avec-les-imprimantes-jet-encre-laser-et-photocopieur-garantie-sans-bourrage\/\" \/>\n<meta property=\"og:locale\" content=\"fr_FR\" \/>\n<meta property=\"og:type\" content=\"article\" \/>\n<meta property=\"og:title\" content=\"Feuilles autocollantes A4 210x297mm de 100 \u00e9tiquettes. Compatibles avec les imprimantes jet encre, laser et photocopieur. Garantie sans bourrage.\" \/>\n<meta property=\"og:description\" content=\"Feuilles autocollantes A4 210x297mm de 100 \u00e9tiquettes. Compatibles avec les imprimantes jet encre, laser et photocopieur. Garantie sans bourrage.\" \/>\n<meta property=\"og:url\" content=\"https:\/\/www.etiktech.fr\/fr\/produit\/feuilles-autocollantes-a4-210x297mm-de-100-etiquettes-compatibles-avec-les-imprimantes-jet-encre-laser-et-photocopieur-garantie-sans-bourrage\/\" \/>\n<meta property=\"og:site_name\" content=\"Etiktech\" \/>\n<meta property=\"article:publisher\" content=\"https:\/\/www.facebook.com\/people\/Etiktech\/61570904671530\/?mibextid=ZbWKwL\" \/>\n<meta property=\"article:modified_time\" content=\"2025-11-12T12:53:07+00:00\" \/>\n<meta property=\"og:image\" content=\"https:\/\/www.etiktech.fr\/wp-content\/uploads\/2024\/11\/A4_1.jpeg\" \/>\n\t<meta property=\"og:image:width\" content=\"1500\" \/>\n\t<meta property=\"og:image:height\" content=\"1500\" \/>\n\t<meta property=\"og:image:type\" content=\"image\/jpeg\" \/>\n<meta name=\"twitter:card\" content=\"summary_large_image\" \/>\n<meta name=\"twitter:label1\" content=\"Dur\u00e9e de lecture estim\u00e9e\" \/>\n\t<meta name=\"twitter:data1\" content=\"1 minute\" \/>\n<script type=\"application\/ld+json\" class=\"yoast-schema-graph\">{\"@context\":\"https:\\\/\\\/schema.org\",\"@graph\":[{\"@type\":\"WebPage\",\"@id\":\"https:\\\/\\\/www.etiktech.fr\\\/produit\\\/feuilles-autocollantes-a4-210x297mm-de-100-etiquettes-compatibles-avec-les-imprimantes-jet-encre-laser-et-photocopieur-garantie-sans-bourrage\\\/\",\"url\":\"https:\\\/\\\/www.etiktech.fr\\\/produit\\\/feuilles-autocollantes-a4-210x297mm-de-100-etiquettes-compatibles-avec-les-imprimantes-jet-encre-laser-et-photocopieur-garantie-sans-bourrage\\\/\",\"name\":\"Feuilles autocollantes A4 210x297mm de 100 \u00e9tiquettes. Compatibles avec les imprimantes jet encre, laser et photocopieur. Garantie sans bourrage. - Etiktech\",\"isPartOf\":{\"@id\":\"https:\\\/\\\/www.etiktech.fr\\\/#website\"},\"primaryImageOfPage\":{\"@id\":\"https:\\\/\\\/www.etiktech.fr\\\/produit\\\/feuilles-autocollantes-a4-210x297mm-de-100-etiquettes-compatibles-avec-les-imprimantes-jet-encre-laser-et-photocopieur-garantie-sans-bourrage\\\/#primaryimage\"},\"image\":{\"@id\":\"https:\\\/\\\/www.etiktech.fr\\\/produit\\\/feuilles-autocollantes-a4-210x297mm-de-100-etiquettes-compatibles-avec-les-imprimantes-jet-encre-laser-et-photocopieur-garantie-sans-bourrage\\\/#primaryimage\"},\"thumbnailUrl\":\"https:\\\/\\\/www.etiktech.fr\\\/wp-content\\\/uploads\\\/2024\\\/11\\\/A4_1.jpeg\",\"datePublished\":\"2024-11-14T14:22:32+00:00\",\"dateModified\":\"2025-11-12T12:53:07+00:00\",\"description\":\"Feuilles autocollantes A4 210x297mm de 100 \u00e9tiquettes. Compatibles avec les imprimantes jet encre, laser et photocopieur. Garantie sans bourrage.\",\"breadcrumb\":{\"@id\":\"https:\\\/\\\/www.etiktech.fr\\\/produit\\\/feuilles-autocollantes-a4-210x297mm-de-100-etiquettes-compatibles-avec-les-imprimantes-jet-encre-laser-et-photocopieur-garantie-sans-bourrage\\\/#breadcrumb\"},\"inLanguage\":\"fr-FR\",\"potentialAction\":[{\"@type\":\"ReadAction\",\"target\":[\"https:\\\/\\\/www.etiktech.fr\\\/produit\\\/feuilles-autocollantes-a4-210x297mm-de-100-etiquettes-compatibles-avec-les-imprimantes-jet-encre-laser-et-photocopieur-garantie-sans-bourrage\\\/\"]}]},{\"@type\":\"ImageObject\",\"inLanguage\":\"fr-FR\",\"@id\":\"https:\\\/\\\/www.etiktech.fr\\\/produit\\\/feuilles-autocollantes-a4-210x297mm-de-100-etiquettes-compatibles-avec-les-imprimantes-jet-encre-laser-et-photocopieur-garantie-sans-bourrage\\\/#primaryimage\",\"url\":\"https:\\\/\\\/www.etiktech.fr\\\/wp-content\\\/uploads\\\/2024\\\/11\\\/A4_1.jpeg\",\"contentUrl\":\"https:\\\/\\\/www.etiktech.fr\\\/wp-content\\\/uploads\\\/2024\\\/11\\\/A4_1.jpeg\",\"width\":1500,\"height\":1500},{\"@type\":\"BreadcrumbList\",\"@id\":\"https:\\\/\\\/www.etiktech.fr\\\/produit\\\/feuilles-autocollantes-a4-210x297mm-de-100-etiquettes-compatibles-avec-les-imprimantes-jet-encre-laser-et-photocopieur-garantie-sans-bourrage\\\/#breadcrumb\",\"itemListElement\":[{\"@type\":\"ListItem\",\"position\":1,\"name\":\"Accueil\",\"item\":\"https:\\\/\\\/www.etiktech.fr\\\/fr\\\/\"},{\"@type\":\"ListItem\",\"position\":2,\"name\":\"e-commerce\",\"item\":\"https:\\\/\\\/www.etiktech.fr\\\/e-commerce\\\/\"},{\"@type\":\"ListItem\",\"position\":3,\"name\":\"Feuilles autocollantes A4 210x297mm de 100 \u00e9tiquettes. Compatibles avec les imprimantes jet encre, laser et photocopieur. Garantie sans bourrage.\"}]},{\"@type\":\"WebSite\",\"@id\":\"https:\\\/\\\/www.etiktech.fr\\\/#website\",\"url\":\"https:\\\/\\\/www.etiktech.fr\\\/\",\"name\":\"Etiktech\",\"description\":\"YOUR PRODUCTS, OUR PACKAGING EXCELLENCE\",\"publisher\":{\"@id\":\"https:\\\/\\\/www.etiktech.fr\\\/#organization\"},\"potentialAction\":[{\"@type\":\"SearchAction\",\"target\":{\"@type\":\"EntryPoint\",\"urlTemplate\":\"https:\\\/\\\/www.etiktech.fr\\\/?s={search_term_string}\"},\"query-input\":{\"@type\":\"PropertyValueSpecification\",\"valueRequired\":true,\"valueName\":\"search_term_string\"}}],\"inLanguage\":\"fr-FR\"},{\"@type\":[\"Organization\",\"Place\"],\"@id\":\"https:\\\/\\\/www.etiktech.fr\\\/#organization\",\"name\":\"Etiktech\",\"alternateName\":\"Etiktech\",\"url\":\"https:\\\/\\\/www.etiktech.fr\\\/\",\"logo\":{\"@id\":\"https:\\\/\\\/www.etiktech.fr\\\/produit\\\/feuilles-autocollantes-a4-210x297mm-de-100-etiquettes-compatibles-avec-les-imprimantes-jet-encre-laser-et-photocopieur-garantie-sans-bourrage\\\/#local-main-organization-logo\"},\"image\":{\"@id\":\"https:\\\/\\\/www.etiktech.fr\\\/produit\\\/feuilles-autocollantes-a4-210x297mm-de-100-etiquettes-compatibles-avec-les-imprimantes-jet-encre-laser-et-photocopieur-garantie-sans-bourrage\\\/#local-main-organization-logo\"},\"sameAs\":[\"https:\\\/\\\/www.facebook.com\\\/people\\\/Etiktech\\\/61570904671530\\\/?mibextid=ZbWKwL\",\"https:\\\/\\\/www.linkedin.com\\\/company\\\/etiktech\"],\"telephone\":[],\"openingHoursSpecification\":[{\"@type\":\"OpeningHoursSpecification\",\"dayOfWeek\":[\"Monday\",\"Tuesday\",\"Wednesday\",\"Thursday\",\"Friday\",\"Saturday\",\"Sunday\"],\"opens\":\"09:00\",\"closes\":\"17:00\"}]},{\"@type\":\"ImageObject\",\"inLanguage\":\"fr-FR\",\"@id\":\"https:\\\/\\\/www.etiktech.fr\\\/produit\\\/feuilles-autocollantes-a4-210x297mm-de-100-etiquettes-compatibles-avec-les-imprimantes-jet-encre-laser-et-photocopieur-garantie-sans-bourrage\\\/#local-main-organization-logo\",\"url\":\"https:\\\/\\\/www.etiktech.fr\\\/wp-content\\\/uploads\\\/2024\\\/08\\\/cropped-logo-site-1.png\",\"contentUrl\":\"https:\\\/\\\/www.etiktech.fr\\\/wp-content\\\/uploads\\\/2024\\\/08\\\/cropped-logo-site-1.png\",\"width\":723,\"height\":108,\"caption\":\"Etiktech\"}]}<\/script>\n<!-- \/ Yoast SEO Premium plugin. -->","yoast_head_json":{"title":"Feuilles autocollantes A4 210x297mm de 100 \u00e9tiquettes. Compatibles avec les imprimantes jet encre, laser et photocopieur. Garantie sans bourrage. - Etiktech","description":"Feuilles autocollantes A4 210x297mm de 100 \u00e9tiquettes. Compatibles avec les imprimantes jet encre, laser et photocopieur. Garantie sans bourrage.","robots":{"index":"index","follow":"follow","max-snippet":"max-snippet:-1","max-image-preview":"max-image-preview:large","max-video-preview":"max-video-preview:-1"},"canonical":"https:\/\/www.etiktech.fr\/fr\/produit\/feuilles-autocollantes-a4-210x297mm-de-100-etiquettes-compatibles-avec-les-imprimantes-jet-encre-laser-et-photocopieur-garantie-sans-bourrage\/","og_locale":"fr_FR","og_type":"article","og_title":"Feuilles autocollantes A4 210x297mm de 100 \u00e9tiquettes. Compatibles avec les imprimantes jet encre, laser et photocopieur. Garantie sans bourrage.","og_description":"Feuilles autocollantes A4 210x297mm de 100 \u00e9tiquettes. Compatibles avec les imprimantes jet encre, laser et photocopieur. Garantie sans bourrage.","og_url":"https:\/\/www.etiktech.fr\/fr\/produit\/feuilles-autocollantes-a4-210x297mm-de-100-etiquettes-compatibles-avec-les-imprimantes-jet-encre-laser-et-photocopieur-garantie-sans-bourrage\/","og_site_name":"Etiktech","article_publisher":"https:\/\/www.facebook.com\/people\/Etiktech\/61570904671530\/?mibextid=ZbWKwL","article_modified_time":"2025-11-12T12:53:07+00:00","og_image":[{"width":1500,"height":1500,"url":"https:\/\/www.etiktech.fr\/wp-content\/uploads\/2024\/11\/A4_1.jpeg","type":"image\/jpeg"}],"twitter_card":"summary_large_image","twitter_misc":{"Dur\u00e9e de lecture estim\u00e9e":"1 minute"},"schema":{"@context":"https:\/\/schema.org","@graph":[{"@type":"WebPage","@id":"https:\/\/www.etiktech.fr\/produit\/feuilles-autocollantes-a4-210x297mm-de-100-etiquettes-compatibles-avec-les-imprimantes-jet-encre-laser-et-photocopieur-garantie-sans-bourrage\/","url":"https:\/\/www.etiktech.fr\/produit\/feuilles-autocollantes-a4-210x297mm-de-100-etiquettes-compatibles-avec-les-imprimantes-jet-encre-laser-et-photocopieur-garantie-sans-bourrage\/","name":"Feuilles autocollantes A4 210x297mm de 100 \u00e9tiquettes. Compatibles avec les imprimantes jet encre, laser et photocopieur. Garantie sans bourrage. - Etiktech","isPartOf":{"@id":"https:\/\/www.etiktech.fr\/#website"},"primaryImageOfPage":{"@id":"https:\/\/www.etiktech.fr\/produit\/feuilles-autocollantes-a4-210x297mm-de-100-etiquettes-compatibles-avec-les-imprimantes-jet-encre-laser-et-photocopieur-garantie-sans-bourrage\/#primaryimage"},"image":{"@id":"https:\/\/www.etiktech.fr\/produit\/feuilles-autocollantes-a4-210x297mm-de-100-etiquettes-compatibles-avec-les-imprimantes-jet-encre-laser-et-photocopieur-garantie-sans-bourrage\/#primaryimage"},"thumbnailUrl":"https:\/\/www.etiktech.fr\/wp-content\/uploads\/2024\/11\/A4_1.jpeg","datePublished":"2024-11-14T14:22:32+00:00","dateModified":"2025-11-12T12:53:07+00:00","description":"Feuilles autocollantes A4 210x297mm de 100 \u00e9tiquettes. Compatibles avec les imprimantes jet encre, laser et photocopieur. Garantie sans bourrage.","breadcrumb":{"@id":"https:\/\/www.etiktech.fr\/produit\/feuilles-autocollantes-a4-210x297mm-de-100-etiquettes-compatibles-avec-les-imprimantes-jet-encre-laser-et-photocopieur-garantie-sans-bourrage\/#breadcrumb"},"inLanguage":"fr-FR","potentialAction":[{"@type":"ReadAction","target":["https:\/\/www.etiktech.fr\/produit\/feuilles-autocollantes-a4-210x297mm-de-100-etiquettes-compatibles-avec-les-imprimantes-jet-encre-laser-et-photocopieur-garantie-sans-bourrage\/"]}]},{"@type":"ImageObject","inLanguage":"fr-FR","@id":"https:\/\/www.etiktech.fr\/produit\/feuilles-autocollantes-a4-210x297mm-de-100-etiquettes-compatibles-avec-les-imprimantes-jet-encre-laser-et-photocopieur-garantie-sans-bourrage\/#primaryimage","url":"https:\/\/www.etiktech.fr\/wp-content\/uploads\/2024\/11\/A4_1.jpeg","contentUrl":"https:\/\/www.etiktech.fr\/wp-content\/uploads\/2024\/11\/A4_1.jpeg","width":1500,"height":1500},{"@type":"BreadcrumbList","@id":"https:\/\/www.etiktech.fr\/produit\/feuilles-autocollantes-a4-210x297mm-de-100-etiquettes-compatibles-avec-les-imprimantes-jet-encre-laser-et-photocopieur-garantie-sans-bourrage\/#breadcrumb","itemListElement":[{"@type":"ListItem","position":1,"name":"Accueil","item":"https:\/\/www.etiktech.fr\/fr\/"},{"@type":"ListItem","position":2,"name":"e-commerce","item":"https:\/\/www.etiktech.fr\/e-commerce\/"},{"@type":"ListItem","position":3,"name":"Feuilles autocollantes A4 210x297mm de 100 \u00e9tiquettes. Compatibles avec les imprimantes jet encre, laser et photocopieur. Garantie sans bourrage."}]},{"@type":"WebSite","@id":"https:\/\/www.etiktech.fr\/#website","url":"https:\/\/www.etiktech.fr\/","name":"Etiktech","description":"YOUR PRODUCTS, OUR PACKAGING EXCELLENCE","publisher":{"@id":"https:\/\/www.etiktech.fr\/#organization"},"potentialAction":[{"@type":"SearchAction","target":{"@type":"EntryPoint","urlTemplate":"https:\/\/www.etiktech.fr\/?s={search_term_string}"},"query-input":{"@type":"PropertyValueSpecification","valueRequired":true,"valueName":"search_term_string"}}],"inLanguage":"fr-FR"},{"@type":["Organization","Place"],"@id":"https:\/\/www.etiktech.fr\/#organization","name":"Etiktech","alternateName":"Etiktech","url":"https:\/\/www.etiktech.fr\/","logo":{"@id":"https:\/\/www.etiktech.fr\/produit\/feuilles-autocollantes-a4-210x297mm-de-100-etiquettes-compatibles-avec-les-imprimantes-jet-encre-laser-et-photocopieur-garantie-sans-bourrage\/#local-main-organization-logo"},"image":{"@id":"https:\/\/www.etiktech.fr\/produit\/feuilles-autocollantes-a4-210x297mm-de-100-etiquettes-compatibles-avec-les-imprimantes-jet-encre-laser-et-photocopieur-garantie-sans-bourrage\/#local-main-organization-logo"},"sameAs":["https:\/\/www.facebook.com\/people\/Etiktech\/61570904671530\/?mibextid=ZbWKwL","https:\/\/www.linkedin.com\/company\/etiktech"],"telephone":[],"openingHoursSpecification":[{"@type":"OpeningHoursSpecification","dayOfWeek":["Monday","Tuesday","Wednesday","Thursday","Friday","Saturday","Sunday"],"opens":"09:00","closes":"17:00"}]},{"@type":"ImageObject","inLanguage":"fr-FR","@id":"https:\/\/www.etiktech.fr\/produit\/feuilles-autocollantes-a4-210x297mm-de-100-etiquettes-compatibles-avec-les-imprimantes-jet-encre-laser-et-photocopieur-garantie-sans-bourrage\/#local-main-organization-logo","url":"https:\/\/www.etiktech.fr\/wp-content\/uploads\/2024\/08\/cropped-logo-site-1.png","contentUrl":"https:\/\/www.etiktech.fr\/wp-content\/uploads\/2024\/08\/cropped-logo-site-1.png","width":723,"height":108,"caption":"Etiktech"}]}},"jetpack_sharing_enabled":true,"_links":{"self":[{"href":"https:\/\/www.etiktech.fr\/fr\/wp-json\/wp\/v2\/product\/19210","targetHints":{"allow":["GET"]}}],"collection":[{"href":"https:\/\/www.etiktech.fr\/fr\/wp-json\/wp\/v2\/product"}],"about":[{"href":"https:\/\/www.etiktech.fr\/fr\/wp-json\/wp\/v2\/types\/product"}],"replies":[{"embeddable":true,"href":"https:\/\/www.etiktech.fr\/fr\/wp-json\/wp\/v2\/comments?post=19210"}],"wp:featuredmedia":[{"embeddable":true,"href":"https:\/\/www.etiktech.fr\/fr\/wp-json\/wp\/v2\/media\/19147"}],"wp:attachment":[{"href":"https:\/\/www.etiktech.fr\/fr\/wp-json\/wp\/v2\/media?parent=19210"}],"wp:term":[{"taxonomy":"product_brand","embeddable":true,"href":"https:\/\/www.etiktech.fr\/fr\/wp-json\/wp\/v2\/product_brand?post=19210"},{"taxonomy":"product_cat","embeddable":true,"href":"https:\/\/www.etiktech.fr\/fr\/wp-json\/wp\/v2\/product_cat?post=19210"},{"taxonomy":"product_tag","embeddable":true,"href":"https:\/\/www.etiktech.fr\/fr\/wp-json\/wp\/v2\/product_tag?post=19210"}],"curies":[{"name":"wp","href":"https:\/\/api.w.org\/{rel}","templated":true}]}}