{"id":19209,"date":"2024-11-14T15:01:30","date_gmt":"2024-11-14T14:01:30","guid":{"rendered":"https:\/\/www.etiktech.fr\/?post_type=product&#038;p=19209"},"modified":"2025-11-12T13:56:14","modified_gmt":"2025-11-12T12:56:14","slug":"etiquettes-thermiques-vierges-50x30-mm-diametre-mandrin-41-mm-1000-etiquettes-par-rouleau-compatible-avec-les-imprimantes-thermiques","status":"publish","type":"product","link":"https:\/\/www.etiktech.fr\/fr\/produit\/etiquettes-thermiques-vierges-50x30-mm-diametre-mandrin-41-mm-1000-etiquettes-par-rouleau-compatible-avec-les-imprimantes-thermiques\/","title":{"rendered":"Etiquettes thermiques vierges, 50&#215;30 mm, diam\u00e8tre mandrin 41 mm. 1000 \u00e9tiquettes par rouleau. Compatible avec les imprimantes thermiques."},"content":{"rendered":"<p>Taille :50x30mm<\/p>\n<p>Mandrin :41 mm<\/p>\n<p><span class=\"a-size-base a-text-bold\">Nombre d\u2019\u00e9tiquettes :\u00a0<span class=\"a-size-base po-break-word\">1000<\/span><\/span><\/p>\n<p>Mat\u00e9riau : Papier<\/p>\n<p>Type de finition : Plastifi\u00e9<\/p>\n<p><span class=\"a-size-base a-text-bold\">Couleur :\u00a0<span class=\"a-size-base po-break-word\">blanc<\/span><\/span><\/p>\n<p><span class=\"a-size-base a-text-bold\">Nombre d\u2019unit\u00e9s :<span class=\"a-size-base po-break-word\">1.0 unit\u00e9<\/span><\/span><\/p>\n<p>Compatible avec les imprimantes thermiques<\/p>\n","protected":false},"excerpt":{"rendered":"<h4 class=\"a-size-base-plus a-text-bold\">\u00c0 propos de cet article<\/h4>\n<p>Ce rouleau d\u2019\u00e9tiquettes thermiques vierges mesure <strong>50\u00d730 mm<\/strong> et poss\u00e8de un <strong>mandrin de 41 mm de diam\u00e8tre<\/strong>. Ce rouleau contient <strong>1000 \u00e9tiquettes<\/strong> et est <strong>compatible avec les imprimantes thermiques.<\/strong><\/p>\n<p>Id\u00e9ales pour l\u2019\u00e9tiquetage de produits, les envois postaux et les codes-barres, ces \u00e9tiquettes sont pratiques et polyvalentes. Leur taille standard et leur compatibilit\u00e9 avec toutes les imprimantes thermiques les rendent adapt\u00e9es \u00e0 une utilisation vari\u00e9e. Gr\u00e2ce \u00e0 leur <strong>mandrin de 41 mm<\/strong>, elles sont faciles \u00e0 stocker et conviennent aux bureaux, entrep\u00f4ts et commerces. Ce rouleau d\u2019\u00e9tiquettes est recommand\u00e9 pour l\u2019impression d\u2019\u00e9tiquettes personnalis\u00e9es avec des imprimantes thermiques. Il est conseill\u00e9 de le conserver dans un endroit sec et frais pour garantir la qualit\u00e9 des impressions.<\/p>\n","protected":false},"featured_media":19719,"comment_status":"open","ping_status":"closed","template":"","meta":[],"product_brand":[],"product_cat":[188],"product_tag":[189],"class_list":{"0":"post-19209","1":"product","2":"type-product","3":"status-publish","4":"has-post-thumbnail","6":"product_cat-etiquettes-vierges","7":"product_tag-rouleau","9":"first","10":"instock","11":"taxable","12":"shipping-taxable","13":"purchasable","14":"product-type-simple"},"yoast_head":"<!-- This site is optimized with the Yoast SEO Premium plugin v27.2 (Yoast SEO v27.3) - https:\/\/yoast.com\/product\/yoast-seo-premium-wordpress\/ -->\n<title>Etiquettes thermiques vierges, 50x30 mm, diam\u00e8tre mandrin 41 mm. 1000 \u00e9tiquettes par rouleau. Compatible avec les imprimantes thermiques. - Etiktech<\/title>\n<meta name=\"description\" content=\"Etiquettes thermiques vierges, 50x30 mm, diam\u00e8tre mandrin 41 mm. 1000 \u00e9tiquettes par rouleau. Compatible avec les imprimantes thermiques\" \/>\n<meta name=\"robots\" content=\"index, follow, max-snippet:-1, max-image-preview:large, max-video-preview:-1\" \/>\n<link rel=\"canonical\" href=\"https:\/\/www.etiktech.fr\/fr\/produit\/etiquettes-thermiques-vierges-50x30-mm-diametre-mandrin-41-mm-1000-etiquettes-par-rouleau-compatible-avec-les-imprimantes-thermiques\/\" \/>\n<meta property=\"og:locale\" content=\"fr_FR\" \/>\n<meta property=\"og:type\" content=\"article\" \/>\n<meta property=\"og:title\" content=\"Etiquettes thermiques vierges, 50x30 mm, diam\u00e8tre mandrin 41 mm. 1000 \u00e9tiquettes par rouleau. Compatible avec les imprimantes thermiques.\" \/>\n<meta property=\"og:description\" content=\"Etiquettes thermiques vierges, 50x30 mm, diam\u00e8tre mandrin 41 mm. 1000 \u00e9tiquettes par rouleau. Compatible avec les imprimantes thermiques\" \/>\n<meta property=\"og:url\" content=\"https:\/\/www.etiktech.fr\/fr\/produit\/etiquettes-thermiques-vierges-50x30-mm-diametre-mandrin-41-mm-1000-etiquettes-par-rouleau-compatible-avec-les-imprimantes-thermiques\/\" \/>\n<meta property=\"og:site_name\" content=\"Etiktech\" \/>\n<meta property=\"article:publisher\" content=\"https:\/\/www.facebook.com\/people\/Etiktech\/61570904671530\/?mibextid=ZbWKwL\" \/>\n<meta property=\"article:modified_time\" content=\"2025-11-12T12:56:14+00:00\" \/>\n<meta property=\"og:image\" content=\"https:\/\/www.etiktech.fr\/wp-content\/uploads\/2024\/11\/50X30.jpg\" \/>\n\t<meta property=\"og:image:width\" content=\"2000\" \/>\n\t<meta property=\"og:image:height\" content=\"2000\" \/>\n\t<meta property=\"og:image:type\" content=\"image\/jpeg\" \/>\n<meta name=\"twitter:card\" content=\"summary_large_image\" \/>\n<meta name=\"twitter:label1\" content=\"Dur\u00e9e de lecture estim\u00e9e\" \/>\n\t<meta name=\"twitter:data1\" content=\"1 minute\" \/>\n<script type=\"application\/ld+json\" class=\"yoast-schema-graph\">{\"@context\":\"https:\\\/\\\/schema.org\",\"@graph\":[{\"@type\":\"WebPage\",\"@id\":\"https:\\\/\\\/www.etiktech.fr\\\/produit\\\/etiquettes-thermiques-vierges-50x30-mm-diametre-mandrin-41-mm-1000-etiquettes-par-rouleau-compatible-avec-les-imprimantes-thermiques\\\/\",\"url\":\"https:\\\/\\\/www.etiktech.fr\\\/produit\\\/etiquettes-thermiques-vierges-50x30-mm-diametre-mandrin-41-mm-1000-etiquettes-par-rouleau-compatible-avec-les-imprimantes-thermiques\\\/\",\"name\":\"Etiquettes thermiques vierges, 50x30 mm, diam\u00e8tre mandrin 41 mm. 1000 \u00e9tiquettes par rouleau. Compatible avec les imprimantes thermiques. - Etiktech\",\"isPartOf\":{\"@id\":\"https:\\\/\\\/www.etiktech.fr\\\/#website\"},\"primaryImageOfPage\":{\"@id\":\"https:\\\/\\\/www.etiktech.fr\\\/produit\\\/etiquettes-thermiques-vierges-50x30-mm-diametre-mandrin-41-mm-1000-etiquettes-par-rouleau-compatible-avec-les-imprimantes-thermiques\\\/#primaryimage\"},\"image\":{\"@id\":\"https:\\\/\\\/www.etiktech.fr\\\/produit\\\/etiquettes-thermiques-vierges-50x30-mm-diametre-mandrin-41-mm-1000-etiquettes-par-rouleau-compatible-avec-les-imprimantes-thermiques\\\/#primaryimage\"},\"thumbnailUrl\":\"https:\\\/\\\/www.etiktech.fr\\\/wp-content\\\/uploads\\\/2024\\\/11\\\/50X30.jpg\",\"datePublished\":\"2024-11-14T14:01:30+00:00\",\"dateModified\":\"2025-11-12T12:56:14+00:00\",\"description\":\"Etiquettes thermiques vierges, 50x30 mm, diam\u00e8tre mandrin 41 mm. 1000 \u00e9tiquettes par rouleau. Compatible avec les imprimantes thermiques\",\"breadcrumb\":{\"@id\":\"https:\\\/\\\/www.etiktech.fr\\\/produit\\\/etiquettes-thermiques-vierges-50x30-mm-diametre-mandrin-41-mm-1000-etiquettes-par-rouleau-compatible-avec-les-imprimantes-thermiques\\\/#breadcrumb\"},\"inLanguage\":\"fr-FR\",\"potentialAction\":[{\"@type\":\"ReadAction\",\"target\":[\"https:\\\/\\\/www.etiktech.fr\\\/produit\\\/etiquettes-thermiques-vierges-50x30-mm-diametre-mandrin-41-mm-1000-etiquettes-par-rouleau-compatible-avec-les-imprimantes-thermiques\\\/\"]}]},{\"@type\":\"ImageObject\",\"inLanguage\":\"fr-FR\",\"@id\":\"https:\\\/\\\/www.etiktech.fr\\\/produit\\\/etiquettes-thermiques-vierges-50x30-mm-diametre-mandrin-41-mm-1000-etiquettes-par-rouleau-compatible-avec-les-imprimantes-thermiques\\\/#primaryimage\",\"url\":\"https:\\\/\\\/www.etiktech.fr\\\/wp-content\\\/uploads\\\/2024\\\/11\\\/50X30.jpg\",\"contentUrl\":\"https:\\\/\\\/www.etiktech.fr\\\/wp-content\\\/uploads\\\/2024\\\/11\\\/50X30.jpg\",\"width\":2000,\"height\":2000},{\"@type\":\"BreadcrumbList\",\"@id\":\"https:\\\/\\\/www.etiktech.fr\\\/produit\\\/etiquettes-thermiques-vierges-50x30-mm-diametre-mandrin-41-mm-1000-etiquettes-par-rouleau-compatible-avec-les-imprimantes-thermiques\\\/#breadcrumb\",\"itemListElement\":[{\"@type\":\"ListItem\",\"position\":1,\"name\":\"Accueil\",\"item\":\"https:\\\/\\\/www.etiktech.fr\\\/fr\\\/\"},{\"@type\":\"ListItem\",\"position\":2,\"name\":\"e-commerce\",\"item\":\"https:\\\/\\\/www.etiktech.fr\\\/e-commerce\\\/\"},{\"@type\":\"ListItem\",\"position\":3,\"name\":\"Etiquettes thermiques vierges, 50&#215;30 mm, diam\u00e8tre mandrin 41 mm. 1000 \u00e9tiquettes par rouleau. Compatible avec les imprimantes thermiques.\"}]},{\"@type\":\"WebSite\",\"@id\":\"https:\\\/\\\/www.etiktech.fr\\\/#website\",\"url\":\"https:\\\/\\\/www.etiktech.fr\\\/\",\"name\":\"Etiktech\",\"description\":\"YOUR PRODUCTS, OUR PACKAGING EXCELLENCE\",\"publisher\":{\"@id\":\"https:\\\/\\\/www.etiktech.fr\\\/#organization\"},\"potentialAction\":[{\"@type\":\"SearchAction\",\"target\":{\"@type\":\"EntryPoint\",\"urlTemplate\":\"https:\\\/\\\/www.etiktech.fr\\\/?s={search_term_string}\"},\"query-input\":{\"@type\":\"PropertyValueSpecification\",\"valueRequired\":true,\"valueName\":\"search_term_string\"}}],\"inLanguage\":\"fr-FR\"},{\"@type\":[\"Organization\",\"Place\"],\"@id\":\"https:\\\/\\\/www.etiktech.fr\\\/#organization\",\"name\":\"Etiktech\",\"alternateName\":\"Etiktech\",\"url\":\"https:\\\/\\\/www.etiktech.fr\\\/\",\"logo\":{\"@id\":\"https:\\\/\\\/www.etiktech.fr\\\/produit\\\/etiquettes-thermiques-vierges-50x30-mm-diametre-mandrin-41-mm-1000-etiquettes-par-rouleau-compatible-avec-les-imprimantes-thermiques\\\/#local-main-organization-logo\"},\"image\":{\"@id\":\"https:\\\/\\\/www.etiktech.fr\\\/produit\\\/etiquettes-thermiques-vierges-50x30-mm-diametre-mandrin-41-mm-1000-etiquettes-par-rouleau-compatible-avec-les-imprimantes-thermiques\\\/#local-main-organization-logo\"},\"sameAs\":[\"https:\\\/\\\/www.facebook.com\\\/people\\\/Etiktech\\\/61570904671530\\\/?mibextid=ZbWKwL\",\"https:\\\/\\\/www.linkedin.com\\\/company\\\/etiktech\"],\"telephone\":[],\"openingHoursSpecification\":[{\"@type\":\"OpeningHoursSpecification\",\"dayOfWeek\":[\"Monday\",\"Tuesday\",\"Wednesday\",\"Thursday\",\"Friday\",\"Saturday\",\"Sunday\"],\"opens\":\"09:00\",\"closes\":\"17:00\"}]},{\"@type\":\"ImageObject\",\"inLanguage\":\"fr-FR\",\"@id\":\"https:\\\/\\\/www.etiktech.fr\\\/produit\\\/etiquettes-thermiques-vierges-50x30-mm-diametre-mandrin-41-mm-1000-etiquettes-par-rouleau-compatible-avec-les-imprimantes-thermiques\\\/#local-main-organization-logo\",\"url\":\"https:\\\/\\\/www.etiktech.fr\\\/wp-content\\\/uploads\\\/2024\\\/08\\\/cropped-logo-site-1.png\",\"contentUrl\":\"https:\\\/\\\/www.etiktech.fr\\\/wp-content\\\/uploads\\\/2024\\\/08\\\/cropped-logo-site-1.png\",\"width\":723,\"height\":108,\"caption\":\"Etiktech\"}]}<\/script>\n<!-- \/ Yoast SEO Premium plugin. -->","yoast_head_json":{"title":"Etiquettes thermiques vierges, 50x30 mm, diam\u00e8tre mandrin 41 mm. 1000 \u00e9tiquettes par rouleau. Compatible avec les imprimantes thermiques. - Etiktech","description":"Etiquettes thermiques vierges, 50x30 mm, diam\u00e8tre mandrin 41 mm. 1000 \u00e9tiquettes par rouleau. Compatible avec les imprimantes thermiques","robots":{"index":"index","follow":"follow","max-snippet":"max-snippet:-1","max-image-preview":"max-image-preview:large","max-video-preview":"max-video-preview:-1"},"canonical":"https:\/\/www.etiktech.fr\/fr\/produit\/etiquettes-thermiques-vierges-50x30-mm-diametre-mandrin-41-mm-1000-etiquettes-par-rouleau-compatible-avec-les-imprimantes-thermiques\/","og_locale":"fr_FR","og_type":"article","og_title":"Etiquettes thermiques vierges, 50x30 mm, diam\u00e8tre mandrin 41 mm. 1000 \u00e9tiquettes par rouleau. Compatible avec les imprimantes thermiques.","og_description":"Etiquettes thermiques vierges, 50x30 mm, diam\u00e8tre mandrin 41 mm. 1000 \u00e9tiquettes par rouleau. Compatible avec les imprimantes thermiques","og_url":"https:\/\/www.etiktech.fr\/fr\/produit\/etiquettes-thermiques-vierges-50x30-mm-diametre-mandrin-41-mm-1000-etiquettes-par-rouleau-compatible-avec-les-imprimantes-thermiques\/","og_site_name":"Etiktech","article_publisher":"https:\/\/www.facebook.com\/people\/Etiktech\/61570904671530\/?mibextid=ZbWKwL","article_modified_time":"2025-11-12T12:56:14+00:00","og_image":[{"width":2000,"height":2000,"url":"https:\/\/www.etiktech.fr\/wp-content\/uploads\/2024\/11\/50X30.jpg","type":"image\/jpeg"}],"twitter_card":"summary_large_image","twitter_misc":{"Dur\u00e9e de lecture estim\u00e9e":"1 minute"},"schema":{"@context":"https:\/\/schema.org","@graph":[{"@type":"WebPage","@id":"https:\/\/www.etiktech.fr\/produit\/etiquettes-thermiques-vierges-50x30-mm-diametre-mandrin-41-mm-1000-etiquettes-par-rouleau-compatible-avec-les-imprimantes-thermiques\/","url":"https:\/\/www.etiktech.fr\/produit\/etiquettes-thermiques-vierges-50x30-mm-diametre-mandrin-41-mm-1000-etiquettes-par-rouleau-compatible-avec-les-imprimantes-thermiques\/","name":"Etiquettes thermiques vierges, 50x30 mm, diam\u00e8tre mandrin 41 mm. 1000 \u00e9tiquettes par rouleau. Compatible avec les imprimantes thermiques. - Etiktech","isPartOf":{"@id":"https:\/\/www.etiktech.fr\/#website"},"primaryImageOfPage":{"@id":"https:\/\/www.etiktech.fr\/produit\/etiquettes-thermiques-vierges-50x30-mm-diametre-mandrin-41-mm-1000-etiquettes-par-rouleau-compatible-avec-les-imprimantes-thermiques\/#primaryimage"},"image":{"@id":"https:\/\/www.etiktech.fr\/produit\/etiquettes-thermiques-vierges-50x30-mm-diametre-mandrin-41-mm-1000-etiquettes-par-rouleau-compatible-avec-les-imprimantes-thermiques\/#primaryimage"},"thumbnailUrl":"https:\/\/www.etiktech.fr\/wp-content\/uploads\/2024\/11\/50X30.jpg","datePublished":"2024-11-14T14:01:30+00:00","dateModified":"2025-11-12T12:56:14+00:00","description":"Etiquettes thermiques vierges, 50x30 mm, diam\u00e8tre mandrin 41 mm. 1000 \u00e9tiquettes par rouleau. Compatible avec les imprimantes thermiques","breadcrumb":{"@id":"https:\/\/www.etiktech.fr\/produit\/etiquettes-thermiques-vierges-50x30-mm-diametre-mandrin-41-mm-1000-etiquettes-par-rouleau-compatible-avec-les-imprimantes-thermiques\/#breadcrumb"},"inLanguage":"fr-FR","potentialAction":[{"@type":"ReadAction","target":["https:\/\/www.etiktech.fr\/produit\/etiquettes-thermiques-vierges-50x30-mm-diametre-mandrin-41-mm-1000-etiquettes-par-rouleau-compatible-avec-les-imprimantes-thermiques\/"]}]},{"@type":"ImageObject","inLanguage":"fr-FR","@id":"https:\/\/www.etiktech.fr\/produit\/etiquettes-thermiques-vierges-50x30-mm-diametre-mandrin-41-mm-1000-etiquettes-par-rouleau-compatible-avec-les-imprimantes-thermiques\/#primaryimage","url":"https:\/\/www.etiktech.fr\/wp-content\/uploads\/2024\/11\/50X30.jpg","contentUrl":"https:\/\/www.etiktech.fr\/wp-content\/uploads\/2024\/11\/50X30.jpg","width":2000,"height":2000},{"@type":"BreadcrumbList","@id":"https:\/\/www.etiktech.fr\/produit\/etiquettes-thermiques-vierges-50x30-mm-diametre-mandrin-41-mm-1000-etiquettes-par-rouleau-compatible-avec-les-imprimantes-thermiques\/#breadcrumb","itemListElement":[{"@type":"ListItem","position":1,"name":"Accueil","item":"https:\/\/www.etiktech.fr\/fr\/"},{"@type":"ListItem","position":2,"name":"e-commerce","item":"https:\/\/www.etiktech.fr\/e-commerce\/"},{"@type":"ListItem","position":3,"name":"Etiquettes thermiques vierges, 50&#215;30 mm, diam\u00e8tre mandrin 41 mm. 1000 \u00e9tiquettes par rouleau. Compatible avec les imprimantes thermiques."}]},{"@type":"WebSite","@id":"https:\/\/www.etiktech.fr\/#website","url":"https:\/\/www.etiktech.fr\/","name":"Etiktech","description":"YOUR PRODUCTS, OUR PACKAGING EXCELLENCE","publisher":{"@id":"https:\/\/www.etiktech.fr\/#organization"},"potentialAction":[{"@type":"SearchAction","target":{"@type":"EntryPoint","urlTemplate":"https:\/\/www.etiktech.fr\/?s={search_term_string}"},"query-input":{"@type":"PropertyValueSpecification","valueRequired":true,"valueName":"search_term_string"}}],"inLanguage":"fr-FR"},{"@type":["Organization","Place"],"@id":"https:\/\/www.etiktech.fr\/#organization","name":"Etiktech","alternateName":"Etiktech","url":"https:\/\/www.etiktech.fr\/","logo":{"@id":"https:\/\/www.etiktech.fr\/produit\/etiquettes-thermiques-vierges-50x30-mm-diametre-mandrin-41-mm-1000-etiquettes-par-rouleau-compatible-avec-les-imprimantes-thermiques\/#local-main-organization-logo"},"image":{"@id":"https:\/\/www.etiktech.fr\/produit\/etiquettes-thermiques-vierges-50x30-mm-diametre-mandrin-41-mm-1000-etiquettes-par-rouleau-compatible-avec-les-imprimantes-thermiques\/#local-main-organization-logo"},"sameAs":["https:\/\/www.facebook.com\/people\/Etiktech\/61570904671530\/?mibextid=ZbWKwL","https:\/\/www.linkedin.com\/company\/etiktech"],"telephone":[],"openingHoursSpecification":[{"@type":"OpeningHoursSpecification","dayOfWeek":["Monday","Tuesday","Wednesday","Thursday","Friday","Saturday","Sunday"],"opens":"09:00","closes":"17:00"}]},{"@type":"ImageObject","inLanguage":"fr-FR","@id":"https:\/\/www.etiktech.fr\/produit\/etiquettes-thermiques-vierges-50x30-mm-diametre-mandrin-41-mm-1000-etiquettes-par-rouleau-compatible-avec-les-imprimantes-thermiques\/#local-main-organization-logo","url":"https:\/\/www.etiktech.fr\/wp-content\/uploads\/2024\/08\/cropped-logo-site-1.png","contentUrl":"https:\/\/www.etiktech.fr\/wp-content\/uploads\/2024\/08\/cropped-logo-site-1.png","width":723,"height":108,"caption":"Etiktech"}]}},"jetpack_sharing_enabled":true,"_links":{"self":[{"href":"https:\/\/www.etiktech.fr\/fr\/wp-json\/wp\/v2\/product\/19209","targetHints":{"allow":["GET"]}}],"collection":[{"href":"https:\/\/www.etiktech.fr\/fr\/wp-json\/wp\/v2\/product"}],"about":[{"href":"https:\/\/www.etiktech.fr\/fr\/wp-json\/wp\/v2\/types\/product"}],"replies":[{"embeddable":true,"href":"https:\/\/www.etiktech.fr\/fr\/wp-json\/wp\/v2\/comments?post=19209"}],"wp:featuredmedia":[{"embeddable":true,"href":"https:\/\/www.etiktech.fr\/fr\/wp-json\/wp\/v2\/media\/19719"}],"wp:attachment":[{"href":"https:\/\/www.etiktech.fr\/fr\/wp-json\/wp\/v2\/media?parent=19209"}],"wp:term":[{"taxonomy":"product_brand","embeddable":true,"href":"https:\/\/www.etiktech.fr\/fr\/wp-json\/wp\/v2\/product_brand?post=19209"},{"taxonomy":"product_cat","embeddable":true,"href":"https:\/\/www.etiktech.fr\/fr\/wp-json\/wp\/v2\/product_cat?post=19209"},{"taxonomy":"product_tag","embeddable":true,"href":"https:\/\/www.etiktech.fr\/fr\/wp-json\/wp\/v2\/product_tag?post=19209"}],"curies":[{"name":"wp","href":"https:\/\/api.w.org\/{rel}","templated":true}]}}