{"id":19207,"date":"2024-11-14T11:14:45","date_gmt":"2024-11-14T10:14:45","guid":{"rendered":"https:\/\/www.etiktech.fr\/?post_type=product&#038;p=19207"},"modified":"2025-11-12T14:46:46","modified_gmt":"2025-11-12T13:46:46","slug":"etiquettes-vierges-74x210mm-papier-blanc-mat-en-velin-diametre-mandrin-41-vendues-par-1-rouleau-500-etiquettes-par-rouleau-compatible-avec-les-imprimantes-thermiques-copie","status":"publish","type":"product","link":"https:\/\/www.etiktech.fr\/fr\/produit\/etiquettes-vierges-74x210mm-papier-blanc-mat-en-velin-diametre-mandrin-41-vendues-par-1-rouleau-500-etiquettes-par-rouleau-compatible-avec-les-imprimantes-thermiques-copie\/","title":{"rendered":"Etiquettes vierges 74x210mm papier blanc mat en v\u00e9lin diam\u00e8tre mandrin 41 Vendues par 1 rouleau. 500 \u00e9tiquettes par rouleau. Compatible avec les imprimantes thermiques."},"content":{"rendered":"<p>Taille :74x210mm<\/p>\n<p>Mandrin :41 mm<\/p>\n<p><span class=\"a-size-base a-text-bold\">Nombre d&rsquo;\u00e9tiquettes : <span class=\"a-size-base po-break-word\">500<\/span><\/span><\/p>\n<p><span class=\"a-size-base a-text-bold\">Couleur : <span class=\"a-size-base po-break-word\">blanc mat<\/span><\/span><\/p>\n<p><span class=\"a-size-base a-text-bold\">Nombre d&rsquo;unit\u00e9s :<span class=\"a-size-base po-break-word\">1.0 unit\u00e9<\/span><\/span><\/p>\n<p>Compatible avec les imprimantes thermiques<\/p>\n<p>&nbsp;<\/p>\n","protected":false},"excerpt":{"rendered":"<h4>\u00c0 propos de cet article<\/h4>\n<p>Cette bobine d\u2019\u00e9tiquettes vierges de <strong>74&#215;210 mm en papier blanc mat v\u00e9lin<\/strong>, avec <strong>un mandrin de 41 mm<\/strong>, est <strong>compatible avec les imprimantes thermiques<\/strong>. Ce rouleau <strong>contient 500 \u00e9tiquettes,<\/strong> parfait pour des besoins d\u2019\u00e9tiquetage importants.<\/p>\n<p>Con\u00e7ues pour les imprimantes thermiques, elles garantissent une impression claire et une adh\u00e9sion optimale. <strong>R\u00e9sistantes aux \u00e9raflures<\/strong>, elles conservent un aspect propre m\u00eame apr\u00e8s manipulation. Ces \u00e9tiquettes sont id\u00e9ales pour des achats en grande quantit\u00e9 et peuvent \u00eatre utilis\u00e9es dans une plage de temp\u00e9rature de <strong>-20\u00b0C \u00e0 80\u00b0C<\/strong>, <strong>avec une dur\u00e9e de stockage de 24 mois \u00e0 22\u00b0C et 50% d\u2019humidit\u00e9 relative.<\/strong><\/p>\n","protected":false},"featured_media":19157,"comment_status":"open","ping_status":"closed","template":"","meta":[],"product_brand":[],"product_cat":[188],"product_tag":[189],"class_list":{"0":"post-19207","1":"product","2":"type-product","3":"status-publish","4":"has-post-thumbnail","6":"product_cat-etiquettes-vierges","7":"product_tag-rouleau","9":"first","10":"instock","11":"taxable","12":"shipping-taxable","13":"purchasable","14":"product-type-simple"},"yoast_head":"<!-- This site is optimized with the Yoast SEO Premium plugin v27.2 (Yoast SEO v27.3) - https:\/\/yoast.com\/product\/yoast-seo-premium-wordpress\/ -->\n<title>Etiquettes vierges 74x210mm papier blanc mat en v\u00e9lin diam\u00e8tre mandrin 41 Vendues par 1 rouleau. 500 \u00e9tiquettes par rouleau. Compatible avec les imprimantes thermiques. - Etiktech<\/title>\n<meta name=\"description\" content=\"Etiquettes vierges 74x210mm papier blanc mat en v\u00e9lin diam\u00e8tre mandrin 41 Vendues par 1 rouleau. 500 \u00e9tiquettes par rouleau. Compatible avec les imprimantes thermiques.\" \/>\n<meta name=\"robots\" content=\"index, follow, max-snippet:-1, max-image-preview:large, max-video-preview:-1\" \/>\n<link rel=\"canonical\" href=\"https:\/\/www.etiktech.fr\/fr\/produit\/etiquettes-vierges-74x210mm-papier-blanc-mat-en-velin-diametre-mandrin-41-vendues-par-1-rouleau-500-etiquettes-par-rouleau-compatible-avec-les-imprimantes-thermiques-copie\/\" \/>\n<meta property=\"og:locale\" content=\"fr_FR\" \/>\n<meta property=\"og:type\" content=\"article\" \/>\n<meta property=\"og:title\" content=\"Etiquettes vierges 74x210mm papier blanc mat en v\u00e9lin diam\u00e8tre mandrin 41 Vendues par 1 rouleau. 500 \u00e9tiquettes par rouleau. Compatible avec les imprimantes thermiques.\" \/>\n<meta property=\"og:description\" content=\"Etiquettes vierges 74x210mm papier blanc mat en v\u00e9lin diam\u00e8tre mandrin 41 Vendues par 1 rouleau. 500 \u00e9tiquettes par rouleau. Compatible avec les imprimantes thermiques.\" \/>\n<meta property=\"og:url\" content=\"https:\/\/www.etiktech.fr\/fr\/produit\/etiquettes-vierges-74x210mm-papier-blanc-mat-en-velin-diametre-mandrin-41-vendues-par-1-rouleau-500-etiquettes-par-rouleau-compatible-avec-les-imprimantes-thermiques-copie\/\" \/>\n<meta property=\"og:site_name\" content=\"Etiktech\" \/>\n<meta property=\"article:publisher\" content=\"https:\/\/www.facebook.com\/people\/Etiktech\/61570904671530\/?mibextid=ZbWKwL\" \/>\n<meta property=\"article:modified_time\" content=\"2025-11-12T13:46:46+00:00\" \/>\n<meta property=\"og:image\" content=\"https:\/\/www.etiktech.fr\/wp-content\/uploads\/2024\/11\/74-210.jpg\" \/>\n\t<meta property=\"og:image:width\" content=\"1500\" \/>\n\t<meta property=\"og:image:height\" content=\"1500\" \/>\n\t<meta property=\"og:image:type\" content=\"image\/jpeg\" \/>\n<meta name=\"twitter:card\" content=\"summary_large_image\" \/>\n<meta name=\"twitter:label1\" content=\"Dur\u00e9e de lecture estim\u00e9e\" \/>\n\t<meta name=\"twitter:data1\" content=\"1 minute\" \/>\n<script type=\"application\/ld+json\" class=\"yoast-schema-graph\">{\"@context\":\"https:\\\/\\\/schema.org\",\"@graph\":[{\"@type\":\"WebPage\",\"@id\":\"https:\\\/\\\/www.etiktech.fr\\\/produit\\\/etiquettes-vierges-74x210mm-papier-blanc-mat-en-velin-diametre-mandrin-41-vendues-par-1-rouleau-500-etiquettes-par-rouleau-compatible-avec-les-imprimantes-thermiques-copie\\\/\",\"url\":\"https:\\\/\\\/www.etiktech.fr\\\/produit\\\/etiquettes-vierges-74x210mm-papier-blanc-mat-en-velin-diametre-mandrin-41-vendues-par-1-rouleau-500-etiquettes-par-rouleau-compatible-avec-les-imprimantes-thermiques-copie\\\/\",\"name\":\"Etiquettes vierges 74x210mm papier blanc mat en v\u00e9lin diam\u00e8tre mandrin 41 Vendues par 1 rouleau. 500 \u00e9tiquettes par rouleau. Compatible avec les imprimantes thermiques. - Etiktech\",\"isPartOf\":{\"@id\":\"https:\\\/\\\/www.etiktech.fr\\\/#website\"},\"primaryImageOfPage\":{\"@id\":\"https:\\\/\\\/www.etiktech.fr\\\/produit\\\/etiquettes-vierges-74x210mm-papier-blanc-mat-en-velin-diametre-mandrin-41-vendues-par-1-rouleau-500-etiquettes-par-rouleau-compatible-avec-les-imprimantes-thermiques-copie\\\/#primaryimage\"},\"image\":{\"@id\":\"https:\\\/\\\/www.etiktech.fr\\\/produit\\\/etiquettes-vierges-74x210mm-papier-blanc-mat-en-velin-diametre-mandrin-41-vendues-par-1-rouleau-500-etiquettes-par-rouleau-compatible-avec-les-imprimantes-thermiques-copie\\\/#primaryimage\"},\"thumbnailUrl\":\"https:\\\/\\\/www.etiktech.fr\\\/wp-content\\\/uploads\\\/2024\\\/11\\\/74-210.jpg\",\"datePublished\":\"2024-11-14T10:14:45+00:00\",\"dateModified\":\"2025-11-12T13:46:46+00:00\",\"description\":\"Etiquettes vierges 74x210mm papier blanc mat en v\u00e9lin diam\u00e8tre mandrin 41 Vendues par 1 rouleau. 500 \u00e9tiquettes par rouleau. Compatible avec les imprimantes thermiques.\",\"breadcrumb\":{\"@id\":\"https:\\\/\\\/www.etiktech.fr\\\/produit\\\/etiquettes-vierges-74x210mm-papier-blanc-mat-en-velin-diametre-mandrin-41-vendues-par-1-rouleau-500-etiquettes-par-rouleau-compatible-avec-les-imprimantes-thermiques-copie\\\/#breadcrumb\"},\"inLanguage\":\"fr-FR\",\"potentialAction\":[{\"@type\":\"ReadAction\",\"target\":[\"https:\\\/\\\/www.etiktech.fr\\\/produit\\\/etiquettes-vierges-74x210mm-papier-blanc-mat-en-velin-diametre-mandrin-41-vendues-par-1-rouleau-500-etiquettes-par-rouleau-compatible-avec-les-imprimantes-thermiques-copie\\\/\"]}]},{\"@type\":\"ImageObject\",\"inLanguage\":\"fr-FR\",\"@id\":\"https:\\\/\\\/www.etiktech.fr\\\/produit\\\/etiquettes-vierges-74x210mm-papier-blanc-mat-en-velin-diametre-mandrin-41-vendues-par-1-rouleau-500-etiquettes-par-rouleau-compatible-avec-les-imprimantes-thermiques-copie\\\/#primaryimage\",\"url\":\"https:\\\/\\\/www.etiktech.fr\\\/wp-content\\\/uploads\\\/2024\\\/11\\\/74-210.jpg\",\"contentUrl\":\"https:\\\/\\\/www.etiktech.fr\\\/wp-content\\\/uploads\\\/2024\\\/11\\\/74-210.jpg\",\"width\":1500,\"height\":1500},{\"@type\":\"BreadcrumbList\",\"@id\":\"https:\\\/\\\/www.etiktech.fr\\\/produit\\\/etiquettes-vierges-74x210mm-papier-blanc-mat-en-velin-diametre-mandrin-41-vendues-par-1-rouleau-500-etiquettes-par-rouleau-compatible-avec-les-imprimantes-thermiques-copie\\\/#breadcrumb\",\"itemListElement\":[{\"@type\":\"ListItem\",\"position\":1,\"name\":\"Accueil\",\"item\":\"https:\\\/\\\/www.etiktech.fr\\\/fr\\\/\"},{\"@type\":\"ListItem\",\"position\":2,\"name\":\"e-commerce\",\"item\":\"https:\\\/\\\/www.etiktech.fr\\\/e-commerce\\\/\"},{\"@type\":\"ListItem\",\"position\":3,\"name\":\"Etiquettes vierges 74x210mm papier blanc mat en v\u00e9lin diam\u00e8tre mandrin 41 Vendues par 1 rouleau. 500 \u00e9tiquettes par rouleau. Compatible avec les imprimantes thermiques.\"}]},{\"@type\":\"WebSite\",\"@id\":\"https:\\\/\\\/www.etiktech.fr\\\/#website\",\"url\":\"https:\\\/\\\/www.etiktech.fr\\\/\",\"name\":\"Etiktech\",\"description\":\"YOUR PRODUCTS, OUR PACKAGING EXCELLENCE\",\"publisher\":{\"@id\":\"https:\\\/\\\/www.etiktech.fr\\\/#organization\"},\"potentialAction\":[{\"@type\":\"SearchAction\",\"target\":{\"@type\":\"EntryPoint\",\"urlTemplate\":\"https:\\\/\\\/www.etiktech.fr\\\/?s={search_term_string}\"},\"query-input\":{\"@type\":\"PropertyValueSpecification\",\"valueRequired\":true,\"valueName\":\"search_term_string\"}}],\"inLanguage\":\"fr-FR\"},{\"@type\":[\"Organization\",\"Place\"],\"@id\":\"https:\\\/\\\/www.etiktech.fr\\\/#organization\",\"name\":\"Etiktech\",\"alternateName\":\"Etiktech\",\"url\":\"https:\\\/\\\/www.etiktech.fr\\\/\",\"logo\":{\"@id\":\"https:\\\/\\\/www.etiktech.fr\\\/produit\\\/etiquettes-vierges-74x210mm-papier-blanc-mat-en-velin-diametre-mandrin-41-vendues-par-1-rouleau-500-etiquettes-par-rouleau-compatible-avec-les-imprimantes-thermiques-copie\\\/#local-main-organization-logo\"},\"image\":{\"@id\":\"https:\\\/\\\/www.etiktech.fr\\\/produit\\\/etiquettes-vierges-74x210mm-papier-blanc-mat-en-velin-diametre-mandrin-41-vendues-par-1-rouleau-500-etiquettes-par-rouleau-compatible-avec-les-imprimantes-thermiques-copie\\\/#local-main-organization-logo\"},\"sameAs\":[\"https:\\\/\\\/www.facebook.com\\\/people\\\/Etiktech\\\/61570904671530\\\/?mibextid=ZbWKwL\",\"https:\\\/\\\/www.linkedin.com\\\/company\\\/etiktech\"],\"telephone\":[],\"openingHoursSpecification\":[{\"@type\":\"OpeningHoursSpecification\",\"dayOfWeek\":[\"Monday\",\"Tuesday\",\"Wednesday\",\"Thursday\",\"Friday\",\"Saturday\",\"Sunday\"],\"opens\":\"09:00\",\"closes\":\"17:00\"}]},{\"@type\":\"ImageObject\",\"inLanguage\":\"fr-FR\",\"@id\":\"https:\\\/\\\/www.etiktech.fr\\\/produit\\\/etiquettes-vierges-74x210mm-papier-blanc-mat-en-velin-diametre-mandrin-41-vendues-par-1-rouleau-500-etiquettes-par-rouleau-compatible-avec-les-imprimantes-thermiques-copie\\\/#local-main-organization-logo\",\"url\":\"https:\\\/\\\/www.etiktech.fr\\\/wp-content\\\/uploads\\\/2024\\\/08\\\/cropped-logo-site-1.png\",\"contentUrl\":\"https:\\\/\\\/www.etiktech.fr\\\/wp-content\\\/uploads\\\/2024\\\/08\\\/cropped-logo-site-1.png\",\"width\":723,\"height\":108,\"caption\":\"Etiktech\"}]}<\/script>\n<!-- \/ Yoast SEO Premium plugin. -->","yoast_head_json":{"title":"Etiquettes vierges 74x210mm papier blanc mat en v\u00e9lin diam\u00e8tre mandrin 41 Vendues par 1 rouleau. 500 \u00e9tiquettes par rouleau. Compatible avec les imprimantes thermiques. - Etiktech","description":"Etiquettes vierges 74x210mm papier blanc mat en v\u00e9lin diam\u00e8tre mandrin 41 Vendues par 1 rouleau. 500 \u00e9tiquettes par rouleau. Compatible avec les imprimantes thermiques.","robots":{"index":"index","follow":"follow","max-snippet":"max-snippet:-1","max-image-preview":"max-image-preview:large","max-video-preview":"max-video-preview:-1"},"canonical":"https:\/\/www.etiktech.fr\/fr\/produit\/etiquettes-vierges-74x210mm-papier-blanc-mat-en-velin-diametre-mandrin-41-vendues-par-1-rouleau-500-etiquettes-par-rouleau-compatible-avec-les-imprimantes-thermiques-copie\/","og_locale":"fr_FR","og_type":"article","og_title":"Etiquettes vierges 74x210mm papier blanc mat en v\u00e9lin diam\u00e8tre mandrin 41 Vendues par 1 rouleau. 500 \u00e9tiquettes par rouleau. Compatible avec les imprimantes thermiques.","og_description":"Etiquettes vierges 74x210mm papier blanc mat en v\u00e9lin diam\u00e8tre mandrin 41 Vendues par 1 rouleau. 500 \u00e9tiquettes par rouleau. Compatible avec les imprimantes thermiques.","og_url":"https:\/\/www.etiktech.fr\/fr\/produit\/etiquettes-vierges-74x210mm-papier-blanc-mat-en-velin-diametre-mandrin-41-vendues-par-1-rouleau-500-etiquettes-par-rouleau-compatible-avec-les-imprimantes-thermiques-copie\/","og_site_name":"Etiktech","article_publisher":"https:\/\/www.facebook.com\/people\/Etiktech\/61570904671530\/?mibextid=ZbWKwL","article_modified_time":"2025-11-12T13:46:46+00:00","og_image":[{"width":1500,"height":1500,"url":"https:\/\/www.etiktech.fr\/wp-content\/uploads\/2024\/11\/74-210.jpg","type":"image\/jpeg"}],"twitter_card":"summary_large_image","twitter_misc":{"Dur\u00e9e de lecture estim\u00e9e":"1 minute"},"schema":{"@context":"https:\/\/schema.org","@graph":[{"@type":"WebPage","@id":"https:\/\/www.etiktech.fr\/produit\/etiquettes-vierges-74x210mm-papier-blanc-mat-en-velin-diametre-mandrin-41-vendues-par-1-rouleau-500-etiquettes-par-rouleau-compatible-avec-les-imprimantes-thermiques-copie\/","url":"https:\/\/www.etiktech.fr\/produit\/etiquettes-vierges-74x210mm-papier-blanc-mat-en-velin-diametre-mandrin-41-vendues-par-1-rouleau-500-etiquettes-par-rouleau-compatible-avec-les-imprimantes-thermiques-copie\/","name":"Etiquettes vierges 74x210mm papier blanc mat en v\u00e9lin diam\u00e8tre mandrin 41 Vendues par 1 rouleau. 500 \u00e9tiquettes par rouleau. Compatible avec les imprimantes thermiques. - Etiktech","isPartOf":{"@id":"https:\/\/www.etiktech.fr\/#website"},"primaryImageOfPage":{"@id":"https:\/\/www.etiktech.fr\/produit\/etiquettes-vierges-74x210mm-papier-blanc-mat-en-velin-diametre-mandrin-41-vendues-par-1-rouleau-500-etiquettes-par-rouleau-compatible-avec-les-imprimantes-thermiques-copie\/#primaryimage"},"image":{"@id":"https:\/\/www.etiktech.fr\/produit\/etiquettes-vierges-74x210mm-papier-blanc-mat-en-velin-diametre-mandrin-41-vendues-par-1-rouleau-500-etiquettes-par-rouleau-compatible-avec-les-imprimantes-thermiques-copie\/#primaryimage"},"thumbnailUrl":"https:\/\/www.etiktech.fr\/wp-content\/uploads\/2024\/11\/74-210.jpg","datePublished":"2024-11-14T10:14:45+00:00","dateModified":"2025-11-12T13:46:46+00:00","description":"Etiquettes vierges 74x210mm papier blanc mat en v\u00e9lin diam\u00e8tre mandrin 41 Vendues par 1 rouleau. 500 \u00e9tiquettes par rouleau. Compatible avec les imprimantes thermiques.","breadcrumb":{"@id":"https:\/\/www.etiktech.fr\/produit\/etiquettes-vierges-74x210mm-papier-blanc-mat-en-velin-diametre-mandrin-41-vendues-par-1-rouleau-500-etiquettes-par-rouleau-compatible-avec-les-imprimantes-thermiques-copie\/#breadcrumb"},"inLanguage":"fr-FR","potentialAction":[{"@type":"ReadAction","target":["https:\/\/www.etiktech.fr\/produit\/etiquettes-vierges-74x210mm-papier-blanc-mat-en-velin-diametre-mandrin-41-vendues-par-1-rouleau-500-etiquettes-par-rouleau-compatible-avec-les-imprimantes-thermiques-copie\/"]}]},{"@type":"ImageObject","inLanguage":"fr-FR","@id":"https:\/\/www.etiktech.fr\/produit\/etiquettes-vierges-74x210mm-papier-blanc-mat-en-velin-diametre-mandrin-41-vendues-par-1-rouleau-500-etiquettes-par-rouleau-compatible-avec-les-imprimantes-thermiques-copie\/#primaryimage","url":"https:\/\/www.etiktech.fr\/wp-content\/uploads\/2024\/11\/74-210.jpg","contentUrl":"https:\/\/www.etiktech.fr\/wp-content\/uploads\/2024\/11\/74-210.jpg","width":1500,"height":1500},{"@type":"BreadcrumbList","@id":"https:\/\/www.etiktech.fr\/produit\/etiquettes-vierges-74x210mm-papier-blanc-mat-en-velin-diametre-mandrin-41-vendues-par-1-rouleau-500-etiquettes-par-rouleau-compatible-avec-les-imprimantes-thermiques-copie\/#breadcrumb","itemListElement":[{"@type":"ListItem","position":1,"name":"Accueil","item":"https:\/\/www.etiktech.fr\/fr\/"},{"@type":"ListItem","position":2,"name":"e-commerce","item":"https:\/\/www.etiktech.fr\/e-commerce\/"},{"@type":"ListItem","position":3,"name":"Etiquettes vierges 74x210mm papier blanc mat en v\u00e9lin diam\u00e8tre mandrin 41 Vendues par 1 rouleau. 500 \u00e9tiquettes par rouleau. Compatible avec les imprimantes thermiques."}]},{"@type":"WebSite","@id":"https:\/\/www.etiktech.fr\/#website","url":"https:\/\/www.etiktech.fr\/","name":"Etiktech","description":"YOUR PRODUCTS, OUR PACKAGING EXCELLENCE","publisher":{"@id":"https:\/\/www.etiktech.fr\/#organization"},"potentialAction":[{"@type":"SearchAction","target":{"@type":"EntryPoint","urlTemplate":"https:\/\/www.etiktech.fr\/?s={search_term_string}"},"query-input":{"@type":"PropertyValueSpecification","valueRequired":true,"valueName":"search_term_string"}}],"inLanguage":"fr-FR"},{"@type":["Organization","Place"],"@id":"https:\/\/www.etiktech.fr\/#organization","name":"Etiktech","alternateName":"Etiktech","url":"https:\/\/www.etiktech.fr\/","logo":{"@id":"https:\/\/www.etiktech.fr\/produit\/etiquettes-vierges-74x210mm-papier-blanc-mat-en-velin-diametre-mandrin-41-vendues-par-1-rouleau-500-etiquettes-par-rouleau-compatible-avec-les-imprimantes-thermiques-copie\/#local-main-organization-logo"},"image":{"@id":"https:\/\/www.etiktech.fr\/produit\/etiquettes-vierges-74x210mm-papier-blanc-mat-en-velin-diametre-mandrin-41-vendues-par-1-rouleau-500-etiquettes-par-rouleau-compatible-avec-les-imprimantes-thermiques-copie\/#local-main-organization-logo"},"sameAs":["https:\/\/www.facebook.com\/people\/Etiktech\/61570904671530\/?mibextid=ZbWKwL","https:\/\/www.linkedin.com\/company\/etiktech"],"telephone":[],"openingHoursSpecification":[{"@type":"OpeningHoursSpecification","dayOfWeek":["Monday","Tuesday","Wednesday","Thursday","Friday","Saturday","Sunday"],"opens":"09:00","closes":"17:00"}]},{"@type":"ImageObject","inLanguage":"fr-FR","@id":"https:\/\/www.etiktech.fr\/produit\/etiquettes-vierges-74x210mm-papier-blanc-mat-en-velin-diametre-mandrin-41-vendues-par-1-rouleau-500-etiquettes-par-rouleau-compatible-avec-les-imprimantes-thermiques-copie\/#local-main-organization-logo","url":"https:\/\/www.etiktech.fr\/wp-content\/uploads\/2024\/08\/cropped-logo-site-1.png","contentUrl":"https:\/\/www.etiktech.fr\/wp-content\/uploads\/2024\/08\/cropped-logo-site-1.png","width":723,"height":108,"caption":"Etiktech"}]}},"jetpack_sharing_enabled":true,"_links":{"self":[{"href":"https:\/\/www.etiktech.fr\/fr\/wp-json\/wp\/v2\/product\/19207","targetHints":{"allow":["GET"]}}],"collection":[{"href":"https:\/\/www.etiktech.fr\/fr\/wp-json\/wp\/v2\/product"}],"about":[{"href":"https:\/\/www.etiktech.fr\/fr\/wp-json\/wp\/v2\/types\/product"}],"replies":[{"embeddable":true,"href":"https:\/\/www.etiktech.fr\/fr\/wp-json\/wp\/v2\/comments?post=19207"}],"wp:featuredmedia":[{"embeddable":true,"href":"https:\/\/www.etiktech.fr\/fr\/wp-json\/wp\/v2\/media\/19157"}],"wp:attachment":[{"href":"https:\/\/www.etiktech.fr\/fr\/wp-json\/wp\/v2\/media?parent=19207"}],"wp:term":[{"taxonomy":"product_brand","embeddable":true,"href":"https:\/\/www.etiktech.fr\/fr\/wp-json\/wp\/v2\/product_brand?post=19207"},{"taxonomy":"product_cat","embeddable":true,"href":"https:\/\/www.etiktech.fr\/fr\/wp-json\/wp\/v2\/product_cat?post=19207"},{"taxonomy":"product_tag","embeddable":true,"href":"https:\/\/www.etiktech.fr\/fr\/wp-json\/wp\/v2\/product_tag?post=19207"}],"curies":[{"name":"wp","href":"https:\/\/api.w.org\/{rel}","templated":true}]}}