{"id":19205,"date":"2024-11-14T09:52:50","date_gmt":"2024-11-14T08:52:50","guid":{"rendered":"https:\/\/www.etiktech.fr\/?post_type=product&#038;p=19205"},"modified":"2025-11-12T14:40:45","modified_gmt":"2025-11-12T13:40:45","slug":"etiquettes-vierges-100x150-mm-pap-thermique-diametre-mandrin-76-vendues-par-1-rouleau-500-etiquettes-par-rouleau-compatible-avec-les-imprimantes-thermiques","status":"publish","type":"product","link":"https:\/\/www.etiktech.fr\/fr\/produit\/etiquettes-vierges-100x150-mm-pap-thermique-diametre-mandrin-76-vendues-par-1-rouleau-500-etiquettes-par-rouleau-compatible-avec-les-imprimantes-thermiques\/","title":{"rendered":"Etiquettes vierges 100&#215;150 mm pap thermique diam\u00e8tre mandrin 76 Vendues par 1 rouleau. 500 \u00e9tiquettes par rouleau. Compatible avec les imprimantes thermiques."},"content":{"rendered":"<p>Taille :100x150mm<\/p>\n<p>Mandrin :76 mm<\/p>\n<p><span class=\"a-size-base a-text-bold\">Nombre d&rsquo;\u00e9tiquettes : <span class=\"a-size-base po-break-word\">500<\/span><\/span><\/p>\n<p><span class=\"a-size-base a-text-bold\">Couleur : <span class=\"a-size-base po-break-word\">blanc<\/span><\/span><\/p>\n<p><span class=\"a-size-base a-text-bold\">Type de finition : <span class=\"a-size-base po-break-word\">Plastifi\u00e9<\/span><\/span><\/p>\n<p><span class=\"a-size-base a-text-bold\">Nombre d&rsquo;unit\u00e9s :<span class=\"a-size-base po-break-word\">1.0 unit\u00e9<\/span><\/span><\/p>\n<p>Compatible avec les imprimantes thermiques<\/p>\n","protected":false},"excerpt":{"rendered":"<h4 class=\"a-size-base-plus a-text-bold\">\u00c0 propos de cet article<\/h4>\n<p>Ce <strong>rouleau d\u2019\u00e9tiquettes thermiques vierges<\/strong> de format <strong>100 x 150 mm<\/strong>, avec un <strong>mandrin de 76 mm<\/strong> <strong>de diam\u00e8tre<\/strong>, contient <strong>500 \u00e9tiquettes<\/strong> et est <strong>compatible avec les imprimantes thermiques.<\/strong><\/p>\n<p>Le papier thermique utilis\u00e9 permet une impression rapide, silencieuse et sans encre. Il est id\u00e9al pour les environnements commerciaux et logistiques, notamment pour imprimer des re\u00e7us, des tickets ou des \u00e9tiquettes de produits. Gr\u00e2ce \u00e0 son mandrin de taille standard, ce rouleau est facile \u00e0 installer et \u00e0 manipuler dans les imprimantes thermiques industrielles.<\/p>\n","protected":false},"featured_media":19737,"comment_status":"open","ping_status":"closed","template":"","meta":[],"product_brand":[],"product_cat":[188],"product_tag":[189],"class_list":{"0":"post-19205","1":"product","2":"type-product","3":"status-publish","4":"has-post-thumbnail","6":"product_cat-etiquettes-vierges","7":"product_tag-rouleau","9":"first","10":"instock","11":"taxable","12":"shipping-taxable","13":"purchasable","14":"product-type-simple"},"yoast_head":"<!-- This site is optimized with the Yoast SEO Premium plugin v27.2 (Yoast SEO v27.3) - https:\/\/yoast.com\/product\/yoast-seo-premium-wordpress\/ -->\n<title>Etiquettes vierges 100x150 mm pap thermique diam\u00e8tre mandrin 76 Vendues par 1 rouleau. 500 \u00e9tiquettes par rouleau. Compatible avec les imprimantes thermiques. - Etiktech<\/title>\n<meta name=\"description\" content=\"Etiquettes vierges 100x150 mm pap thermique diam\u00e8tre mandrin 76 Vendues par 1 rouleau. 500 \u00e9tiquettes par rouleau. Compatible avec les imprimantes thermiques.\" \/>\n<meta name=\"robots\" content=\"index, follow, max-snippet:-1, max-image-preview:large, max-video-preview:-1\" \/>\n<link rel=\"canonical\" href=\"https:\/\/www.etiktech.fr\/fr\/produit\/etiquettes-vierges-100x150-mm-pap-thermique-diametre-mandrin-76-vendues-par-1-rouleau-500-etiquettes-par-rouleau-compatible-avec-les-imprimantes-thermiques\/\" \/>\n<meta property=\"og:locale\" content=\"fr_FR\" \/>\n<meta property=\"og:type\" content=\"article\" \/>\n<meta property=\"og:title\" content=\"Etiquettes vierges 100x150 mm pap thermique diam\u00e8tre mandrin 76 Vendues par 1 rouleau. 500 \u00e9tiquettes par rouleau. Compatible avec les imprimantes thermiques.\" \/>\n<meta property=\"og:description\" content=\"Etiquettes vierges 100x150 mm pap thermique diam\u00e8tre mandrin 76 Vendues par 1 rouleau. 500 \u00e9tiquettes par rouleau. Compatible avec les imprimantes thermiques.\" \/>\n<meta property=\"og:url\" content=\"https:\/\/www.etiktech.fr\/fr\/produit\/etiquettes-vierges-100x150-mm-pap-thermique-diametre-mandrin-76-vendues-par-1-rouleau-500-etiquettes-par-rouleau-compatible-avec-les-imprimantes-thermiques\/\" \/>\n<meta property=\"og:site_name\" content=\"Etiktech\" \/>\n<meta property=\"article:publisher\" content=\"https:\/\/www.facebook.com\/people\/Etiktech\/61570904671530\/?mibextid=ZbWKwL\" \/>\n<meta property=\"article:modified_time\" content=\"2025-11-12T13:40:45+00:00\" \/>\n<meta property=\"og:image\" content=\"https:\/\/www.etiktech.fr\/wp-content\/uploads\/2024\/11\/100X150.jpg\" \/>\n\t<meta property=\"og:image:width\" content=\"2000\" \/>\n\t<meta property=\"og:image:height\" content=\"2000\" \/>\n\t<meta property=\"og:image:type\" content=\"image\/jpeg\" \/>\n<meta name=\"twitter:card\" content=\"summary_large_image\" \/>\n<meta name=\"twitter:label1\" content=\"Dur\u00e9e de lecture estim\u00e9e\" \/>\n\t<meta name=\"twitter:data1\" content=\"1 minute\" \/>\n<script type=\"application\/ld+json\" class=\"yoast-schema-graph\">{\"@context\":\"https:\\\/\\\/schema.org\",\"@graph\":[{\"@type\":\"WebPage\",\"@id\":\"https:\\\/\\\/www.etiktech.fr\\\/produit\\\/etiquettes-vierges-100x150-mm-pap-thermique-diametre-mandrin-76-vendues-par-1-rouleau-500-etiquettes-par-rouleau-compatible-avec-les-imprimantes-thermiques\\\/\",\"url\":\"https:\\\/\\\/www.etiktech.fr\\\/produit\\\/etiquettes-vierges-100x150-mm-pap-thermique-diametre-mandrin-76-vendues-par-1-rouleau-500-etiquettes-par-rouleau-compatible-avec-les-imprimantes-thermiques\\\/\",\"name\":\"Etiquettes vierges 100x150 mm pap thermique diam\u00e8tre mandrin 76 Vendues par 1 rouleau. 500 \u00e9tiquettes par rouleau. Compatible avec les imprimantes thermiques. - Etiktech\",\"isPartOf\":{\"@id\":\"https:\\\/\\\/www.etiktech.fr\\\/#website\"},\"primaryImageOfPage\":{\"@id\":\"https:\\\/\\\/www.etiktech.fr\\\/produit\\\/etiquettes-vierges-100x150-mm-pap-thermique-diametre-mandrin-76-vendues-par-1-rouleau-500-etiquettes-par-rouleau-compatible-avec-les-imprimantes-thermiques\\\/#primaryimage\"},\"image\":{\"@id\":\"https:\\\/\\\/www.etiktech.fr\\\/produit\\\/etiquettes-vierges-100x150-mm-pap-thermique-diametre-mandrin-76-vendues-par-1-rouleau-500-etiquettes-par-rouleau-compatible-avec-les-imprimantes-thermiques\\\/#primaryimage\"},\"thumbnailUrl\":\"https:\\\/\\\/www.etiktech.fr\\\/wp-content\\\/uploads\\\/2024\\\/11\\\/100X150.jpg\",\"datePublished\":\"2024-11-14T08:52:50+00:00\",\"dateModified\":\"2025-11-12T13:40:45+00:00\",\"description\":\"Etiquettes vierges 100x150 mm pap thermique diam\u00e8tre mandrin 76 Vendues par 1 rouleau. 500 \u00e9tiquettes par rouleau. Compatible avec les imprimantes thermiques.\",\"breadcrumb\":{\"@id\":\"https:\\\/\\\/www.etiktech.fr\\\/produit\\\/etiquettes-vierges-100x150-mm-pap-thermique-diametre-mandrin-76-vendues-par-1-rouleau-500-etiquettes-par-rouleau-compatible-avec-les-imprimantes-thermiques\\\/#breadcrumb\"},\"inLanguage\":\"fr-FR\",\"potentialAction\":[{\"@type\":\"ReadAction\",\"target\":[\"https:\\\/\\\/www.etiktech.fr\\\/produit\\\/etiquettes-vierges-100x150-mm-pap-thermique-diametre-mandrin-76-vendues-par-1-rouleau-500-etiquettes-par-rouleau-compatible-avec-les-imprimantes-thermiques\\\/\"]}]},{\"@type\":\"ImageObject\",\"inLanguage\":\"fr-FR\",\"@id\":\"https:\\\/\\\/www.etiktech.fr\\\/produit\\\/etiquettes-vierges-100x150-mm-pap-thermique-diametre-mandrin-76-vendues-par-1-rouleau-500-etiquettes-par-rouleau-compatible-avec-les-imprimantes-thermiques\\\/#primaryimage\",\"url\":\"https:\\\/\\\/www.etiktech.fr\\\/wp-content\\\/uploads\\\/2024\\\/11\\\/100X150.jpg\",\"contentUrl\":\"https:\\\/\\\/www.etiktech.fr\\\/wp-content\\\/uploads\\\/2024\\\/11\\\/100X150.jpg\",\"width\":2000,\"height\":2000},{\"@type\":\"BreadcrumbList\",\"@id\":\"https:\\\/\\\/www.etiktech.fr\\\/produit\\\/etiquettes-vierges-100x150-mm-pap-thermique-diametre-mandrin-76-vendues-par-1-rouleau-500-etiquettes-par-rouleau-compatible-avec-les-imprimantes-thermiques\\\/#breadcrumb\",\"itemListElement\":[{\"@type\":\"ListItem\",\"position\":1,\"name\":\"Accueil\",\"item\":\"https:\\\/\\\/www.etiktech.fr\\\/fr\\\/\"},{\"@type\":\"ListItem\",\"position\":2,\"name\":\"e-commerce\",\"item\":\"https:\\\/\\\/www.etiktech.fr\\\/e-commerce\\\/\"},{\"@type\":\"ListItem\",\"position\":3,\"name\":\"Etiquettes vierges 100&#215;150 mm pap thermique diam\u00e8tre mandrin 76 Vendues par 1 rouleau. 500 \u00e9tiquettes par rouleau. Compatible avec les imprimantes thermiques.\"}]},{\"@type\":\"WebSite\",\"@id\":\"https:\\\/\\\/www.etiktech.fr\\\/#website\",\"url\":\"https:\\\/\\\/www.etiktech.fr\\\/\",\"name\":\"Etiktech\",\"description\":\"YOUR PRODUCTS, OUR PACKAGING EXCELLENCE\",\"publisher\":{\"@id\":\"https:\\\/\\\/www.etiktech.fr\\\/#organization\"},\"potentialAction\":[{\"@type\":\"SearchAction\",\"target\":{\"@type\":\"EntryPoint\",\"urlTemplate\":\"https:\\\/\\\/www.etiktech.fr\\\/?s={search_term_string}\"},\"query-input\":{\"@type\":\"PropertyValueSpecification\",\"valueRequired\":true,\"valueName\":\"search_term_string\"}}],\"inLanguage\":\"fr-FR\"},{\"@type\":[\"Organization\",\"Place\"],\"@id\":\"https:\\\/\\\/www.etiktech.fr\\\/#organization\",\"name\":\"Etiktech\",\"alternateName\":\"Etiktech\",\"url\":\"https:\\\/\\\/www.etiktech.fr\\\/\",\"logo\":{\"@id\":\"https:\\\/\\\/www.etiktech.fr\\\/produit\\\/etiquettes-vierges-100x150-mm-pap-thermique-diametre-mandrin-76-vendues-par-1-rouleau-500-etiquettes-par-rouleau-compatible-avec-les-imprimantes-thermiques\\\/#local-main-organization-logo\"},\"image\":{\"@id\":\"https:\\\/\\\/www.etiktech.fr\\\/produit\\\/etiquettes-vierges-100x150-mm-pap-thermique-diametre-mandrin-76-vendues-par-1-rouleau-500-etiquettes-par-rouleau-compatible-avec-les-imprimantes-thermiques\\\/#local-main-organization-logo\"},\"sameAs\":[\"https:\\\/\\\/www.facebook.com\\\/people\\\/Etiktech\\\/61570904671530\\\/?mibextid=ZbWKwL\",\"https:\\\/\\\/www.linkedin.com\\\/company\\\/etiktech\"],\"telephone\":[],\"openingHoursSpecification\":[{\"@type\":\"OpeningHoursSpecification\",\"dayOfWeek\":[\"Monday\",\"Tuesday\",\"Wednesday\",\"Thursday\",\"Friday\",\"Saturday\",\"Sunday\"],\"opens\":\"09:00\",\"closes\":\"17:00\"}]},{\"@type\":\"ImageObject\",\"inLanguage\":\"fr-FR\",\"@id\":\"https:\\\/\\\/www.etiktech.fr\\\/produit\\\/etiquettes-vierges-100x150-mm-pap-thermique-diametre-mandrin-76-vendues-par-1-rouleau-500-etiquettes-par-rouleau-compatible-avec-les-imprimantes-thermiques\\\/#local-main-organization-logo\",\"url\":\"https:\\\/\\\/www.etiktech.fr\\\/wp-content\\\/uploads\\\/2024\\\/08\\\/cropped-logo-site-1.png\",\"contentUrl\":\"https:\\\/\\\/www.etiktech.fr\\\/wp-content\\\/uploads\\\/2024\\\/08\\\/cropped-logo-site-1.png\",\"width\":723,\"height\":108,\"caption\":\"Etiktech\"}]}<\/script>\n<!-- \/ Yoast SEO Premium plugin. -->","yoast_head_json":{"title":"Etiquettes vierges 100x150 mm pap thermique diam\u00e8tre mandrin 76 Vendues par 1 rouleau. 500 \u00e9tiquettes par rouleau. Compatible avec les imprimantes thermiques. - Etiktech","description":"Etiquettes vierges 100x150 mm pap thermique diam\u00e8tre mandrin 76 Vendues par 1 rouleau. 500 \u00e9tiquettes par rouleau. Compatible avec les imprimantes thermiques.","robots":{"index":"index","follow":"follow","max-snippet":"max-snippet:-1","max-image-preview":"max-image-preview:large","max-video-preview":"max-video-preview:-1"},"canonical":"https:\/\/www.etiktech.fr\/fr\/produit\/etiquettes-vierges-100x150-mm-pap-thermique-diametre-mandrin-76-vendues-par-1-rouleau-500-etiquettes-par-rouleau-compatible-avec-les-imprimantes-thermiques\/","og_locale":"fr_FR","og_type":"article","og_title":"Etiquettes vierges 100x150 mm pap thermique diam\u00e8tre mandrin 76 Vendues par 1 rouleau. 500 \u00e9tiquettes par rouleau. Compatible avec les imprimantes thermiques.","og_description":"Etiquettes vierges 100x150 mm pap thermique diam\u00e8tre mandrin 76 Vendues par 1 rouleau. 500 \u00e9tiquettes par rouleau. Compatible avec les imprimantes thermiques.","og_url":"https:\/\/www.etiktech.fr\/fr\/produit\/etiquettes-vierges-100x150-mm-pap-thermique-diametre-mandrin-76-vendues-par-1-rouleau-500-etiquettes-par-rouleau-compatible-avec-les-imprimantes-thermiques\/","og_site_name":"Etiktech","article_publisher":"https:\/\/www.facebook.com\/people\/Etiktech\/61570904671530\/?mibextid=ZbWKwL","article_modified_time":"2025-11-12T13:40:45+00:00","og_image":[{"width":2000,"height":2000,"url":"https:\/\/www.etiktech.fr\/wp-content\/uploads\/2024\/11\/100X150.jpg","type":"image\/jpeg"}],"twitter_card":"summary_large_image","twitter_misc":{"Dur\u00e9e de lecture estim\u00e9e":"1 minute"},"schema":{"@context":"https:\/\/schema.org","@graph":[{"@type":"WebPage","@id":"https:\/\/www.etiktech.fr\/produit\/etiquettes-vierges-100x150-mm-pap-thermique-diametre-mandrin-76-vendues-par-1-rouleau-500-etiquettes-par-rouleau-compatible-avec-les-imprimantes-thermiques\/","url":"https:\/\/www.etiktech.fr\/produit\/etiquettes-vierges-100x150-mm-pap-thermique-diametre-mandrin-76-vendues-par-1-rouleau-500-etiquettes-par-rouleau-compatible-avec-les-imprimantes-thermiques\/","name":"Etiquettes vierges 100x150 mm pap thermique diam\u00e8tre mandrin 76 Vendues par 1 rouleau. 500 \u00e9tiquettes par rouleau. Compatible avec les imprimantes thermiques. - Etiktech","isPartOf":{"@id":"https:\/\/www.etiktech.fr\/#website"},"primaryImageOfPage":{"@id":"https:\/\/www.etiktech.fr\/produit\/etiquettes-vierges-100x150-mm-pap-thermique-diametre-mandrin-76-vendues-par-1-rouleau-500-etiquettes-par-rouleau-compatible-avec-les-imprimantes-thermiques\/#primaryimage"},"image":{"@id":"https:\/\/www.etiktech.fr\/produit\/etiquettes-vierges-100x150-mm-pap-thermique-diametre-mandrin-76-vendues-par-1-rouleau-500-etiquettes-par-rouleau-compatible-avec-les-imprimantes-thermiques\/#primaryimage"},"thumbnailUrl":"https:\/\/www.etiktech.fr\/wp-content\/uploads\/2024\/11\/100X150.jpg","datePublished":"2024-11-14T08:52:50+00:00","dateModified":"2025-11-12T13:40:45+00:00","description":"Etiquettes vierges 100x150 mm pap thermique diam\u00e8tre mandrin 76 Vendues par 1 rouleau. 500 \u00e9tiquettes par rouleau. Compatible avec les imprimantes thermiques.","breadcrumb":{"@id":"https:\/\/www.etiktech.fr\/produit\/etiquettes-vierges-100x150-mm-pap-thermique-diametre-mandrin-76-vendues-par-1-rouleau-500-etiquettes-par-rouleau-compatible-avec-les-imprimantes-thermiques\/#breadcrumb"},"inLanguage":"fr-FR","potentialAction":[{"@type":"ReadAction","target":["https:\/\/www.etiktech.fr\/produit\/etiquettes-vierges-100x150-mm-pap-thermique-diametre-mandrin-76-vendues-par-1-rouleau-500-etiquettes-par-rouleau-compatible-avec-les-imprimantes-thermiques\/"]}]},{"@type":"ImageObject","inLanguage":"fr-FR","@id":"https:\/\/www.etiktech.fr\/produit\/etiquettes-vierges-100x150-mm-pap-thermique-diametre-mandrin-76-vendues-par-1-rouleau-500-etiquettes-par-rouleau-compatible-avec-les-imprimantes-thermiques\/#primaryimage","url":"https:\/\/www.etiktech.fr\/wp-content\/uploads\/2024\/11\/100X150.jpg","contentUrl":"https:\/\/www.etiktech.fr\/wp-content\/uploads\/2024\/11\/100X150.jpg","width":2000,"height":2000},{"@type":"BreadcrumbList","@id":"https:\/\/www.etiktech.fr\/produit\/etiquettes-vierges-100x150-mm-pap-thermique-diametre-mandrin-76-vendues-par-1-rouleau-500-etiquettes-par-rouleau-compatible-avec-les-imprimantes-thermiques\/#breadcrumb","itemListElement":[{"@type":"ListItem","position":1,"name":"Accueil","item":"https:\/\/www.etiktech.fr\/fr\/"},{"@type":"ListItem","position":2,"name":"e-commerce","item":"https:\/\/www.etiktech.fr\/e-commerce\/"},{"@type":"ListItem","position":3,"name":"Etiquettes vierges 100&#215;150 mm pap thermique diam\u00e8tre mandrin 76 Vendues par 1 rouleau. 500 \u00e9tiquettes par rouleau. Compatible avec les imprimantes thermiques."}]},{"@type":"WebSite","@id":"https:\/\/www.etiktech.fr\/#website","url":"https:\/\/www.etiktech.fr\/","name":"Etiktech","description":"YOUR PRODUCTS, OUR PACKAGING EXCELLENCE","publisher":{"@id":"https:\/\/www.etiktech.fr\/#organization"},"potentialAction":[{"@type":"SearchAction","target":{"@type":"EntryPoint","urlTemplate":"https:\/\/www.etiktech.fr\/?s={search_term_string}"},"query-input":{"@type":"PropertyValueSpecification","valueRequired":true,"valueName":"search_term_string"}}],"inLanguage":"fr-FR"},{"@type":["Organization","Place"],"@id":"https:\/\/www.etiktech.fr\/#organization","name":"Etiktech","alternateName":"Etiktech","url":"https:\/\/www.etiktech.fr\/","logo":{"@id":"https:\/\/www.etiktech.fr\/produit\/etiquettes-vierges-100x150-mm-pap-thermique-diametre-mandrin-76-vendues-par-1-rouleau-500-etiquettes-par-rouleau-compatible-avec-les-imprimantes-thermiques\/#local-main-organization-logo"},"image":{"@id":"https:\/\/www.etiktech.fr\/produit\/etiquettes-vierges-100x150-mm-pap-thermique-diametre-mandrin-76-vendues-par-1-rouleau-500-etiquettes-par-rouleau-compatible-avec-les-imprimantes-thermiques\/#local-main-organization-logo"},"sameAs":["https:\/\/www.facebook.com\/people\/Etiktech\/61570904671530\/?mibextid=ZbWKwL","https:\/\/www.linkedin.com\/company\/etiktech"],"telephone":[],"openingHoursSpecification":[{"@type":"OpeningHoursSpecification","dayOfWeek":["Monday","Tuesday","Wednesday","Thursday","Friday","Saturday","Sunday"],"opens":"09:00","closes":"17:00"}]},{"@type":"ImageObject","inLanguage":"fr-FR","@id":"https:\/\/www.etiktech.fr\/produit\/etiquettes-vierges-100x150-mm-pap-thermique-diametre-mandrin-76-vendues-par-1-rouleau-500-etiquettes-par-rouleau-compatible-avec-les-imprimantes-thermiques\/#local-main-organization-logo","url":"https:\/\/www.etiktech.fr\/wp-content\/uploads\/2024\/08\/cropped-logo-site-1.png","contentUrl":"https:\/\/www.etiktech.fr\/wp-content\/uploads\/2024\/08\/cropped-logo-site-1.png","width":723,"height":108,"caption":"Etiktech"}]}},"jetpack_sharing_enabled":true,"_links":{"self":[{"href":"https:\/\/www.etiktech.fr\/fr\/wp-json\/wp\/v2\/product\/19205","targetHints":{"allow":["GET"]}}],"collection":[{"href":"https:\/\/www.etiktech.fr\/fr\/wp-json\/wp\/v2\/product"}],"about":[{"href":"https:\/\/www.etiktech.fr\/fr\/wp-json\/wp\/v2\/types\/product"}],"replies":[{"embeddable":true,"href":"https:\/\/www.etiktech.fr\/fr\/wp-json\/wp\/v2\/comments?post=19205"}],"wp:featuredmedia":[{"embeddable":true,"href":"https:\/\/www.etiktech.fr\/fr\/wp-json\/wp\/v2\/media\/19737"}],"wp:attachment":[{"href":"https:\/\/www.etiktech.fr\/fr\/wp-json\/wp\/v2\/media?parent=19205"}],"wp:term":[{"taxonomy":"product_brand","embeddable":true,"href":"https:\/\/www.etiktech.fr\/fr\/wp-json\/wp\/v2\/product_brand?post=19205"},{"taxonomy":"product_cat","embeddable":true,"href":"https:\/\/www.etiktech.fr\/fr\/wp-json\/wp\/v2\/product_cat?post=19205"},{"taxonomy":"product_tag","embeddable":true,"href":"https:\/\/www.etiktech.fr\/fr\/wp-json\/wp\/v2\/product_tag?post=19205"}],"curies":[{"name":"wp","href":"https:\/\/api.w.org\/{rel}","templated":true}]}}