{"id":19881,"date":"2025-10-27T16:52:44","date_gmt":"2025-10-27T15:52:44","guid":{"rendered":"https:\/\/www.etiktech.fr\/?post_type=product&#038;p=19881"},"modified":"2025-11-12T16:14:39","modified_gmt":"2025-11-12T15:14:39","slug":"etiquettes-adhesives-fluo-75x25mm-lot-de-60-10-plaquettes-4-couleurs-fluorescentes-rouge-jaune-orange-vert-etiquettes-rectangulaires-coins-arrondis","status":"publish","type":"product","link":"https:\/\/www.etiktech.fr\/en\/product\/etiquettes-adhesives-fluo-75x25mm-lot-de-60-10-plaquettes-4-couleurs-fluorescentes-rouge-jaune-orange-vert-etiquettes-rectangulaires-coins-arrondis\/","title":{"rendered":"Fluorescent Adhesive Labels 75x25mm \u2013 Pack of 60 (10 Sheets) \u2013 4 Fluorescent Colors (Red, Yellow, Orange, Green)"},"content":{"rendered":"<p><span data-contrast=\"auto\">Organisez vos espaces de travail de rangement, <\/span><span data-contrast=\"none\">stock et rayons de supermarch\u00e9s<\/span><span data-contrast=\"auto\"> avec ces <\/span><b><span data-contrast=\"auto\">\u00e9tiquettes adh\u00e9sives fluorescentes 75x25mm<\/span><\/b><span data-contrast=\"auto\">. Gr\u00e2ce \u00e0 leurs <\/span><b><span data-contrast=\"auto\">coins arrondis<\/span><\/b><span data-contrast=\"auto\">, elles se posent rapidement et sans se d\u00e9coller aux extr\u00e9mit\u00e9s.<\/span><span data-ccp-props=\"{}\">\u00a0<\/span><\/p>\n<p><span data-contrast=\"auto\">Chaque paquet contient <\/span><b><span data-contrast=\"auto\">10 plaquettes de 6 \u00e9tiquettes<\/span><\/b><span data-contrast=\"auto\">, soit <\/span><b><span data-contrast=\"auto\">60 \u00e9tiquettes au total<\/span><\/b><span data-contrast=\"auto\">, disponibles en <\/span><b><span data-contrast=\"auto\">4 couleurs fluo (rouge, jaune, orange, vert)<\/span><\/b><span data-contrast=\"auto\"> pour une visibilit\u00e9 maximale et une organisation simplifi\u00e9e.<\/span><span data-ccp-props=\"{}\">\u00a0<\/span><\/p>\n<p><b><span data-contrast=\"auto\">Format pratique<\/span><\/b><span data-contrast=\"auto\"> : \u00c9tiquettes rectangulaires 75x25mm avec coins arrondis pour une pose facile et un rendu soign\u00e9.<\/span><span data-ccp-props=\"{}\">\u00a0<\/span><\/p>\n<p><b><span data-contrast=\"auto\">4 couleurs fluorescentes<\/span><\/b><span data-contrast=\"auto\"> : rouge, jaune, orange et vert pour une organisation claire et visuelle.<\/span><span data-ccp-props=\"{}\">\u00a0<\/span><\/p>\n<p><b><span data-contrast=\"auto\">Lot \u00e9conomique<\/span><\/b><span data-contrast=\"auto\"> : 60 \u00e9tiquettes au total (10 plaquettes de 6), parfait pour un usage r\u00e9gulier.<\/span><span data-ccp-props=\"{}\">\u00a0<\/span><\/p>\n<p><b><span data-contrast=\"auto\">Multi-usages<\/span><\/b><span data-contrast=\"auto\"> : id\u00e9ales pour classer des archives, dossiers, bo\u00eetes de rangement, documents comptables, fournitures de bureau, cuisine, logistique et \u00e9cole.<\/span><span data-ccp-props=\"{}\">\u00a0<\/span><\/p>\n<p><b><span data-contrast=\"auto\">Forte adh\u00e9rence<\/span><\/b><span data-contrast=\"auto\"> : \u00e9tiquettes autocollantes fluo qui se collent durablement sur carton, plastique, dossiers et surfaces lisses<\/span><\/p>","protected":false},"excerpt":{"rendered":"<p>Organisez vos espaces de travail de rangement, stock et rayons de supermarch\u00e9s avec ces \u00e9tiquettes adh\u00e9sives fluorescentes 75x25mm. Gr\u00e2ce \u00e0 leurs coins arrondis, elles se posent rapidement et sans se&hellip;<\/p>","protected":false},"featured_media":19906,"comment_status":"closed","ping_status":"closed","template":"","meta":[],"product_brand":[],"product_cat":[199],"product_tag":[],"class_list":{"0":"post-19881","1":"product","2":"type-product","3":"status-publish","4":"has-post-thumbnail","6":"product_cat-etiquettes-autocollantes-fluo","8":"first","9":"instock","10":"taxable","11":"shipping-taxable","12":"purchasable","13":"product-type-variable"},"yoast_head":"<!-- This site is optimized with the Yoast SEO Premium plugin v27.2 (Yoast SEO v27.3) - https:\/\/yoast.com\/product\/yoast-seo-premium-wordpress\/ -->\n<title>Etiquettes Adh\u00e9sives Fluo 75x25mm \u2013 Lot de 60 (10 Plaquettes) \u2013 4 Couleurs Fluorescentes (Rouge, Jaune, Orange, Vert) - Etiktech<\/title>\n<meta name=\"description\" content=\"\u00e9tiquette fluo adh\u00e9sive autocollante rectangulaire stickers fluorescents autocollants organisation classement bureau organisation papeterie fournitures scolaires fournitures de bureau signalisation rangement logistique inventaire colis bo\u00eete archives classement archives marquage color\u00e9 rep\u00e9rage bureau maison \u00e9cole entrep\u00f4t dossier comptable boite plastique boite carton sticker fluo autocollant fluo \u00e9tiquetage couleur bureau signal\u00e9tique rep\u00e8re visuel bureau cuisine organisation maison\" \/>\n<meta name=\"robots\" content=\"index, follow, max-snippet:-1, max-image-preview:large, max-video-preview:-1\" \/>\n<link rel=\"canonical\" href=\"https:\/\/www.etiktech.fr\/en\/product\/etiquettes-adhesives-fluo-75x25mm-lot-de-60-10-plaquettes-4-couleurs-fluorescentes-rouge-jaune-orange-vert-etiquettes-rectangulaires-coins-arrondis\/\" \/>\n<meta property=\"og:locale\" content=\"en_US\" \/>\n<meta property=\"og:type\" content=\"article\" \/>\n<meta property=\"og:title\" content=\"Etiquettes Adh\u00e9sives Fluo 75x25mm \u2013 Lot de 60 (10 Plaquettes) \u2013 4 Couleurs Fluorescentes (Rouge, Jaune, Orange, Vert)\" \/>\n<meta property=\"og:description\" content=\"\u00e9tiquette fluo adh\u00e9sive autocollante rectangulaire stickers fluorescents autocollants organisation classement bureau organisation papeterie fournitures scolaires fournitures de bureau signalisation rangement logistique inventaire colis bo\u00eete archives classement archives marquage color\u00e9 rep\u00e9rage bureau maison \u00e9cole entrep\u00f4t dossier comptable boite plastique boite carton sticker fluo autocollant fluo \u00e9tiquetage couleur bureau signal\u00e9tique rep\u00e8re visuel bureau cuisine organisation maison\" \/>\n<meta property=\"og:url\" content=\"https:\/\/www.etiktech.fr\/en\/product\/etiquettes-adhesives-fluo-75x25mm-lot-de-60-10-plaquettes-4-couleurs-fluorescentes-rouge-jaune-orange-vert-etiquettes-rectangulaires-coins-arrondis\/\" \/>\n<meta property=\"og:site_name\" content=\"Etiktech\" \/>\n<meta property=\"article:publisher\" content=\"https:\/\/www.facebook.com\/people\/Etiktech\/61570904671530\/?mibextid=ZbWKwL\" \/>\n<meta property=\"article:modified_time\" content=\"2025-11-12T15:14:39+00:00\" \/>\n<meta property=\"og:image\" content=\"https:\/\/www.etiktech.fr\/wp-content\/uploads\/2025\/10\/etiquette_fluo-_adhesive_75x25m.jpg\" \/>\n\t<meta property=\"og:image:width\" content=\"2000\" \/>\n\t<meta property=\"og:image:height\" content=\"2000\" \/>\n\t<meta property=\"og:image:type\" content=\"image\/jpeg\" \/>\n<meta name=\"twitter:card\" content=\"summary_large_image\" \/>\n<meta name=\"twitter:label1\" content=\"Est. reading time\" \/>\n\t<meta name=\"twitter:data1\" content=\"1 minute\" \/>\n<script type=\"application\/ld+json\" class=\"yoast-schema-graph\">{\"@context\":\"https:\\\/\\\/schema.org\",\"@graph\":[{\"@type\":\"WebPage\",\"@id\":\"https:\\\/\\\/www.etiktech.fr\\\/produit\\\/etiquettes-adhesives-fluo-75x25mm-lot-de-60-10-plaquettes-4-couleurs-fluorescentes-rouge-jaune-orange-vert-etiquettes-rectangulaires-coins-arrondis\\\/\",\"url\":\"https:\\\/\\\/www.etiktech.fr\\\/produit\\\/etiquettes-adhesives-fluo-75x25mm-lot-de-60-10-plaquettes-4-couleurs-fluorescentes-rouge-jaune-orange-vert-etiquettes-rectangulaires-coins-arrondis\\\/\",\"name\":\"Etiquettes Adh\u00e9sives Fluo 75x25mm \u2013 Lot de 60 (10 Plaquettes) \u2013 4 Couleurs Fluorescentes (Rouge, Jaune, Orange, Vert) - Etiktech\",\"isPartOf\":{\"@id\":\"https:\\\/\\\/www.etiktech.fr\\\/#website\"},\"primaryImageOfPage\":{\"@id\":\"https:\\\/\\\/www.etiktech.fr\\\/produit\\\/etiquettes-adhesives-fluo-75x25mm-lot-de-60-10-plaquettes-4-couleurs-fluorescentes-rouge-jaune-orange-vert-etiquettes-rectangulaires-coins-arrondis\\\/#primaryimage\"},\"image\":{\"@id\":\"https:\\\/\\\/www.etiktech.fr\\\/produit\\\/etiquettes-adhesives-fluo-75x25mm-lot-de-60-10-plaquettes-4-couleurs-fluorescentes-rouge-jaune-orange-vert-etiquettes-rectangulaires-coins-arrondis\\\/#primaryimage\"},\"thumbnailUrl\":\"https:\\\/\\\/www.etiktech.fr\\\/wp-content\\\/uploads\\\/2025\\\/10\\\/etiquette_fluo-_adhesive_75x25m.jpg\",\"datePublished\":\"2025-10-27T15:52:44+00:00\",\"dateModified\":\"2025-11-12T15:14:39+00:00\",\"description\":\"\u00e9tiquette fluo adh\u00e9sive autocollante rectangulaire stickers fluorescents autocollants organisation classement bureau organisation papeterie fournitures scolaires fournitures de bureau signalisation rangement logistique inventaire colis bo\u00eete archives classement archives marquage color\u00e9 rep\u00e9rage bureau maison \u00e9cole entrep\u00f4t dossier comptable boite plastique boite carton sticker fluo autocollant fluo \u00e9tiquetage couleur bureau signal\u00e9tique rep\u00e8re visuel bureau cuisine organisation maison\",\"breadcrumb\":{\"@id\":\"https:\\\/\\\/www.etiktech.fr\\\/produit\\\/etiquettes-adhesives-fluo-75x25mm-lot-de-60-10-plaquettes-4-couleurs-fluorescentes-rouge-jaune-orange-vert-etiquettes-rectangulaires-coins-arrondis\\\/#breadcrumb\"},\"inLanguage\":\"en-US\",\"potentialAction\":[{\"@type\":\"ReadAction\",\"target\":[\"https:\\\/\\\/www.etiktech.fr\\\/produit\\\/etiquettes-adhesives-fluo-75x25mm-lot-de-60-10-plaquettes-4-couleurs-fluorescentes-rouge-jaune-orange-vert-etiquettes-rectangulaires-coins-arrondis\\\/\"]}]},{\"@type\":\"ImageObject\",\"inLanguage\":\"en-US\",\"@id\":\"https:\\\/\\\/www.etiktech.fr\\\/produit\\\/etiquettes-adhesives-fluo-75x25mm-lot-de-60-10-plaquettes-4-couleurs-fluorescentes-rouge-jaune-orange-vert-etiquettes-rectangulaires-coins-arrondis\\\/#primaryimage\",\"url\":\"https:\\\/\\\/www.etiktech.fr\\\/wp-content\\\/uploads\\\/2025\\\/10\\\/etiquette_fluo-_adhesive_75x25m.jpg\",\"contentUrl\":\"https:\\\/\\\/www.etiktech.fr\\\/wp-content\\\/uploads\\\/2025\\\/10\\\/etiquette_fluo-_adhesive_75x25m.jpg\",\"width\":2000,\"height\":2000},{\"@type\":\"BreadcrumbList\",\"@id\":\"https:\\\/\\\/www.etiktech.fr\\\/produit\\\/etiquettes-adhesives-fluo-75x25mm-lot-de-60-10-plaquettes-4-couleurs-fluorescentes-rouge-jaune-orange-vert-etiquettes-rectangulaires-coins-arrondis\\\/#breadcrumb\",\"itemListElement\":[{\"@type\":\"ListItem\",\"position\":1,\"name\":\"Accueil\",\"item\":\"https:\\\/\\\/www.etiktech.fr\\\/fr\\\/\"},{\"@type\":\"ListItem\",\"position\":2,\"name\":\"e-commerce\",\"item\":\"https:\\\/\\\/www.etiktech.fr\\\/e-commerce\\\/\"},{\"@type\":\"ListItem\",\"position\":3,\"name\":\"Etiquettes Adh\u00e9sives Fluo 75x25mm \u2013 Lot de 60 (10 Plaquettes) \u2013 4 Couleurs Fluorescentes (Rouge, Jaune, Orange, Vert)\"}]},{\"@type\":\"WebSite\",\"@id\":\"https:\\\/\\\/www.etiktech.fr\\\/#website\",\"url\":\"https:\\\/\\\/www.etiktech.fr\\\/\",\"name\":\"Etiktech\",\"description\":\"YOUR PRODUCTS, OUR PACKAGING EXCELLENCE\",\"publisher\":{\"@id\":\"https:\\\/\\\/www.etiktech.fr\\\/#organization\"},\"potentialAction\":[{\"@type\":\"SearchAction\",\"target\":{\"@type\":\"EntryPoint\",\"urlTemplate\":\"https:\\\/\\\/www.etiktech.fr\\\/?s={search_term_string}\"},\"query-input\":{\"@type\":\"PropertyValueSpecification\",\"valueRequired\":true,\"valueName\":\"search_term_string\"}}],\"inLanguage\":\"en-US\"},{\"@type\":[\"Organization\",\"Place\"],\"@id\":\"https:\\\/\\\/www.etiktech.fr\\\/#organization\",\"name\":\"Etiktech\",\"alternateName\":\"Etiktech\",\"url\":\"https:\\\/\\\/www.etiktech.fr\\\/\",\"logo\":{\"@id\":\"https:\\\/\\\/www.etiktech.fr\\\/produit\\\/etiquettes-adhesives-fluo-75x25mm-lot-de-60-10-plaquettes-4-couleurs-fluorescentes-rouge-jaune-orange-vert-etiquettes-rectangulaires-coins-arrondis\\\/#local-main-organization-logo\"},\"image\":{\"@id\":\"https:\\\/\\\/www.etiktech.fr\\\/produit\\\/etiquettes-adhesives-fluo-75x25mm-lot-de-60-10-plaquettes-4-couleurs-fluorescentes-rouge-jaune-orange-vert-etiquettes-rectangulaires-coins-arrondis\\\/#local-main-organization-logo\"},\"sameAs\":[\"https:\\\/\\\/www.facebook.com\\\/people\\\/Etiktech\\\/61570904671530\\\/?mibextid=ZbWKwL\",\"https:\\\/\\\/www.linkedin.com\\\/company\\\/etiktech\"],\"telephone\":[],\"openingHoursSpecification\":[{\"@type\":\"OpeningHoursSpecification\",\"dayOfWeek\":[\"Monday\",\"Tuesday\",\"Wednesday\",\"Thursday\",\"Friday\",\"Saturday\",\"Sunday\"],\"opens\":\"09:00\",\"closes\":\"17:00\"}]},{\"@type\":\"ImageObject\",\"inLanguage\":\"en-US\",\"@id\":\"https:\\\/\\\/www.etiktech.fr\\\/produit\\\/etiquettes-adhesives-fluo-75x25mm-lot-de-60-10-plaquettes-4-couleurs-fluorescentes-rouge-jaune-orange-vert-etiquettes-rectangulaires-coins-arrondis\\\/#local-main-organization-logo\",\"url\":\"https:\\\/\\\/www.etiktech.fr\\\/wp-content\\\/uploads\\\/2024\\\/08\\\/cropped-logo-site-1.png\",\"contentUrl\":\"https:\\\/\\\/www.etiktech.fr\\\/wp-content\\\/uploads\\\/2024\\\/08\\\/cropped-logo-site-1.png\",\"width\":723,\"height\":108,\"caption\":\"Etiktech\"}]}<\/script>\n<!-- \/ Yoast SEO Premium plugin. -->","yoast_head_json":{"title":"Etiquettes Adh\u00e9sives Fluo 75x25mm \u2013 Lot de 60 (10 Plaquettes) \u2013 4 Couleurs Fluorescentes (Rouge, Jaune, Orange, Vert) - Etiktech","description":"\u00e9tiquette fluo adh\u00e9sive autocollante rectangulaire stickers fluorescents autocollants organisation classement bureau organisation papeterie fournitures scolaires fournitures de bureau signalisation rangement logistique inventaire colis bo\u00eete archives classement archives marquage color\u00e9 rep\u00e9rage bureau maison \u00e9cole entrep\u00f4t dossier comptable boite plastique boite carton sticker fluo autocollant fluo \u00e9tiquetage couleur bureau signal\u00e9tique rep\u00e8re visuel bureau cuisine organisation maison","robots":{"index":"index","follow":"follow","max-snippet":"max-snippet:-1","max-image-preview":"max-image-preview:large","max-video-preview":"max-video-preview:-1"},"canonical":"https:\/\/www.etiktech.fr\/en\/product\/etiquettes-adhesives-fluo-75x25mm-lot-de-60-10-plaquettes-4-couleurs-fluorescentes-rouge-jaune-orange-vert-etiquettes-rectangulaires-coins-arrondis\/","og_locale":"en_US","og_type":"article","og_title":"Etiquettes Adh\u00e9sives Fluo 75x25mm \u2013 Lot de 60 (10 Plaquettes) \u2013 4 Couleurs Fluorescentes (Rouge, Jaune, Orange, Vert)","og_description":"\u00e9tiquette fluo adh\u00e9sive autocollante rectangulaire stickers fluorescents autocollants organisation classement bureau organisation papeterie fournitures scolaires fournitures de bureau signalisation rangement logistique inventaire colis bo\u00eete archives classement archives marquage color\u00e9 rep\u00e9rage bureau maison \u00e9cole entrep\u00f4t dossier comptable boite plastique boite carton sticker fluo autocollant fluo \u00e9tiquetage couleur bureau signal\u00e9tique rep\u00e8re visuel bureau cuisine organisation maison","og_url":"https:\/\/www.etiktech.fr\/en\/product\/etiquettes-adhesives-fluo-75x25mm-lot-de-60-10-plaquettes-4-couleurs-fluorescentes-rouge-jaune-orange-vert-etiquettes-rectangulaires-coins-arrondis\/","og_site_name":"Etiktech","article_publisher":"https:\/\/www.facebook.com\/people\/Etiktech\/61570904671530\/?mibextid=ZbWKwL","article_modified_time":"2025-11-12T15:14:39+00:00","og_image":[{"width":2000,"height":2000,"url":"https:\/\/www.etiktech.fr\/wp-content\/uploads\/2025\/10\/etiquette_fluo-_adhesive_75x25m.jpg","type":"image\/jpeg"}],"twitter_card":"summary_large_image","twitter_misc":{"Est. reading time":"1 minute"},"schema":{"@context":"https:\/\/schema.org","@graph":[{"@type":"WebPage","@id":"https:\/\/www.etiktech.fr\/produit\/etiquettes-adhesives-fluo-75x25mm-lot-de-60-10-plaquettes-4-couleurs-fluorescentes-rouge-jaune-orange-vert-etiquettes-rectangulaires-coins-arrondis\/","url":"https:\/\/www.etiktech.fr\/produit\/etiquettes-adhesives-fluo-75x25mm-lot-de-60-10-plaquettes-4-couleurs-fluorescentes-rouge-jaune-orange-vert-etiquettes-rectangulaires-coins-arrondis\/","name":"Etiquettes Adh\u00e9sives Fluo 75x25mm \u2013 Lot de 60 (10 Plaquettes) \u2013 4 Couleurs Fluorescentes (Rouge, Jaune, Orange, Vert) - Etiktech","isPartOf":{"@id":"https:\/\/www.etiktech.fr\/#website"},"primaryImageOfPage":{"@id":"https:\/\/www.etiktech.fr\/produit\/etiquettes-adhesives-fluo-75x25mm-lot-de-60-10-plaquettes-4-couleurs-fluorescentes-rouge-jaune-orange-vert-etiquettes-rectangulaires-coins-arrondis\/#primaryimage"},"image":{"@id":"https:\/\/www.etiktech.fr\/produit\/etiquettes-adhesives-fluo-75x25mm-lot-de-60-10-plaquettes-4-couleurs-fluorescentes-rouge-jaune-orange-vert-etiquettes-rectangulaires-coins-arrondis\/#primaryimage"},"thumbnailUrl":"https:\/\/www.etiktech.fr\/wp-content\/uploads\/2025\/10\/etiquette_fluo-_adhesive_75x25m.jpg","datePublished":"2025-10-27T15:52:44+00:00","dateModified":"2025-11-12T15:14:39+00:00","description":"\u00e9tiquette fluo adh\u00e9sive autocollante rectangulaire stickers fluorescents autocollants organisation classement bureau organisation papeterie fournitures scolaires fournitures de bureau signalisation rangement logistique inventaire colis bo\u00eete archives classement archives marquage color\u00e9 rep\u00e9rage bureau maison \u00e9cole entrep\u00f4t dossier comptable boite plastique boite carton sticker fluo autocollant fluo \u00e9tiquetage couleur bureau signal\u00e9tique rep\u00e8re visuel bureau cuisine organisation maison","breadcrumb":{"@id":"https:\/\/www.etiktech.fr\/produit\/etiquettes-adhesives-fluo-75x25mm-lot-de-60-10-plaquettes-4-couleurs-fluorescentes-rouge-jaune-orange-vert-etiquettes-rectangulaires-coins-arrondis\/#breadcrumb"},"inLanguage":"en-US","potentialAction":[{"@type":"ReadAction","target":["https:\/\/www.etiktech.fr\/produit\/etiquettes-adhesives-fluo-75x25mm-lot-de-60-10-plaquettes-4-couleurs-fluorescentes-rouge-jaune-orange-vert-etiquettes-rectangulaires-coins-arrondis\/"]}]},{"@type":"ImageObject","inLanguage":"en-US","@id":"https:\/\/www.etiktech.fr\/produit\/etiquettes-adhesives-fluo-75x25mm-lot-de-60-10-plaquettes-4-couleurs-fluorescentes-rouge-jaune-orange-vert-etiquettes-rectangulaires-coins-arrondis\/#primaryimage","url":"https:\/\/www.etiktech.fr\/wp-content\/uploads\/2025\/10\/etiquette_fluo-_adhesive_75x25m.jpg","contentUrl":"https:\/\/www.etiktech.fr\/wp-content\/uploads\/2025\/10\/etiquette_fluo-_adhesive_75x25m.jpg","width":2000,"height":2000},{"@type":"BreadcrumbList","@id":"https:\/\/www.etiktech.fr\/produit\/etiquettes-adhesives-fluo-75x25mm-lot-de-60-10-plaquettes-4-couleurs-fluorescentes-rouge-jaune-orange-vert-etiquettes-rectangulaires-coins-arrondis\/#breadcrumb","itemListElement":[{"@type":"ListItem","position":1,"name":"Accueil","item":"https:\/\/www.etiktech.fr\/fr\/"},{"@type":"ListItem","position":2,"name":"e-commerce","item":"https:\/\/www.etiktech.fr\/e-commerce\/"},{"@type":"ListItem","position":3,"name":"Etiquettes Adh\u00e9sives Fluo 75x25mm \u2013 Lot de 60 (10 Plaquettes) \u2013 4 Couleurs Fluorescentes (Rouge, Jaune, Orange, Vert)"}]},{"@type":"WebSite","@id":"https:\/\/www.etiktech.fr\/#website","url":"https:\/\/www.etiktech.fr\/","name":"Etiktech","description":"YOUR PRODUCTS, OUR PACKAGING EXCELLENCE","publisher":{"@id":"https:\/\/www.etiktech.fr\/#organization"},"potentialAction":[{"@type":"SearchAction","target":{"@type":"EntryPoint","urlTemplate":"https:\/\/www.etiktech.fr\/?s={search_term_string}"},"query-input":{"@type":"PropertyValueSpecification","valueRequired":true,"valueName":"search_term_string"}}],"inLanguage":"en-US"},{"@type":["Organization","Place"],"@id":"https:\/\/www.etiktech.fr\/#organization","name":"Etiktech","alternateName":"Etiktech","url":"https:\/\/www.etiktech.fr\/","logo":{"@id":"https:\/\/www.etiktech.fr\/produit\/etiquettes-adhesives-fluo-75x25mm-lot-de-60-10-plaquettes-4-couleurs-fluorescentes-rouge-jaune-orange-vert-etiquettes-rectangulaires-coins-arrondis\/#local-main-organization-logo"},"image":{"@id":"https:\/\/www.etiktech.fr\/produit\/etiquettes-adhesives-fluo-75x25mm-lot-de-60-10-plaquettes-4-couleurs-fluorescentes-rouge-jaune-orange-vert-etiquettes-rectangulaires-coins-arrondis\/#local-main-organization-logo"},"sameAs":["https:\/\/www.facebook.com\/people\/Etiktech\/61570904671530\/?mibextid=ZbWKwL","https:\/\/www.linkedin.com\/company\/etiktech"],"telephone":[],"openingHoursSpecification":[{"@type":"OpeningHoursSpecification","dayOfWeek":["Monday","Tuesday","Wednesday","Thursday","Friday","Saturday","Sunday"],"opens":"09:00","closes":"17:00"}]},{"@type":"ImageObject","inLanguage":"en-US","@id":"https:\/\/www.etiktech.fr\/produit\/etiquettes-adhesives-fluo-75x25mm-lot-de-60-10-plaquettes-4-couleurs-fluorescentes-rouge-jaune-orange-vert-etiquettes-rectangulaires-coins-arrondis\/#local-main-organization-logo","url":"https:\/\/www.etiktech.fr\/wp-content\/uploads\/2024\/08\/cropped-logo-site-1.png","contentUrl":"https:\/\/www.etiktech.fr\/wp-content\/uploads\/2024\/08\/cropped-logo-site-1.png","width":723,"height":108,"caption":"Etiktech"}]}},"jetpack_sharing_enabled":true,"_links":{"self":[{"href":"https:\/\/www.etiktech.fr\/en\/wp-json\/wp\/v2\/product\/19881","targetHints":{"allow":["GET"]}}],"collection":[{"href":"https:\/\/www.etiktech.fr\/en\/wp-json\/wp\/v2\/product"}],"about":[{"href":"https:\/\/www.etiktech.fr\/en\/wp-json\/wp\/v2\/types\/product"}],"replies":[{"embeddable":true,"href":"https:\/\/www.etiktech.fr\/en\/wp-json\/wp\/v2\/comments?post=19881"}],"wp:featuredmedia":[{"embeddable":true,"href":"https:\/\/www.etiktech.fr\/en\/wp-json\/wp\/v2\/media\/19906"}],"wp:attachment":[{"href":"https:\/\/www.etiktech.fr\/en\/wp-json\/wp\/v2\/media?parent=19881"}],"wp:term":[{"taxonomy":"product_brand","embeddable":true,"href":"https:\/\/www.etiktech.fr\/en\/wp-json\/wp\/v2\/product_brand?post=19881"},{"taxonomy":"product_cat","embeddable":true,"href":"https:\/\/www.etiktech.fr\/en\/wp-json\/wp\/v2\/product_cat?post=19881"},{"taxonomy":"product_tag","embeddable":true,"href":"https:\/\/www.etiktech.fr\/en\/wp-json\/wp\/v2\/product_tag?post=19881"}],"curies":[{"name":"wp","href":"https:\/\/api.w.org\/{rel}","templated":true}]}}