{"id":19822,"date":"2025-10-22T16:58:10","date_gmt":"2025-10-22T14:58:10","guid":{"rendered":"https:\/\/www.etiktech.fr\/?post_type=product&#038;p=19822"},"modified":"2025-11-12T15:56:07","modified_gmt":"2025-11-12T14:56:07","slug":"etiquettes-adhesives-stationnement-interdit-vehicule-electrique-50x100mm","status":"publish","type":"product","link":"https:\/\/www.etiktech.fr\/en\/product\/etiquettes-adhesives-stationnement-interdit-vehicule-electrique-50x100mm\/","title":{"rendered":"\u00c9tiquettes Adh\u00e9sives\u201cStationnement Interdit V\u00e9hicule \u00c9lectrique\u201d (50x100mm )"},"content":{"rendered":"<p><b><span data-contrast=\"auto\">Message clair et visible <\/span><\/b><span data-contrast=\"auto\">: \u00e9tiquettes rectangulaires 50&#215;100 mm avec mention \u201cStationnement Interdit V\u00e9hicule \u00c9lectrique\u201d, id\u00e9ales pour une signalisation efficace.<\/span><span data-ccp-props=\"{}\">\u00a0<\/span><\/p>\n<p><b><span data-contrast=\"auto\">Papier blanc mat <\/span><\/b><span data-contrast=\"auto\">: impression lisible et r\u00e9sistante pour une visibilit\u00e9 optimale.<\/span><span data-ccp-props=\"{}\">\u00a0<\/span><\/p>\n<p><b><span data-contrast=\"auto\">Format pratique : <\/span><\/b><span data-contrast=\"auto\">dimensions 50&#215;100 mm, adapt\u00e9es aux surfaces de signalisation, portes, panneaux et v\u00e9hicules.<\/span><span data-ccp-props=\"{}\">\u00a0<\/span><\/p>\n<p><b><span data-contrast=\"auto\">Colle enlevable : <\/span><\/b><span data-contrast=\"auto\">adh\u00e9sif repositionnable, facile \u00e0 retirer sans laisser de traces sur la plupart des surfaces lisses.<\/span><span data-ccp-props=\"{}\">\u00a0<\/span><\/p>\n<p><b><span data-contrast=\"auto\">Pack pratique <\/span><\/b><span data-contrast=\"auto\">: 30 \u00e9tiquettes par bobine, simples \u00e0 d\u00e9rouler et pr\u00eates \u00e0 l\u2019emploi.<\/span><span data-ccp-props=\"{}\">\u00a0<\/span><\/p>\n<p><b><span data-contrast=\"auto\">Multi-usages <\/span><\/b><span data-contrast=\"auto\">: id\u00e9al pour parkings, entreprises, copropri\u00e9t\u00e9s, zones de circulation et espaces publics.<\/span><span data-ccp-props=\"{}\">\u00a0<\/span><\/p>","protected":false},"excerpt":{"rendered":"<p>Message clair et visible : \u00e9tiquettes rectangulaires 50&#215;100 mm avec mention \u201cStationnement Interdit V\u00e9hicule \u00c9lectrique\u201d, id\u00e9ales pour une signalisation efficace.\u00a0 Papier blanc mat : impression lisible et r\u00e9sistante pour une&hellip;<\/p>","protected":false},"featured_media":19823,"comment_status":"closed","ping_status":"closed","template":"","meta":[],"product_brand":[],"product_cat":[196],"product_tag":[195],"class_list":{"0":"post-19822","1":"product","2":"type-product","3":"status-publish","4":"has-post-thumbnail","6":"product_cat-etiquettes-autocollantes-imprimees","7":"product_tag-autocollants-signaletiques","9":"first","10":"instock","11":"taxable","12":"shipping-taxable","13":"purchasable","14":"product-type-simple"},"yoast_head":"<!-- This site is optimized with the Yoast SEO Premium plugin v27.2 (Yoast SEO v27.3) - https:\/\/yoast.com\/product\/yoast-seo-premium-wordpress\/ -->\n<title>\u00c9tiquettes Adh\u00e9sives\u201cStationnement Interdit V\u00e9hicule \u00c9lectrique\u201d (50x100mm ) - Etiktech<\/title>\n<meta name=\"description\" content=\"\u00e9tiquettes stationnement interdit v\u00e9hicule \u00e9lectrique autocollant adh\u00e9sif signalisation parking s\u00e9curit\u00e9 zone interdite colle enlevable temporaire panneau adh\u00e9sif voiture copropri\u00e9t\u00e9 entreprise logistique\" \/>\n<meta name=\"robots\" content=\"index, follow, max-snippet:-1, max-image-preview:large, max-video-preview:-1\" \/>\n<link rel=\"canonical\" href=\"https:\/\/www.etiktech.fr\/en\/product\/etiquettes-adhesives-stationnement-interdit-vehicule-electrique-50x100mm\/\" \/>\n<meta property=\"og:locale\" content=\"en_US\" \/>\n<meta property=\"og:type\" content=\"article\" \/>\n<meta property=\"og:title\" content=\"\u00c9tiquettes Adh\u00e9sives\u201cStationnement Interdit V\u00e9hicule \u00c9lectrique\u201d (50x100mm )\" \/>\n<meta property=\"og:description\" content=\"\u00e9tiquettes stationnement interdit v\u00e9hicule \u00e9lectrique autocollant adh\u00e9sif signalisation parking s\u00e9curit\u00e9 zone interdite colle enlevable temporaire panneau adh\u00e9sif voiture copropri\u00e9t\u00e9 entreprise logistique\" \/>\n<meta property=\"og:url\" content=\"https:\/\/www.etiktech.fr\/en\/product\/etiquettes-adhesives-stationnement-interdit-vehicule-electrique-50x100mm\/\" \/>\n<meta property=\"og:site_name\" content=\"Etiktech\" \/>\n<meta property=\"article:publisher\" content=\"https:\/\/www.facebook.com\/people\/Etiktech\/61570904671530\/?mibextid=ZbWKwL\" \/>\n<meta property=\"article:modified_time\" content=\"2025-11-12T14:56:07+00:00\" \/>\n<meta property=\"og:image\" content=\"https:\/\/www.etiktech.fr\/wp-content\/uploads\/2025\/10\/Etiquettes_Vehicule_Electrique_-50x100mm_1.jpg\" \/>\n\t<meta property=\"og:image:width\" content=\"2000\" \/>\n\t<meta property=\"og:image:height\" content=\"2000\" \/>\n\t<meta property=\"og:image:type\" content=\"image\/jpeg\" \/>\n<meta name=\"twitter:card\" content=\"summary_large_image\" \/>\n<meta name=\"twitter:label1\" content=\"Est. reading time\" \/>\n\t<meta name=\"twitter:data1\" content=\"1 minute\" \/>\n<script type=\"application\/ld+json\" class=\"yoast-schema-graph\">{\"@context\":\"https:\\\/\\\/schema.org\",\"@graph\":[{\"@type\":\"WebPage\",\"@id\":\"https:\\\/\\\/www.etiktech.fr\\\/produit\\\/etiquettes-adhesives-stationnement-interdit-vehicule-electrique-50x100mm\\\/\",\"url\":\"https:\\\/\\\/www.etiktech.fr\\\/produit\\\/etiquettes-adhesives-stationnement-interdit-vehicule-electrique-50x100mm\\\/\",\"name\":\"\u00c9tiquettes Adh\u00e9sives\u201cStationnement Interdit V\u00e9hicule \u00c9lectrique\u201d (50x100mm ) - Etiktech\",\"isPartOf\":{\"@id\":\"https:\\\/\\\/www.etiktech.fr\\\/#website\"},\"primaryImageOfPage\":{\"@id\":\"https:\\\/\\\/www.etiktech.fr\\\/produit\\\/etiquettes-adhesives-stationnement-interdit-vehicule-electrique-50x100mm\\\/#primaryimage\"},\"image\":{\"@id\":\"https:\\\/\\\/www.etiktech.fr\\\/produit\\\/etiquettes-adhesives-stationnement-interdit-vehicule-electrique-50x100mm\\\/#primaryimage\"},\"thumbnailUrl\":\"https:\\\/\\\/www.etiktech.fr\\\/wp-content\\\/uploads\\\/2025\\\/10\\\/Etiquettes_Vehicule_Electrique_-50x100mm_1.jpg\",\"datePublished\":\"2025-10-22T14:58:10+00:00\",\"dateModified\":\"2025-11-12T14:56:07+00:00\",\"description\":\"\u00e9tiquettes stationnement interdit v\u00e9hicule \u00e9lectrique autocollant adh\u00e9sif signalisation parking s\u00e9curit\u00e9 zone interdite colle enlevable temporaire panneau adh\u00e9sif voiture copropri\u00e9t\u00e9 entreprise logistique\",\"breadcrumb\":{\"@id\":\"https:\\\/\\\/www.etiktech.fr\\\/produit\\\/etiquettes-adhesives-stationnement-interdit-vehicule-electrique-50x100mm\\\/#breadcrumb\"},\"inLanguage\":\"en-US\",\"potentialAction\":[{\"@type\":\"ReadAction\",\"target\":[\"https:\\\/\\\/www.etiktech.fr\\\/produit\\\/etiquettes-adhesives-stationnement-interdit-vehicule-electrique-50x100mm\\\/\"]}]},{\"@type\":\"ImageObject\",\"inLanguage\":\"en-US\",\"@id\":\"https:\\\/\\\/www.etiktech.fr\\\/produit\\\/etiquettes-adhesives-stationnement-interdit-vehicule-electrique-50x100mm\\\/#primaryimage\",\"url\":\"https:\\\/\\\/www.etiktech.fr\\\/wp-content\\\/uploads\\\/2025\\\/10\\\/Etiquettes_Vehicule_Electrique_-50x100mm_1.jpg\",\"contentUrl\":\"https:\\\/\\\/www.etiktech.fr\\\/wp-content\\\/uploads\\\/2025\\\/10\\\/Etiquettes_Vehicule_Electrique_-50x100mm_1.jpg\",\"width\":2000,\"height\":2000},{\"@type\":\"BreadcrumbList\",\"@id\":\"https:\\\/\\\/www.etiktech.fr\\\/produit\\\/etiquettes-adhesives-stationnement-interdit-vehicule-electrique-50x100mm\\\/#breadcrumb\",\"itemListElement\":[{\"@type\":\"ListItem\",\"position\":1,\"name\":\"Accueil\",\"item\":\"https:\\\/\\\/www.etiktech.fr\\\/fr\\\/\"},{\"@type\":\"ListItem\",\"position\":2,\"name\":\"e-commerce\",\"item\":\"https:\\\/\\\/www.etiktech.fr\\\/e-commerce\\\/\"},{\"@type\":\"ListItem\",\"position\":3,\"name\":\"\u00c9tiquettes Adh\u00e9sives\u201cStationnement Interdit V\u00e9hicule \u00c9lectrique\u201d (50x100mm )\"}]},{\"@type\":\"WebSite\",\"@id\":\"https:\\\/\\\/www.etiktech.fr\\\/#website\",\"url\":\"https:\\\/\\\/www.etiktech.fr\\\/\",\"name\":\"Etiktech\",\"description\":\"YOUR PRODUCTS, OUR PACKAGING EXCELLENCE\",\"publisher\":{\"@id\":\"https:\\\/\\\/www.etiktech.fr\\\/#organization\"},\"potentialAction\":[{\"@type\":\"SearchAction\",\"target\":{\"@type\":\"EntryPoint\",\"urlTemplate\":\"https:\\\/\\\/www.etiktech.fr\\\/?s={search_term_string}\"},\"query-input\":{\"@type\":\"PropertyValueSpecification\",\"valueRequired\":true,\"valueName\":\"search_term_string\"}}],\"inLanguage\":\"en-US\"},{\"@type\":[\"Organization\",\"Place\"],\"@id\":\"https:\\\/\\\/www.etiktech.fr\\\/#organization\",\"name\":\"Etiktech\",\"alternateName\":\"Etiktech\",\"url\":\"https:\\\/\\\/www.etiktech.fr\\\/\",\"logo\":{\"@id\":\"https:\\\/\\\/www.etiktech.fr\\\/produit\\\/etiquettes-adhesives-stationnement-interdit-vehicule-electrique-50x100mm\\\/#local-main-organization-logo\"},\"image\":{\"@id\":\"https:\\\/\\\/www.etiktech.fr\\\/produit\\\/etiquettes-adhesives-stationnement-interdit-vehicule-electrique-50x100mm\\\/#local-main-organization-logo\"},\"sameAs\":[\"https:\\\/\\\/www.facebook.com\\\/people\\\/Etiktech\\\/61570904671530\\\/?mibextid=ZbWKwL\",\"https:\\\/\\\/www.linkedin.com\\\/company\\\/etiktech\"],\"telephone\":[],\"openingHoursSpecification\":[{\"@type\":\"OpeningHoursSpecification\",\"dayOfWeek\":[\"Monday\",\"Tuesday\",\"Wednesday\",\"Thursday\",\"Friday\",\"Saturday\",\"Sunday\"],\"opens\":\"09:00\",\"closes\":\"17:00\"}]},{\"@type\":\"ImageObject\",\"inLanguage\":\"en-US\",\"@id\":\"https:\\\/\\\/www.etiktech.fr\\\/produit\\\/etiquettes-adhesives-stationnement-interdit-vehicule-electrique-50x100mm\\\/#local-main-organization-logo\",\"url\":\"https:\\\/\\\/www.etiktech.fr\\\/wp-content\\\/uploads\\\/2024\\\/08\\\/cropped-logo-site-1.png\",\"contentUrl\":\"https:\\\/\\\/www.etiktech.fr\\\/wp-content\\\/uploads\\\/2024\\\/08\\\/cropped-logo-site-1.png\",\"width\":723,\"height\":108,\"caption\":\"Etiktech\"}]}<\/script>\n<!-- \/ Yoast SEO Premium plugin. -->","yoast_head_json":{"title":"\u00c9tiquettes Adh\u00e9sives\u201cStationnement Interdit V\u00e9hicule \u00c9lectrique\u201d (50x100mm ) - Etiktech","description":"\u00e9tiquettes stationnement interdit v\u00e9hicule \u00e9lectrique autocollant adh\u00e9sif signalisation parking s\u00e9curit\u00e9 zone interdite colle enlevable temporaire panneau adh\u00e9sif voiture copropri\u00e9t\u00e9 entreprise logistique","robots":{"index":"index","follow":"follow","max-snippet":"max-snippet:-1","max-image-preview":"max-image-preview:large","max-video-preview":"max-video-preview:-1"},"canonical":"https:\/\/www.etiktech.fr\/en\/product\/etiquettes-adhesives-stationnement-interdit-vehicule-electrique-50x100mm\/","og_locale":"en_US","og_type":"article","og_title":"\u00c9tiquettes Adh\u00e9sives\u201cStationnement Interdit V\u00e9hicule \u00c9lectrique\u201d (50x100mm )","og_description":"\u00e9tiquettes stationnement interdit v\u00e9hicule \u00e9lectrique autocollant adh\u00e9sif signalisation parking s\u00e9curit\u00e9 zone interdite colle enlevable temporaire panneau adh\u00e9sif voiture copropri\u00e9t\u00e9 entreprise logistique","og_url":"https:\/\/www.etiktech.fr\/en\/product\/etiquettes-adhesives-stationnement-interdit-vehicule-electrique-50x100mm\/","og_site_name":"Etiktech","article_publisher":"https:\/\/www.facebook.com\/people\/Etiktech\/61570904671530\/?mibextid=ZbWKwL","article_modified_time":"2025-11-12T14:56:07+00:00","og_image":[{"width":2000,"height":2000,"url":"https:\/\/www.etiktech.fr\/wp-content\/uploads\/2025\/10\/Etiquettes_Vehicule_Electrique_-50x100mm_1.jpg","type":"image\/jpeg"}],"twitter_card":"summary_large_image","twitter_misc":{"Est. reading time":"1 minute"},"schema":{"@context":"https:\/\/schema.org","@graph":[{"@type":"WebPage","@id":"https:\/\/www.etiktech.fr\/produit\/etiquettes-adhesives-stationnement-interdit-vehicule-electrique-50x100mm\/","url":"https:\/\/www.etiktech.fr\/produit\/etiquettes-adhesives-stationnement-interdit-vehicule-electrique-50x100mm\/","name":"\u00c9tiquettes Adh\u00e9sives\u201cStationnement Interdit V\u00e9hicule \u00c9lectrique\u201d (50x100mm ) - Etiktech","isPartOf":{"@id":"https:\/\/www.etiktech.fr\/#website"},"primaryImageOfPage":{"@id":"https:\/\/www.etiktech.fr\/produit\/etiquettes-adhesives-stationnement-interdit-vehicule-electrique-50x100mm\/#primaryimage"},"image":{"@id":"https:\/\/www.etiktech.fr\/produit\/etiquettes-adhesives-stationnement-interdit-vehicule-electrique-50x100mm\/#primaryimage"},"thumbnailUrl":"https:\/\/www.etiktech.fr\/wp-content\/uploads\/2025\/10\/Etiquettes_Vehicule_Electrique_-50x100mm_1.jpg","datePublished":"2025-10-22T14:58:10+00:00","dateModified":"2025-11-12T14:56:07+00:00","description":"\u00e9tiquettes stationnement interdit v\u00e9hicule \u00e9lectrique autocollant adh\u00e9sif signalisation parking s\u00e9curit\u00e9 zone interdite colle enlevable temporaire panneau adh\u00e9sif voiture copropri\u00e9t\u00e9 entreprise logistique","breadcrumb":{"@id":"https:\/\/www.etiktech.fr\/produit\/etiquettes-adhesives-stationnement-interdit-vehicule-electrique-50x100mm\/#breadcrumb"},"inLanguage":"en-US","potentialAction":[{"@type":"ReadAction","target":["https:\/\/www.etiktech.fr\/produit\/etiquettes-adhesives-stationnement-interdit-vehicule-electrique-50x100mm\/"]}]},{"@type":"ImageObject","inLanguage":"en-US","@id":"https:\/\/www.etiktech.fr\/produit\/etiquettes-adhesives-stationnement-interdit-vehicule-electrique-50x100mm\/#primaryimage","url":"https:\/\/www.etiktech.fr\/wp-content\/uploads\/2025\/10\/Etiquettes_Vehicule_Electrique_-50x100mm_1.jpg","contentUrl":"https:\/\/www.etiktech.fr\/wp-content\/uploads\/2025\/10\/Etiquettes_Vehicule_Electrique_-50x100mm_1.jpg","width":2000,"height":2000},{"@type":"BreadcrumbList","@id":"https:\/\/www.etiktech.fr\/produit\/etiquettes-adhesives-stationnement-interdit-vehicule-electrique-50x100mm\/#breadcrumb","itemListElement":[{"@type":"ListItem","position":1,"name":"Accueil","item":"https:\/\/www.etiktech.fr\/fr\/"},{"@type":"ListItem","position":2,"name":"e-commerce","item":"https:\/\/www.etiktech.fr\/e-commerce\/"},{"@type":"ListItem","position":3,"name":"\u00c9tiquettes Adh\u00e9sives\u201cStationnement Interdit V\u00e9hicule \u00c9lectrique\u201d (50x100mm )"}]},{"@type":"WebSite","@id":"https:\/\/www.etiktech.fr\/#website","url":"https:\/\/www.etiktech.fr\/","name":"Etiktech","description":"YOUR PRODUCTS, OUR PACKAGING EXCELLENCE","publisher":{"@id":"https:\/\/www.etiktech.fr\/#organization"},"potentialAction":[{"@type":"SearchAction","target":{"@type":"EntryPoint","urlTemplate":"https:\/\/www.etiktech.fr\/?s={search_term_string}"},"query-input":{"@type":"PropertyValueSpecification","valueRequired":true,"valueName":"search_term_string"}}],"inLanguage":"en-US"},{"@type":["Organization","Place"],"@id":"https:\/\/www.etiktech.fr\/#organization","name":"Etiktech","alternateName":"Etiktech","url":"https:\/\/www.etiktech.fr\/","logo":{"@id":"https:\/\/www.etiktech.fr\/produit\/etiquettes-adhesives-stationnement-interdit-vehicule-electrique-50x100mm\/#local-main-organization-logo"},"image":{"@id":"https:\/\/www.etiktech.fr\/produit\/etiquettes-adhesives-stationnement-interdit-vehicule-electrique-50x100mm\/#local-main-organization-logo"},"sameAs":["https:\/\/www.facebook.com\/people\/Etiktech\/61570904671530\/?mibextid=ZbWKwL","https:\/\/www.linkedin.com\/company\/etiktech"],"telephone":[],"openingHoursSpecification":[{"@type":"OpeningHoursSpecification","dayOfWeek":["Monday","Tuesday","Wednesday","Thursday","Friday","Saturday","Sunday"],"opens":"09:00","closes":"17:00"}]},{"@type":"ImageObject","inLanguage":"en-US","@id":"https:\/\/www.etiktech.fr\/produit\/etiquettes-adhesives-stationnement-interdit-vehicule-electrique-50x100mm\/#local-main-organization-logo","url":"https:\/\/www.etiktech.fr\/wp-content\/uploads\/2024\/08\/cropped-logo-site-1.png","contentUrl":"https:\/\/www.etiktech.fr\/wp-content\/uploads\/2024\/08\/cropped-logo-site-1.png","width":723,"height":108,"caption":"Etiktech"}]}},"jetpack_sharing_enabled":true,"_links":{"self":[{"href":"https:\/\/www.etiktech.fr\/en\/wp-json\/wp\/v2\/product\/19822","targetHints":{"allow":["GET"]}}],"collection":[{"href":"https:\/\/www.etiktech.fr\/en\/wp-json\/wp\/v2\/product"}],"about":[{"href":"https:\/\/www.etiktech.fr\/en\/wp-json\/wp\/v2\/types\/product"}],"replies":[{"embeddable":true,"href":"https:\/\/www.etiktech.fr\/en\/wp-json\/wp\/v2\/comments?post=19822"}],"wp:featuredmedia":[{"embeddable":true,"href":"https:\/\/www.etiktech.fr\/en\/wp-json\/wp\/v2\/media\/19823"}],"wp:attachment":[{"href":"https:\/\/www.etiktech.fr\/en\/wp-json\/wp\/v2\/media?parent=19822"}],"wp:term":[{"taxonomy":"product_brand","embeddable":true,"href":"https:\/\/www.etiktech.fr\/en\/wp-json\/wp\/v2\/product_brand?post=19822"},{"taxonomy":"product_cat","embeddable":true,"href":"https:\/\/www.etiktech.fr\/en\/wp-json\/wp\/v2\/product_cat?post=19822"},{"taxonomy":"product_tag","embeddable":true,"href":"https:\/\/www.etiktech.fr\/en\/wp-json\/wp\/v2\/product_tag?post=19822"}],"curies":[{"name":"wp","href":"https:\/\/api.w.org\/{rel}","templated":true}]}}