{"id":19227,"date":"2024-11-19T14:28:31","date_gmt":"2024-11-19T13:28:31","guid":{"rendered":"https:\/\/www.etiktech.fr\/?post_type=product&#038;p=19227"},"modified":"2025-11-12T14:25:34","modified_gmt":"2025-11-12T13:25:34","slug":"lot-de-6-rouleaux-etiquettes-thermiques-vierges-58x43-mm-diametre-mandrin-41-mm-750-etiquettes-par-rouleau-compatible-avec-les-imprimantes-thermiques","status":"publish","type":"product","link":"https:\/\/www.etiktech.fr\/en\/product\/lot-de-6-rouleaux-etiquettes-thermiques-vierges-58x43-mm-diametre-mandrin-41-mm-750-etiquettes-par-rouleau-compatible-avec-les-imprimantes-thermiques\/","title":{"rendered":"Pack of 6 blank thermal label rolls 58\u00d743 mm core diameter 41 mm. 750 labels per roll. Compatible with thermal printers."},"content":{"rendered":"<p>Size: 58x43mm<\/p>\n<p>Mandrel: 76 mm<\/p>\n<p><span class=\"a-size-base a-text-bold\">Number of labels: 4500<\/span><\/p>\n<p>Finishing type: Laminated<\/p>\n<p><span class=\"TextRun SCXW231542614 BCX8\" lang=\"FR-FR\" xml:lang=\"FR-FR\" data-contrast=\"auto\"><span class=\"NormalTextRun SCXW231542614 BCX8\">Material<\/span><\/span><span class=\"EOP SCXW231542614 BCX8\" data-ccp-props=\"{}\"> : <span class=\"TextRun SCXW142095275 BCX8\" lang=\"FR-FR\" xml:lang=\"FR-FR\" data-contrast=\"auto\"><span class=\"NormalTextRun SCXW142095275 BCX8\">Paper<\/span><\/span><span class=\"EOP SCXW142095275 BCX8\" data-ccp-props=\"{}\">\u00a0<\/span><\/span><\/p>\n<p><span class=\"a-size-base a-text-bold\">Color : <span class=\"a-size-base po-break-word\">white\u00a0<\/span><\/span><\/p>\n<p>Compatible with thermal printers and scales<\/p>","protected":false},"excerpt":{"rendered":"<h4>About this article<\/h4>\n<p class=\"translation-block\">This pack contains <strong>6 rolls of blank thermal labels measuring 58\u00d743 mm<\/strong> with a <strong>41 mm diameter core<\/strong>. Each roll contains <strong>750 labels, for a total of 4500 labels for the entire pack.<\/strong>.<\/p>\n<p class=\"translation-block\">These labels use direct thermal technology, without ink or ribbon. Perfect for fast printing, they are ideal for logistics, retail and receipt printing. <strong>With 750 labels per roll<\/strong>, this pack offers a long shelf life, reducing the frequency of refills. <strong>The 41mm core is compatible with most thermal printers and scales<\/strong>, ensuring easy insertion and optimal operation. These rolls are suitable for a variety of commercial equipment such as cash registers and supermarket scales.<\/p>","protected":false},"featured_media":19228,"comment_status":"open","ping_status":"closed","template":"","meta":[],"product_brand":[],"product_cat":[188],"product_tag":[194],"class_list":{"0":"post-19227","1":"product","2":"type-product","3":"status-publish","4":"has-post-thumbnail","6":"product_cat-etiquettes-vierges","7":"product_tag-lot-de-6-rouleaux","9":"first","10":"instock","11":"taxable","12":"shipping-taxable","13":"purchasable","14":"product-type-simple"},"yoast_head":"<!-- This site is optimized with the Yoast SEO Premium plugin v27.2 (Yoast SEO v27.3) - https:\/\/yoast.com\/product\/yoast-seo-premium-wordpress\/ -->\n<title>Lot de 6 rouleaux \u00e9tiquettes thermiques vierges 58x43 mm diam\u00e8tre mandrin 41 mm. 750 \u00e9tiquettes par rouleau. Compatible avec les imprimantes thermiques. - Etiktech<\/title>\n<meta name=\"description\" content=\"Lot de 6 rouleaux \u00e9tiquettes thermiques vierges 58x43 mm diam\u00e8tre mandrin 41 mm. 750 \u00e9tiquettes par rouleau. Compatible avec les imprimantes thermiques .\" \/>\n<meta name=\"robots\" content=\"index, follow, max-snippet:-1, max-image-preview:large, max-video-preview:-1\" \/>\n<link rel=\"canonical\" href=\"https:\/\/www.etiktech.fr\/en\/product\/lot-de-6-rouleaux-etiquettes-thermiques-vierges-58x43-mm-diametre-mandrin-41-mm-750-etiquettes-par-rouleau-compatible-avec-les-imprimantes-thermiques\/\" \/>\n<meta property=\"og:locale\" content=\"en_US\" \/>\n<meta property=\"og:type\" content=\"article\" \/>\n<meta property=\"og:title\" content=\"Lot de 6 rouleaux \u00e9tiquettes thermiques vierges 58x43 mm diam\u00e8tre mandrin 41 mm. 750 \u00e9tiquettes par rouleau. Compatible avec les imprimantes thermiques.\" \/>\n<meta property=\"og:description\" content=\"Lot de 6 rouleaux \u00e9tiquettes thermiques vierges 58x43 mm diam\u00e8tre mandrin 41 mm. 750 \u00e9tiquettes par rouleau. Compatible avec les imprimantes thermiques .\" \/>\n<meta property=\"og:url\" content=\"https:\/\/www.etiktech.fr\/en\/product\/lot-de-6-rouleaux-etiquettes-thermiques-vierges-58x43-mm-diametre-mandrin-41-mm-750-etiquettes-par-rouleau-compatible-avec-les-imprimantes-thermiques\/\" \/>\n<meta property=\"og:site_name\" content=\"Etiktech\" \/>\n<meta property=\"article:publisher\" content=\"https:\/\/www.facebook.com\/people\/Etiktech\/61570904671530\/?mibextid=ZbWKwL\" \/>\n<meta property=\"article:modified_time\" content=\"2025-11-12T13:25:34+00:00\" \/>\n<meta property=\"og:image\" content=\"https:\/\/www.etiktech.fr\/wp-content\/uploads\/2024\/11\/lot2.jpg\" \/>\n\t<meta property=\"og:image:width\" content=\"679\" \/>\n\t<meta property=\"og:image:height\" content=\"679\" \/>\n\t<meta property=\"og:image:type\" content=\"image\/jpeg\" \/>\n<meta name=\"twitter:card\" content=\"summary_large_image\" \/>\n<meta name=\"twitter:label1\" content=\"Est. reading time\" \/>\n\t<meta name=\"twitter:data1\" content=\"1 minute\" \/>\n<script type=\"application\/ld+json\" class=\"yoast-schema-graph\">{\"@context\":\"https:\\\/\\\/schema.org\",\"@graph\":[{\"@type\":\"WebPage\",\"@id\":\"https:\\\/\\\/www.etiktech.fr\\\/produit\\\/lot-de-6-rouleaux-etiquettes-thermiques-vierges-58x43-mm-diametre-mandrin-41-mm-750-etiquettes-par-rouleau-compatible-avec-les-imprimantes-thermiques\\\/\",\"url\":\"https:\\\/\\\/www.etiktech.fr\\\/produit\\\/lot-de-6-rouleaux-etiquettes-thermiques-vierges-58x43-mm-diametre-mandrin-41-mm-750-etiquettes-par-rouleau-compatible-avec-les-imprimantes-thermiques\\\/\",\"name\":\"Lot de 6 rouleaux \u00e9tiquettes thermiques vierges 58x43 mm diam\u00e8tre mandrin 41 mm. 750 \u00e9tiquettes par rouleau. Compatible avec les imprimantes thermiques. - Etiktech\",\"isPartOf\":{\"@id\":\"https:\\\/\\\/www.etiktech.fr\\\/#website\"},\"primaryImageOfPage\":{\"@id\":\"https:\\\/\\\/www.etiktech.fr\\\/produit\\\/lot-de-6-rouleaux-etiquettes-thermiques-vierges-58x43-mm-diametre-mandrin-41-mm-750-etiquettes-par-rouleau-compatible-avec-les-imprimantes-thermiques\\\/#primaryimage\"},\"image\":{\"@id\":\"https:\\\/\\\/www.etiktech.fr\\\/produit\\\/lot-de-6-rouleaux-etiquettes-thermiques-vierges-58x43-mm-diametre-mandrin-41-mm-750-etiquettes-par-rouleau-compatible-avec-les-imprimantes-thermiques\\\/#primaryimage\"},\"thumbnailUrl\":\"https:\\\/\\\/www.etiktech.fr\\\/wp-content\\\/uploads\\\/2024\\\/11\\\/lot2.jpg\",\"datePublished\":\"2024-11-19T13:28:31+00:00\",\"dateModified\":\"2025-11-12T13:25:34+00:00\",\"description\":\"Lot de 6 rouleaux \u00e9tiquettes thermiques vierges 58x43 mm diam\u00e8tre mandrin 41 mm. 750 \u00e9tiquettes par rouleau. Compatible avec les imprimantes thermiques .\",\"breadcrumb\":{\"@id\":\"https:\\\/\\\/www.etiktech.fr\\\/produit\\\/lot-de-6-rouleaux-etiquettes-thermiques-vierges-58x43-mm-diametre-mandrin-41-mm-750-etiquettes-par-rouleau-compatible-avec-les-imprimantes-thermiques\\\/#breadcrumb\"},\"inLanguage\":\"en-US\",\"potentialAction\":[{\"@type\":\"ReadAction\",\"target\":[\"https:\\\/\\\/www.etiktech.fr\\\/produit\\\/lot-de-6-rouleaux-etiquettes-thermiques-vierges-58x43-mm-diametre-mandrin-41-mm-750-etiquettes-par-rouleau-compatible-avec-les-imprimantes-thermiques\\\/\"]}]},{\"@type\":\"ImageObject\",\"inLanguage\":\"en-US\",\"@id\":\"https:\\\/\\\/www.etiktech.fr\\\/produit\\\/lot-de-6-rouleaux-etiquettes-thermiques-vierges-58x43-mm-diametre-mandrin-41-mm-750-etiquettes-par-rouleau-compatible-avec-les-imprimantes-thermiques\\\/#primaryimage\",\"url\":\"https:\\\/\\\/www.etiktech.fr\\\/wp-content\\\/uploads\\\/2024\\\/11\\\/lot2.jpg\",\"contentUrl\":\"https:\\\/\\\/www.etiktech.fr\\\/wp-content\\\/uploads\\\/2024\\\/11\\\/lot2.jpg\",\"width\":679,\"height\":679},{\"@type\":\"BreadcrumbList\",\"@id\":\"https:\\\/\\\/www.etiktech.fr\\\/produit\\\/lot-de-6-rouleaux-etiquettes-thermiques-vierges-58x43-mm-diametre-mandrin-41-mm-750-etiquettes-par-rouleau-compatible-avec-les-imprimantes-thermiques\\\/#breadcrumb\",\"itemListElement\":[{\"@type\":\"ListItem\",\"position\":1,\"name\":\"Accueil\",\"item\":\"https:\\\/\\\/www.etiktech.fr\\\/fr\\\/\"},{\"@type\":\"ListItem\",\"position\":2,\"name\":\"e-commerce\",\"item\":\"https:\\\/\\\/www.etiktech.fr\\\/e-commerce\\\/\"},{\"@type\":\"ListItem\",\"position\":3,\"name\":\"Lot de 6 rouleaux \u00e9tiquettes thermiques vierges 58&#215;43 mm diam\u00e8tre mandrin 41 mm. 750 \u00e9tiquettes par rouleau. Compatible avec les imprimantes thermiques.\"}]},{\"@type\":\"WebSite\",\"@id\":\"https:\\\/\\\/www.etiktech.fr\\\/#website\",\"url\":\"https:\\\/\\\/www.etiktech.fr\\\/\",\"name\":\"Etiktech\",\"description\":\"YOUR PRODUCTS, OUR PACKAGING EXCELLENCE\",\"publisher\":{\"@id\":\"https:\\\/\\\/www.etiktech.fr\\\/#organization\"},\"potentialAction\":[{\"@type\":\"SearchAction\",\"target\":{\"@type\":\"EntryPoint\",\"urlTemplate\":\"https:\\\/\\\/www.etiktech.fr\\\/?s={search_term_string}\"},\"query-input\":{\"@type\":\"PropertyValueSpecification\",\"valueRequired\":true,\"valueName\":\"search_term_string\"}}],\"inLanguage\":\"en-US\"},{\"@type\":[\"Organization\",\"Place\"],\"@id\":\"https:\\\/\\\/www.etiktech.fr\\\/#organization\",\"name\":\"Etiktech\",\"alternateName\":\"Etiktech\",\"url\":\"https:\\\/\\\/www.etiktech.fr\\\/\",\"logo\":{\"@id\":\"https:\\\/\\\/www.etiktech.fr\\\/produit\\\/lot-de-6-rouleaux-etiquettes-thermiques-vierges-58x43-mm-diametre-mandrin-41-mm-750-etiquettes-par-rouleau-compatible-avec-les-imprimantes-thermiques\\\/#local-main-organization-logo\"},\"image\":{\"@id\":\"https:\\\/\\\/www.etiktech.fr\\\/produit\\\/lot-de-6-rouleaux-etiquettes-thermiques-vierges-58x43-mm-diametre-mandrin-41-mm-750-etiquettes-par-rouleau-compatible-avec-les-imprimantes-thermiques\\\/#local-main-organization-logo\"},\"sameAs\":[\"https:\\\/\\\/www.facebook.com\\\/people\\\/Etiktech\\\/61570904671530\\\/?mibextid=ZbWKwL\",\"https:\\\/\\\/www.linkedin.com\\\/company\\\/etiktech\"],\"telephone\":[],\"openingHoursSpecification\":[{\"@type\":\"OpeningHoursSpecification\",\"dayOfWeek\":[\"Monday\",\"Tuesday\",\"Wednesday\",\"Thursday\",\"Friday\",\"Saturday\",\"Sunday\"],\"opens\":\"09:00\",\"closes\":\"17:00\"}]},{\"@type\":\"ImageObject\",\"inLanguage\":\"en-US\",\"@id\":\"https:\\\/\\\/www.etiktech.fr\\\/produit\\\/lot-de-6-rouleaux-etiquettes-thermiques-vierges-58x43-mm-diametre-mandrin-41-mm-750-etiquettes-par-rouleau-compatible-avec-les-imprimantes-thermiques\\\/#local-main-organization-logo\",\"url\":\"https:\\\/\\\/www.etiktech.fr\\\/wp-content\\\/uploads\\\/2024\\\/08\\\/cropped-logo-site-1.png\",\"contentUrl\":\"https:\\\/\\\/www.etiktech.fr\\\/wp-content\\\/uploads\\\/2024\\\/08\\\/cropped-logo-site-1.png\",\"width\":723,\"height\":108,\"caption\":\"Etiktech\"}]}<\/script>\n<!-- \/ Yoast SEO Premium plugin. -->","yoast_head_json":{"title":"Lot de 6 rouleaux \u00e9tiquettes thermiques vierges 58x43 mm diam\u00e8tre mandrin 41 mm. 750 \u00e9tiquettes par rouleau. Compatible avec les imprimantes thermiques. - Etiktech","description":"Lot de 6 rouleaux \u00e9tiquettes thermiques vierges 58x43 mm diam\u00e8tre mandrin 41 mm. 750 \u00e9tiquettes par rouleau. Compatible avec les imprimantes thermiques .","robots":{"index":"index","follow":"follow","max-snippet":"max-snippet:-1","max-image-preview":"max-image-preview:large","max-video-preview":"max-video-preview:-1"},"canonical":"https:\/\/www.etiktech.fr\/en\/product\/lot-de-6-rouleaux-etiquettes-thermiques-vierges-58x43-mm-diametre-mandrin-41-mm-750-etiquettes-par-rouleau-compatible-avec-les-imprimantes-thermiques\/","og_locale":"en_US","og_type":"article","og_title":"Lot de 6 rouleaux \u00e9tiquettes thermiques vierges 58x43 mm diam\u00e8tre mandrin 41 mm. 750 \u00e9tiquettes par rouleau. Compatible avec les imprimantes thermiques.","og_description":"Lot de 6 rouleaux \u00e9tiquettes thermiques vierges 58x43 mm diam\u00e8tre mandrin 41 mm. 750 \u00e9tiquettes par rouleau. Compatible avec les imprimantes thermiques .","og_url":"https:\/\/www.etiktech.fr\/en\/product\/lot-de-6-rouleaux-etiquettes-thermiques-vierges-58x43-mm-diametre-mandrin-41-mm-750-etiquettes-par-rouleau-compatible-avec-les-imprimantes-thermiques\/","og_site_name":"Etiktech","article_publisher":"https:\/\/www.facebook.com\/people\/Etiktech\/61570904671530\/?mibextid=ZbWKwL","article_modified_time":"2025-11-12T13:25:34+00:00","og_image":[{"width":679,"height":679,"url":"https:\/\/www.etiktech.fr\/wp-content\/uploads\/2024\/11\/lot2.jpg","type":"image\/jpeg"}],"twitter_card":"summary_large_image","twitter_misc":{"Est. reading time":"1 minute"},"schema":{"@context":"https:\/\/schema.org","@graph":[{"@type":"WebPage","@id":"https:\/\/www.etiktech.fr\/produit\/lot-de-6-rouleaux-etiquettes-thermiques-vierges-58x43-mm-diametre-mandrin-41-mm-750-etiquettes-par-rouleau-compatible-avec-les-imprimantes-thermiques\/","url":"https:\/\/www.etiktech.fr\/produit\/lot-de-6-rouleaux-etiquettes-thermiques-vierges-58x43-mm-diametre-mandrin-41-mm-750-etiquettes-par-rouleau-compatible-avec-les-imprimantes-thermiques\/","name":"Lot de 6 rouleaux \u00e9tiquettes thermiques vierges 58x43 mm diam\u00e8tre mandrin 41 mm. 750 \u00e9tiquettes par rouleau. Compatible avec les imprimantes thermiques. - Etiktech","isPartOf":{"@id":"https:\/\/www.etiktech.fr\/#website"},"primaryImageOfPage":{"@id":"https:\/\/www.etiktech.fr\/produit\/lot-de-6-rouleaux-etiquettes-thermiques-vierges-58x43-mm-diametre-mandrin-41-mm-750-etiquettes-par-rouleau-compatible-avec-les-imprimantes-thermiques\/#primaryimage"},"image":{"@id":"https:\/\/www.etiktech.fr\/produit\/lot-de-6-rouleaux-etiquettes-thermiques-vierges-58x43-mm-diametre-mandrin-41-mm-750-etiquettes-par-rouleau-compatible-avec-les-imprimantes-thermiques\/#primaryimage"},"thumbnailUrl":"https:\/\/www.etiktech.fr\/wp-content\/uploads\/2024\/11\/lot2.jpg","datePublished":"2024-11-19T13:28:31+00:00","dateModified":"2025-11-12T13:25:34+00:00","description":"Lot de 6 rouleaux \u00e9tiquettes thermiques vierges 58x43 mm diam\u00e8tre mandrin 41 mm. 750 \u00e9tiquettes par rouleau. Compatible avec les imprimantes thermiques .","breadcrumb":{"@id":"https:\/\/www.etiktech.fr\/produit\/lot-de-6-rouleaux-etiquettes-thermiques-vierges-58x43-mm-diametre-mandrin-41-mm-750-etiquettes-par-rouleau-compatible-avec-les-imprimantes-thermiques\/#breadcrumb"},"inLanguage":"en-US","potentialAction":[{"@type":"ReadAction","target":["https:\/\/www.etiktech.fr\/produit\/lot-de-6-rouleaux-etiquettes-thermiques-vierges-58x43-mm-diametre-mandrin-41-mm-750-etiquettes-par-rouleau-compatible-avec-les-imprimantes-thermiques\/"]}]},{"@type":"ImageObject","inLanguage":"en-US","@id":"https:\/\/www.etiktech.fr\/produit\/lot-de-6-rouleaux-etiquettes-thermiques-vierges-58x43-mm-diametre-mandrin-41-mm-750-etiquettes-par-rouleau-compatible-avec-les-imprimantes-thermiques\/#primaryimage","url":"https:\/\/www.etiktech.fr\/wp-content\/uploads\/2024\/11\/lot2.jpg","contentUrl":"https:\/\/www.etiktech.fr\/wp-content\/uploads\/2024\/11\/lot2.jpg","width":679,"height":679},{"@type":"BreadcrumbList","@id":"https:\/\/www.etiktech.fr\/produit\/lot-de-6-rouleaux-etiquettes-thermiques-vierges-58x43-mm-diametre-mandrin-41-mm-750-etiquettes-par-rouleau-compatible-avec-les-imprimantes-thermiques\/#breadcrumb","itemListElement":[{"@type":"ListItem","position":1,"name":"Accueil","item":"https:\/\/www.etiktech.fr\/fr\/"},{"@type":"ListItem","position":2,"name":"e-commerce","item":"https:\/\/www.etiktech.fr\/e-commerce\/"},{"@type":"ListItem","position":3,"name":"Lot de 6 rouleaux \u00e9tiquettes thermiques vierges 58&#215;43 mm diam\u00e8tre mandrin 41 mm. 750 \u00e9tiquettes par rouleau. Compatible avec les imprimantes thermiques."}]},{"@type":"WebSite","@id":"https:\/\/www.etiktech.fr\/#website","url":"https:\/\/www.etiktech.fr\/","name":"Etiktech","description":"YOUR PRODUCTS, OUR PACKAGING EXCELLENCE","publisher":{"@id":"https:\/\/www.etiktech.fr\/#organization"},"potentialAction":[{"@type":"SearchAction","target":{"@type":"EntryPoint","urlTemplate":"https:\/\/www.etiktech.fr\/?s={search_term_string}"},"query-input":{"@type":"PropertyValueSpecification","valueRequired":true,"valueName":"search_term_string"}}],"inLanguage":"en-US"},{"@type":["Organization","Place"],"@id":"https:\/\/www.etiktech.fr\/#organization","name":"Etiktech","alternateName":"Etiktech","url":"https:\/\/www.etiktech.fr\/","logo":{"@id":"https:\/\/www.etiktech.fr\/produit\/lot-de-6-rouleaux-etiquettes-thermiques-vierges-58x43-mm-diametre-mandrin-41-mm-750-etiquettes-par-rouleau-compatible-avec-les-imprimantes-thermiques\/#local-main-organization-logo"},"image":{"@id":"https:\/\/www.etiktech.fr\/produit\/lot-de-6-rouleaux-etiquettes-thermiques-vierges-58x43-mm-diametre-mandrin-41-mm-750-etiquettes-par-rouleau-compatible-avec-les-imprimantes-thermiques\/#local-main-organization-logo"},"sameAs":["https:\/\/www.facebook.com\/people\/Etiktech\/61570904671530\/?mibextid=ZbWKwL","https:\/\/www.linkedin.com\/company\/etiktech"],"telephone":[],"openingHoursSpecification":[{"@type":"OpeningHoursSpecification","dayOfWeek":["Monday","Tuesday","Wednesday","Thursday","Friday","Saturday","Sunday"],"opens":"09:00","closes":"17:00"}]},{"@type":"ImageObject","inLanguage":"en-US","@id":"https:\/\/www.etiktech.fr\/produit\/lot-de-6-rouleaux-etiquettes-thermiques-vierges-58x43-mm-diametre-mandrin-41-mm-750-etiquettes-par-rouleau-compatible-avec-les-imprimantes-thermiques\/#local-main-organization-logo","url":"https:\/\/www.etiktech.fr\/wp-content\/uploads\/2024\/08\/cropped-logo-site-1.png","contentUrl":"https:\/\/www.etiktech.fr\/wp-content\/uploads\/2024\/08\/cropped-logo-site-1.png","width":723,"height":108,"caption":"Etiktech"}]}},"jetpack_sharing_enabled":true,"_links":{"self":[{"href":"https:\/\/www.etiktech.fr\/en\/wp-json\/wp\/v2\/product\/19227","targetHints":{"allow":["GET"]}}],"collection":[{"href":"https:\/\/www.etiktech.fr\/en\/wp-json\/wp\/v2\/product"}],"about":[{"href":"https:\/\/www.etiktech.fr\/en\/wp-json\/wp\/v2\/types\/product"}],"replies":[{"embeddable":true,"href":"https:\/\/www.etiktech.fr\/en\/wp-json\/wp\/v2\/comments?post=19227"}],"wp:featuredmedia":[{"embeddable":true,"href":"https:\/\/www.etiktech.fr\/en\/wp-json\/wp\/v2\/media\/19228"}],"wp:attachment":[{"href":"https:\/\/www.etiktech.fr\/en\/wp-json\/wp\/v2\/media?parent=19227"}],"wp:term":[{"taxonomy":"product_brand","embeddable":true,"href":"https:\/\/www.etiktech.fr\/en\/wp-json\/wp\/v2\/product_brand?post=19227"},{"taxonomy":"product_cat","embeddable":true,"href":"https:\/\/www.etiktech.fr\/en\/wp-json\/wp\/v2\/product_cat?post=19227"},{"taxonomy":"product_tag","embeddable":true,"href":"https:\/\/www.etiktech.fr\/en\/wp-json\/wp\/v2\/product_tag?post=19227"}],"curies":[{"name":"wp","href":"https:\/\/api.w.org\/{rel}","templated":true}]}}