{"id":19222,"date":"2024-11-19T11:11:56","date_gmt":"2024-11-19T10:11:56","guid":{"rendered":"https:\/\/www.etiktech.fr\/?post_type=product&#038;p=19222"},"modified":"2025-11-11T00:32:56","modified_gmt":"2025-11-10T23:32:56","slug":"etiquette-vierge-100x150-mm-papier-blanc-mat-de-mandrin-76mm-1000-etiquettes-par-rouleau-compatibles-avec-les-imprimantes-thermiques","status":"publish","type":"product","link":"https:\/\/www.etiktech.fr\/en\/product\/etiquette-vierge-100x150-mm-papier-blanc-mat-de-mandrin-76mm-1000-etiquettes-par-rouleau-compatibles-avec-les-imprimantes-thermiques\/","title":{"rendered":"\u00c9tiquette vierge 100&#215;150 mm, papier blanc mat  de mandrin 76mm. 1000 \u00e9tiquettes par rouleau, compatibles avec les imprimantes thermiques."},"content":{"rendered":"<p>Size: 100x150mm<\/p>\n<p>Mandrel: 76 mm<\/p>\n<p><span class=\"a-size-base a-text-bold\">Number of labels: <span class=\"a-size-base po-break-word\">1000<\/span><\/span><\/p>\n<p><span class=\"a-size-base a-text-bold\">Color : <span class=\"a-size-base po-break-word\">white<\/span><\/span><\/p>\n<p><span class=\"a-size-base a-text-bold\">Finishing type: <span class=\"a-size-base po-break-word\">vellum mat\u00a0<\/span><\/span><\/p>\n<p class=\"translation-block\"><span class=\"a-size-base a-text-bold\">Number of units:<span class=\"a-size-base po-break-word\">1.0 unit<\/span><\/span><\/p>\n<p>Compatible with thermal printers<\/p>","protected":false},"excerpt":{"rendered":"<h4>About this article<\/h4>\n<p class=\"translation-block\">This roll of blank thermal labels measures 100\u00d7150 mm and is made of white matte vellum paper with a 76 mm core, compatible with thermal printers. This roll contains 1000 labels.<\/p>\n<p class=\"translation-block\">Ideal for labeling products, packaging, or items, these labels offer a durable finish and excellent adhesion. The 76 mm core allows for easy installation in most printers. With 1000 labels per roll, it is perfect for businesses with regular labeling needs. Designed for thermal printers, it ensures fast, high-quality prints.<\/p>","protected":false},"featured_media":19725,"comment_status":"closed","ping_status":"closed","template":"","meta":[],"product_brand":[],"product_cat":[188],"product_tag":[189],"class_list":{"0":"post-19222","1":"product","2":"type-product","3":"status-publish","4":"has-post-thumbnail","6":"product_cat-etiquettes-vierges","7":"product_tag-rouleau","9":"first","10":"instock","11":"taxable","12":"shipping-taxable","13":"purchasable","14":"product-type-simple"},"yoast_head":"<!-- This site is optimized with the Yoast SEO Premium plugin v27.2 (Yoast SEO v27.4) - https:\/\/yoast.com\/product\/yoast-seo-premium-wordpress\/ -->\n<title>\u00c9tiquette vierge 100x150 mm, papier blanc mat de mandrin 76mm. 1000 \u00e9tiquettes par rouleau, compatibles avec les imprimantes thermiques. - Etiktech<\/title>\n<meta name=\"description\" content=\"\u00c9tiquette vierge 100x150 mm, papier blanc mat de mandrin 76mm. 1000 \u00e9tiquettes par rouleau, compatibles avec les imprimantes thermiques.\" \/>\n<meta name=\"robots\" content=\"index, follow, max-snippet:-1, max-image-preview:large, max-video-preview:-1\" \/>\n<link rel=\"canonical\" href=\"https:\/\/www.etiktech.fr\/en\/product\/etiquette-vierge-100x150-mm-papier-blanc-mat-de-mandrin-76mm-1000-etiquettes-par-rouleau-compatibles-avec-les-imprimantes-thermiques\/\" \/>\n<meta property=\"og:locale\" content=\"en_US\" \/>\n<meta property=\"og:type\" content=\"article\" \/>\n<meta property=\"og:title\" content=\"\u00c9tiquette vierge 100x150 mm, papier blanc mat de mandrin 76mm. 1000 \u00e9tiquettes par rouleau, compatibles avec les imprimantes thermiques.\" \/>\n<meta property=\"og:description\" content=\"\u00c9tiquette vierge 100x150 mm, papier blanc mat de mandrin 76mm. 1000 \u00e9tiquettes par rouleau, compatibles avec les imprimantes thermiques.\" \/>\n<meta property=\"og:url\" content=\"https:\/\/www.etiktech.fr\/en\/product\/etiquette-vierge-100x150-mm-papier-blanc-mat-de-mandrin-76mm-1000-etiquettes-par-rouleau-compatibles-avec-les-imprimantes-thermiques\/\" \/>\n<meta property=\"og:site_name\" content=\"Etiktech\" \/>\n<meta property=\"article:publisher\" content=\"https:\/\/www.facebook.com\/people\/Etiktech\/61570904671530\/?mibextid=ZbWKwL\" \/>\n<meta property=\"article:modified_time\" content=\"2025-11-10T23:32:56+00:00\" \/>\n<meta property=\"og:image\" content=\"https:\/\/www.etiktech.fr\/wp-content\/uploads\/2024\/11\/mat100x150.jpg\" \/>\n\t<meta property=\"og:image:width\" content=\"2000\" \/>\n\t<meta property=\"og:image:height\" content=\"2000\" \/>\n\t<meta property=\"og:image:type\" content=\"image\/jpeg\" \/>\n<meta name=\"twitter:card\" content=\"summary_large_image\" \/>\n<meta name=\"twitter:label1\" content=\"Est. reading time\" \/>\n\t<meta name=\"twitter:data1\" content=\"1 minute\" \/>\n<script type=\"application\/ld+json\" class=\"yoast-schema-graph\">{\"@context\":\"https:\\\/\\\/schema.org\",\"@graph\":[{\"@type\":\"WebPage\",\"@id\":\"https:\\\/\\\/www.etiktech.fr\\\/produit\\\/etiquette-vierge-100x150-mm-papier-blanc-mat-de-mandrin-76mm-1000-etiquettes-par-rouleau-compatibles-avec-les-imprimantes-thermiques\\\/\",\"url\":\"https:\\\/\\\/www.etiktech.fr\\\/produit\\\/etiquette-vierge-100x150-mm-papier-blanc-mat-de-mandrin-76mm-1000-etiquettes-par-rouleau-compatibles-avec-les-imprimantes-thermiques\\\/\",\"name\":\"\u00c9tiquette vierge 100x150 mm, papier blanc mat de mandrin 76mm. 1000 \u00e9tiquettes par rouleau, compatibles avec les imprimantes thermiques. - Etiktech\",\"isPartOf\":{\"@id\":\"https:\\\/\\\/www.etiktech.fr\\\/#website\"},\"primaryImageOfPage\":{\"@id\":\"https:\\\/\\\/www.etiktech.fr\\\/produit\\\/etiquette-vierge-100x150-mm-papier-blanc-mat-de-mandrin-76mm-1000-etiquettes-par-rouleau-compatibles-avec-les-imprimantes-thermiques\\\/#primaryimage\"},\"image\":{\"@id\":\"https:\\\/\\\/www.etiktech.fr\\\/produit\\\/etiquette-vierge-100x150-mm-papier-blanc-mat-de-mandrin-76mm-1000-etiquettes-par-rouleau-compatibles-avec-les-imprimantes-thermiques\\\/#primaryimage\"},\"thumbnailUrl\":\"https:\\\/\\\/www.etiktech.fr\\\/wp-content\\\/uploads\\\/2024\\\/11\\\/mat100x150.jpg\",\"datePublished\":\"2024-11-19T10:11:56+00:00\",\"dateModified\":\"2025-11-10T23:32:56+00:00\",\"description\":\"\u00c9tiquette vierge 100x150 mm, papier blanc mat de mandrin 76mm. 1000 \u00e9tiquettes par rouleau, compatibles avec les imprimantes thermiques.\",\"breadcrumb\":{\"@id\":\"https:\\\/\\\/www.etiktech.fr\\\/produit\\\/etiquette-vierge-100x150-mm-papier-blanc-mat-de-mandrin-76mm-1000-etiquettes-par-rouleau-compatibles-avec-les-imprimantes-thermiques\\\/#breadcrumb\"},\"inLanguage\":\"en-US\",\"potentialAction\":[{\"@type\":\"ReadAction\",\"target\":[\"https:\\\/\\\/www.etiktech.fr\\\/produit\\\/etiquette-vierge-100x150-mm-papier-blanc-mat-de-mandrin-76mm-1000-etiquettes-par-rouleau-compatibles-avec-les-imprimantes-thermiques\\\/\"]}]},{\"@type\":\"ImageObject\",\"inLanguage\":\"en-US\",\"@id\":\"https:\\\/\\\/www.etiktech.fr\\\/produit\\\/etiquette-vierge-100x150-mm-papier-blanc-mat-de-mandrin-76mm-1000-etiquettes-par-rouleau-compatibles-avec-les-imprimantes-thermiques\\\/#primaryimage\",\"url\":\"https:\\\/\\\/www.etiktech.fr\\\/wp-content\\\/uploads\\\/2024\\\/11\\\/mat100x150.jpg\",\"contentUrl\":\"https:\\\/\\\/www.etiktech.fr\\\/wp-content\\\/uploads\\\/2024\\\/11\\\/mat100x150.jpg\",\"width\":2000,\"height\":2000},{\"@type\":\"BreadcrumbList\",\"@id\":\"https:\\\/\\\/www.etiktech.fr\\\/produit\\\/etiquette-vierge-100x150-mm-papier-blanc-mat-de-mandrin-76mm-1000-etiquettes-par-rouleau-compatibles-avec-les-imprimantes-thermiques\\\/#breadcrumb\",\"itemListElement\":[{\"@type\":\"ListItem\",\"position\":1,\"name\":\"Accueil\",\"item\":\"https:\\\/\\\/www.etiktech.fr\\\/fr\\\/\"},{\"@type\":\"ListItem\",\"position\":2,\"name\":\"e-commerce\",\"item\":\"https:\\\/\\\/www.etiktech.fr\\\/e-commerce\\\/\"},{\"@type\":\"ListItem\",\"position\":3,\"name\":\"\u00c9tiquette vierge 100&#215;150 mm, papier blanc mat de mandrin 76mm. 1000 \u00e9tiquettes par rouleau, compatibles avec les imprimantes thermiques.\"}]},{\"@type\":\"WebSite\",\"@id\":\"https:\\\/\\\/www.etiktech.fr\\\/#website\",\"url\":\"https:\\\/\\\/www.etiktech.fr\\\/\",\"name\":\"Etiktech\",\"description\":\"YOUR PRODUCTS, OUR PACKAGING EXCELLENCE\",\"publisher\":{\"@id\":\"https:\\\/\\\/www.etiktech.fr\\\/#organization\"},\"potentialAction\":[{\"@type\":\"SearchAction\",\"target\":{\"@type\":\"EntryPoint\",\"urlTemplate\":\"https:\\\/\\\/www.etiktech.fr\\\/?s={search_term_string}\"},\"query-input\":{\"@type\":\"PropertyValueSpecification\",\"valueRequired\":true,\"valueName\":\"search_term_string\"}}],\"inLanguage\":\"en-US\"},{\"@type\":[\"Organization\",\"Place\"],\"@id\":\"https:\\\/\\\/www.etiktech.fr\\\/#organization\",\"name\":\"Etiktech\",\"alternateName\":\"Etiktech\",\"url\":\"https:\\\/\\\/www.etiktech.fr\\\/\",\"logo\":{\"@id\":\"https:\\\/\\\/www.etiktech.fr\\\/produit\\\/etiquette-vierge-100x150-mm-papier-blanc-mat-de-mandrin-76mm-1000-etiquettes-par-rouleau-compatibles-avec-les-imprimantes-thermiques\\\/#local-main-organization-logo\"},\"image\":{\"@id\":\"https:\\\/\\\/www.etiktech.fr\\\/produit\\\/etiquette-vierge-100x150-mm-papier-blanc-mat-de-mandrin-76mm-1000-etiquettes-par-rouleau-compatibles-avec-les-imprimantes-thermiques\\\/#local-main-organization-logo\"},\"sameAs\":[\"https:\\\/\\\/www.facebook.com\\\/people\\\/Etiktech\\\/61570904671530\\\/?mibextid=ZbWKwL\",\"https:\\\/\\\/www.linkedin.com\\\/company\\\/etiktech\"],\"telephone\":[],\"openingHoursSpecification\":[{\"@type\":\"OpeningHoursSpecification\",\"dayOfWeek\":[\"Monday\",\"Tuesday\",\"Wednesday\",\"Thursday\",\"Friday\",\"Saturday\",\"Sunday\"],\"opens\":\"09:00\",\"closes\":\"17:00\"}]},{\"@type\":\"ImageObject\",\"inLanguage\":\"en-US\",\"@id\":\"https:\\\/\\\/www.etiktech.fr\\\/produit\\\/etiquette-vierge-100x150-mm-papier-blanc-mat-de-mandrin-76mm-1000-etiquettes-par-rouleau-compatibles-avec-les-imprimantes-thermiques\\\/#local-main-organization-logo\",\"url\":\"https:\\\/\\\/www.etiktech.fr\\\/wp-content\\\/uploads\\\/2024\\\/08\\\/cropped-logo-site-1.png\",\"contentUrl\":\"https:\\\/\\\/www.etiktech.fr\\\/wp-content\\\/uploads\\\/2024\\\/08\\\/cropped-logo-site-1.png\",\"width\":723,\"height\":108,\"caption\":\"Etiktech\"}]}<\/script>\n<!-- \/ Yoast SEO Premium plugin. -->","yoast_head_json":{"title":"\u00c9tiquette vierge 100x150 mm, papier blanc mat de mandrin 76mm. 1000 \u00e9tiquettes par rouleau, compatibles avec les imprimantes thermiques. - Etiktech","description":"\u00c9tiquette vierge 100x150 mm, papier blanc mat de mandrin 76mm. 1000 \u00e9tiquettes par rouleau, compatibles avec les imprimantes thermiques.","robots":{"index":"index","follow":"follow","max-snippet":"max-snippet:-1","max-image-preview":"max-image-preview:large","max-video-preview":"max-video-preview:-1"},"canonical":"https:\/\/www.etiktech.fr\/en\/product\/etiquette-vierge-100x150-mm-papier-blanc-mat-de-mandrin-76mm-1000-etiquettes-par-rouleau-compatibles-avec-les-imprimantes-thermiques\/","og_locale":"en_US","og_type":"article","og_title":"\u00c9tiquette vierge 100x150 mm, papier blanc mat de mandrin 76mm. 1000 \u00e9tiquettes par rouleau, compatibles avec les imprimantes thermiques.","og_description":"\u00c9tiquette vierge 100x150 mm, papier blanc mat de mandrin 76mm. 1000 \u00e9tiquettes par rouleau, compatibles avec les imprimantes thermiques.","og_url":"https:\/\/www.etiktech.fr\/en\/product\/etiquette-vierge-100x150-mm-papier-blanc-mat-de-mandrin-76mm-1000-etiquettes-par-rouleau-compatibles-avec-les-imprimantes-thermiques\/","og_site_name":"Etiktech","article_publisher":"https:\/\/www.facebook.com\/people\/Etiktech\/61570904671530\/?mibextid=ZbWKwL","article_modified_time":"2025-11-10T23:32:56+00:00","og_image":[{"width":2000,"height":2000,"url":"https:\/\/www.etiktech.fr\/wp-content\/uploads\/2024\/11\/mat100x150.jpg","type":"image\/jpeg"}],"twitter_card":"summary_large_image","twitter_misc":{"Est. reading time":"1 minute"},"schema":{"@context":"https:\/\/schema.org","@graph":[{"@type":"WebPage","@id":"https:\/\/www.etiktech.fr\/produit\/etiquette-vierge-100x150-mm-papier-blanc-mat-de-mandrin-76mm-1000-etiquettes-par-rouleau-compatibles-avec-les-imprimantes-thermiques\/","url":"https:\/\/www.etiktech.fr\/produit\/etiquette-vierge-100x150-mm-papier-blanc-mat-de-mandrin-76mm-1000-etiquettes-par-rouleau-compatibles-avec-les-imprimantes-thermiques\/","name":"\u00c9tiquette vierge 100x150 mm, papier blanc mat de mandrin 76mm. 1000 \u00e9tiquettes par rouleau, compatibles avec les imprimantes thermiques. - Etiktech","isPartOf":{"@id":"https:\/\/www.etiktech.fr\/#website"},"primaryImageOfPage":{"@id":"https:\/\/www.etiktech.fr\/produit\/etiquette-vierge-100x150-mm-papier-blanc-mat-de-mandrin-76mm-1000-etiquettes-par-rouleau-compatibles-avec-les-imprimantes-thermiques\/#primaryimage"},"image":{"@id":"https:\/\/www.etiktech.fr\/produit\/etiquette-vierge-100x150-mm-papier-blanc-mat-de-mandrin-76mm-1000-etiquettes-par-rouleau-compatibles-avec-les-imprimantes-thermiques\/#primaryimage"},"thumbnailUrl":"https:\/\/www.etiktech.fr\/wp-content\/uploads\/2024\/11\/mat100x150.jpg","datePublished":"2024-11-19T10:11:56+00:00","dateModified":"2025-11-10T23:32:56+00:00","description":"\u00c9tiquette vierge 100x150 mm, papier blanc mat de mandrin 76mm. 1000 \u00e9tiquettes par rouleau, compatibles avec les imprimantes thermiques.","breadcrumb":{"@id":"https:\/\/www.etiktech.fr\/produit\/etiquette-vierge-100x150-mm-papier-blanc-mat-de-mandrin-76mm-1000-etiquettes-par-rouleau-compatibles-avec-les-imprimantes-thermiques\/#breadcrumb"},"inLanguage":"en-US","potentialAction":[{"@type":"ReadAction","target":["https:\/\/www.etiktech.fr\/produit\/etiquette-vierge-100x150-mm-papier-blanc-mat-de-mandrin-76mm-1000-etiquettes-par-rouleau-compatibles-avec-les-imprimantes-thermiques\/"]}]},{"@type":"ImageObject","inLanguage":"en-US","@id":"https:\/\/www.etiktech.fr\/produit\/etiquette-vierge-100x150-mm-papier-blanc-mat-de-mandrin-76mm-1000-etiquettes-par-rouleau-compatibles-avec-les-imprimantes-thermiques\/#primaryimage","url":"https:\/\/www.etiktech.fr\/wp-content\/uploads\/2024\/11\/mat100x150.jpg","contentUrl":"https:\/\/www.etiktech.fr\/wp-content\/uploads\/2024\/11\/mat100x150.jpg","width":2000,"height":2000},{"@type":"BreadcrumbList","@id":"https:\/\/www.etiktech.fr\/produit\/etiquette-vierge-100x150-mm-papier-blanc-mat-de-mandrin-76mm-1000-etiquettes-par-rouleau-compatibles-avec-les-imprimantes-thermiques\/#breadcrumb","itemListElement":[{"@type":"ListItem","position":1,"name":"Accueil","item":"https:\/\/www.etiktech.fr\/fr\/"},{"@type":"ListItem","position":2,"name":"e-commerce","item":"https:\/\/www.etiktech.fr\/e-commerce\/"},{"@type":"ListItem","position":3,"name":"\u00c9tiquette vierge 100&#215;150 mm, papier blanc mat de mandrin 76mm. 1000 \u00e9tiquettes par rouleau, compatibles avec les imprimantes thermiques."}]},{"@type":"WebSite","@id":"https:\/\/www.etiktech.fr\/#website","url":"https:\/\/www.etiktech.fr\/","name":"Etiktech","description":"YOUR PRODUCTS, OUR PACKAGING EXCELLENCE","publisher":{"@id":"https:\/\/www.etiktech.fr\/#organization"},"potentialAction":[{"@type":"SearchAction","target":{"@type":"EntryPoint","urlTemplate":"https:\/\/www.etiktech.fr\/?s={search_term_string}"},"query-input":{"@type":"PropertyValueSpecification","valueRequired":true,"valueName":"search_term_string"}}],"inLanguage":"en-US"},{"@type":["Organization","Place"],"@id":"https:\/\/www.etiktech.fr\/#organization","name":"Etiktech","alternateName":"Etiktech","url":"https:\/\/www.etiktech.fr\/","logo":{"@id":"https:\/\/www.etiktech.fr\/produit\/etiquette-vierge-100x150-mm-papier-blanc-mat-de-mandrin-76mm-1000-etiquettes-par-rouleau-compatibles-avec-les-imprimantes-thermiques\/#local-main-organization-logo"},"image":{"@id":"https:\/\/www.etiktech.fr\/produit\/etiquette-vierge-100x150-mm-papier-blanc-mat-de-mandrin-76mm-1000-etiquettes-par-rouleau-compatibles-avec-les-imprimantes-thermiques\/#local-main-organization-logo"},"sameAs":["https:\/\/www.facebook.com\/people\/Etiktech\/61570904671530\/?mibextid=ZbWKwL","https:\/\/www.linkedin.com\/company\/etiktech"],"telephone":[],"openingHoursSpecification":[{"@type":"OpeningHoursSpecification","dayOfWeek":["Monday","Tuesday","Wednesday","Thursday","Friday","Saturday","Sunday"],"opens":"09:00","closes":"17:00"}]},{"@type":"ImageObject","inLanguage":"en-US","@id":"https:\/\/www.etiktech.fr\/produit\/etiquette-vierge-100x150-mm-papier-blanc-mat-de-mandrin-76mm-1000-etiquettes-par-rouleau-compatibles-avec-les-imprimantes-thermiques\/#local-main-organization-logo","url":"https:\/\/www.etiktech.fr\/wp-content\/uploads\/2024\/08\/cropped-logo-site-1.png","contentUrl":"https:\/\/www.etiktech.fr\/wp-content\/uploads\/2024\/08\/cropped-logo-site-1.png","width":723,"height":108,"caption":"Etiktech"}]}},"jetpack_sharing_enabled":true,"_links":{"self":[{"href":"https:\/\/www.etiktech.fr\/en\/wp-json\/wp\/v2\/product\/19222","targetHints":{"allow":["GET"]}}],"collection":[{"href":"https:\/\/www.etiktech.fr\/en\/wp-json\/wp\/v2\/product"}],"about":[{"href":"https:\/\/www.etiktech.fr\/en\/wp-json\/wp\/v2\/types\/product"}],"replies":[{"embeddable":true,"href":"https:\/\/www.etiktech.fr\/en\/wp-json\/wp\/v2\/comments?post=19222"}],"wp:featuredmedia":[{"embeddable":true,"href":"https:\/\/www.etiktech.fr\/en\/wp-json\/wp\/v2\/media\/19725"}],"wp:attachment":[{"href":"https:\/\/www.etiktech.fr\/en\/wp-json\/wp\/v2\/media?parent=19222"}],"wp:term":[{"taxonomy":"product_brand","embeddable":true,"href":"https:\/\/www.etiktech.fr\/en\/wp-json\/wp\/v2\/product_brand?post=19222"},{"taxonomy":"product_cat","embeddable":true,"href":"https:\/\/www.etiktech.fr\/en\/wp-json\/wp\/v2\/product_cat?post=19222"},{"taxonomy":"product_tag","embeddable":true,"href":"https:\/\/www.etiktech.fr\/en\/wp-json\/wp\/v2\/product_tag?post=19222"}],"curies":[{"name":"wp","href":"https:\/\/api.w.org\/{rel}","templated":true}]}}