{"id":19202,"date":"2024-11-13T21:10:25","date_gmt":"2024-11-13T20:10:25","guid":{"rendered":"https:\/\/www.etiktech.fr\/?post_type=product&#038;p=19202"},"modified":"2025-11-12T14:51:15","modified_gmt":"2025-11-12T13:51:15","slug":"etiquettes-vierges-100x100mm-papier-blanc-mat-diametre-mandrin-76-vendues-par-1-rouleau-1000-etiquettes-par-rouleau","status":"publish","type":"product","link":"https:\/\/www.etiktech.fr\/en\/product\/etiquettes-vierges-100x100mm-papier-blanc-mat-diametre-mandrin-76-vendues-par-1-rouleau-1000-etiquettes-par-rouleau\/","title":{"rendered":"Etiquettes vierges 100x100mm papier blanc mat  diam\u00e8tre mandrin 76 Vendues par 1 rouleau. 1000 \u00e9tiquettes par rouleau. Compatible avec les imprimantes thermiques."},"content":{"rendered":"<p>Size: 100x100mm<\/p>\n<p>Mandrel: 76 mm<\/p>\n<p><span class=\"a-size-base a-text-bold\">Number of labels: <span class=\"a-size-base po-break-word\">1000<\/span><\/span><\/p>\n<p>Finishing type: Laminated<\/p>\n<p><span class=\"a-size-base a-text-bold\">Color : <span class=\"a-size-base po-break-word\">blanc mat<\/span><\/span><\/p>\n<p class=\"translation-block\"><span class=\"a-size-base a-text-bold\">Number of units:<span class=\"a-size-base po-break-word\">1.0 unit<\/span><\/span><\/p>\n<p>Compatible with thermal printers<\/p>\n<p>&nbsp;<\/p>","protected":false},"excerpt":{"rendered":"<h4>About this article<\/h4>\n<p class=\"translation-block\">This <strong>100\u00d7100 mm<\/strong> blank thermal label roll is made of <strong>white matte vellum paper<\/strong> and has a <strong>76 mm core<\/strong>. It is sold by the roll, each roll containing <strong>1000 labels<\/strong> and is <strong>compatible with thermal printers.<\/strong><\/p>\n<p class=\"translation-block\">With their handy size of <strong>100 x 100 mm<\/strong>, these labels are ideal for a variety of uses, such as product labelling or organisation. Made from high-quality <strong>matte white vellum paper<\/strong>, they deliver a sharp and durable print. The <strong>76 mm core<\/strong> allows for easy loading into most thermal printers, making them simple and efficient to use. This roll of <strong>1000 labels<\/strong> offers excellent value for money.<\/p>","protected":false},"featured_media":19728,"comment_status":"open","ping_status":"closed","template":"","meta":[],"product_brand":[],"product_cat":[188],"product_tag":[189],"class_list":{"0":"post-19202","1":"product","2":"type-product","3":"status-publish","4":"has-post-thumbnail","6":"product_cat-etiquettes-vierges","7":"product_tag-rouleau","9":"first","10":"instock","11":"taxable","12":"shipping-taxable","13":"purchasable","14":"product-type-simple"},"yoast_head":"<!-- This site is optimized with the Yoast SEO Premium plugin v27.2 (Yoast SEO v27.4) - https:\/\/yoast.com\/product\/yoast-seo-premium-wordpress\/ -->\n<title>Etiquettes vierges 100x100mm papier blanc mat diam\u00e8tre mandrin 76 Vendues par 1 rouleau. 1000 \u00e9tiquettes par rouleau. Compatible avec les imprimantes thermiques. - Etiktech<\/title>\n<meta name=\"description\" content=\"Etiquettes vierges 100x100mm papier blanc mat en v\u00e9lin diam\u00e8tre mandrin 76 Vendues par 1 rouleau. 1000 \u00e9tiquettes par rouleau. Compatible avec les imprimantes thermiques\" \/>\n<meta name=\"robots\" content=\"index, follow, max-snippet:-1, max-image-preview:large, max-video-preview:-1\" \/>\n<link rel=\"canonical\" href=\"https:\/\/www.etiktech.fr\/en\/product\/etiquettes-vierges-100x100mm-papier-blanc-mat-diametre-mandrin-76-vendues-par-1-rouleau-1000-etiquettes-par-rouleau\/\" \/>\n<meta property=\"og:locale\" content=\"en_US\" \/>\n<meta property=\"og:type\" content=\"article\" \/>\n<meta property=\"og:title\" content=\"Etiquettes vierges 100x100mm papier blanc mat diam\u00e8tre mandrin 76 Vendues par 1 rouleau. 1000 \u00e9tiquettes par rouleau. Compatible avec les imprimantes thermiques.\" \/>\n<meta property=\"og:description\" content=\"Etiquettes vierges 100x100mm papier blanc mat en v\u00e9lin diam\u00e8tre mandrin 76 Vendues par 1 rouleau. 1000 \u00e9tiquettes par rouleau. Compatible avec les imprimantes thermiques\" \/>\n<meta property=\"og:url\" content=\"https:\/\/www.etiktech.fr\/en\/product\/etiquettes-vierges-100x100mm-papier-blanc-mat-diametre-mandrin-76-vendues-par-1-rouleau-1000-etiquettes-par-rouleau\/\" \/>\n<meta property=\"og:site_name\" content=\"Etiktech\" \/>\n<meta property=\"article:publisher\" content=\"https:\/\/www.facebook.com\/people\/Etiktech\/61570904671530\/?mibextid=ZbWKwL\" \/>\n<meta property=\"article:modified_time\" content=\"2025-11-12T13:51:15+00:00\" \/>\n<meta property=\"og:image\" content=\"https:\/\/www.etiktech.fr\/wp-content\/uploads\/2024\/11\/100x100_2.jpg\" \/>\n\t<meta property=\"og:image:width\" content=\"2000\" \/>\n\t<meta property=\"og:image:height\" content=\"2000\" \/>\n\t<meta property=\"og:image:type\" content=\"image\/jpeg\" \/>\n<meta name=\"twitter:card\" content=\"summary_large_image\" \/>\n<meta name=\"twitter:label1\" content=\"Est. reading time\" \/>\n\t<meta name=\"twitter:data1\" content=\"1 minute\" \/>\n<script type=\"application\/ld+json\" class=\"yoast-schema-graph\">{\"@context\":\"https:\\\/\\\/schema.org\",\"@graph\":[{\"@type\":\"WebPage\",\"@id\":\"https:\\\/\\\/www.etiktech.fr\\\/produit\\\/etiquettes-vierges-100x100mm-papier-blanc-mat-diametre-mandrin-76-vendues-par-1-rouleau-1000-etiquettes-par-rouleau\\\/\",\"url\":\"https:\\\/\\\/www.etiktech.fr\\\/produit\\\/etiquettes-vierges-100x100mm-papier-blanc-mat-diametre-mandrin-76-vendues-par-1-rouleau-1000-etiquettes-par-rouleau\\\/\",\"name\":\"Etiquettes vierges 100x100mm papier blanc mat diam\u00e8tre mandrin 76 Vendues par 1 rouleau. 1000 \u00e9tiquettes par rouleau. Compatible avec les imprimantes thermiques. - Etiktech\",\"isPartOf\":{\"@id\":\"https:\\\/\\\/www.etiktech.fr\\\/#website\"},\"primaryImageOfPage\":{\"@id\":\"https:\\\/\\\/www.etiktech.fr\\\/produit\\\/etiquettes-vierges-100x100mm-papier-blanc-mat-diametre-mandrin-76-vendues-par-1-rouleau-1000-etiquettes-par-rouleau\\\/#primaryimage\"},\"image\":{\"@id\":\"https:\\\/\\\/www.etiktech.fr\\\/produit\\\/etiquettes-vierges-100x100mm-papier-blanc-mat-diametre-mandrin-76-vendues-par-1-rouleau-1000-etiquettes-par-rouleau\\\/#primaryimage\"},\"thumbnailUrl\":\"https:\\\/\\\/www.etiktech.fr\\\/wp-content\\\/uploads\\\/2024\\\/11\\\/100x100_2.jpg\",\"datePublished\":\"2024-11-13T20:10:25+00:00\",\"dateModified\":\"2025-11-12T13:51:15+00:00\",\"description\":\"Etiquettes vierges 100x100mm papier blanc mat en v\u00e9lin diam\u00e8tre mandrin 76 Vendues par 1 rouleau. 1000 \u00e9tiquettes par rouleau. Compatible avec les imprimantes thermiques\",\"breadcrumb\":{\"@id\":\"https:\\\/\\\/www.etiktech.fr\\\/produit\\\/etiquettes-vierges-100x100mm-papier-blanc-mat-diametre-mandrin-76-vendues-par-1-rouleau-1000-etiquettes-par-rouleau\\\/#breadcrumb\"},\"inLanguage\":\"en-US\",\"potentialAction\":[{\"@type\":\"ReadAction\",\"target\":[\"https:\\\/\\\/www.etiktech.fr\\\/produit\\\/etiquettes-vierges-100x100mm-papier-blanc-mat-diametre-mandrin-76-vendues-par-1-rouleau-1000-etiquettes-par-rouleau\\\/\"]}]},{\"@type\":\"ImageObject\",\"inLanguage\":\"en-US\",\"@id\":\"https:\\\/\\\/www.etiktech.fr\\\/produit\\\/etiquettes-vierges-100x100mm-papier-blanc-mat-diametre-mandrin-76-vendues-par-1-rouleau-1000-etiquettes-par-rouleau\\\/#primaryimage\",\"url\":\"https:\\\/\\\/www.etiktech.fr\\\/wp-content\\\/uploads\\\/2024\\\/11\\\/100x100_2.jpg\",\"contentUrl\":\"https:\\\/\\\/www.etiktech.fr\\\/wp-content\\\/uploads\\\/2024\\\/11\\\/100x100_2.jpg\",\"width\":2000,\"height\":2000},{\"@type\":\"BreadcrumbList\",\"@id\":\"https:\\\/\\\/www.etiktech.fr\\\/produit\\\/etiquettes-vierges-100x100mm-papier-blanc-mat-diametre-mandrin-76-vendues-par-1-rouleau-1000-etiquettes-par-rouleau\\\/#breadcrumb\",\"itemListElement\":[{\"@type\":\"ListItem\",\"position\":1,\"name\":\"Accueil\",\"item\":\"https:\\\/\\\/www.etiktech.fr\\\/fr\\\/\"},{\"@type\":\"ListItem\",\"position\":2,\"name\":\"e-commerce\",\"item\":\"https:\\\/\\\/www.etiktech.fr\\\/e-commerce\\\/\"},{\"@type\":\"ListItem\",\"position\":3,\"name\":\"Etiquettes vierges 100x100mm papier blanc mat diam\u00e8tre mandrin 76 Vendues par 1 rouleau. 1000 \u00e9tiquettes par rouleau. Compatible avec les imprimantes thermiques.\"}]},{\"@type\":\"WebSite\",\"@id\":\"https:\\\/\\\/www.etiktech.fr\\\/#website\",\"url\":\"https:\\\/\\\/www.etiktech.fr\\\/\",\"name\":\"Etiktech\",\"description\":\"YOUR PRODUCTS, OUR PACKAGING EXCELLENCE\",\"publisher\":{\"@id\":\"https:\\\/\\\/www.etiktech.fr\\\/#organization\"},\"potentialAction\":[{\"@type\":\"SearchAction\",\"target\":{\"@type\":\"EntryPoint\",\"urlTemplate\":\"https:\\\/\\\/www.etiktech.fr\\\/?s={search_term_string}\"},\"query-input\":{\"@type\":\"PropertyValueSpecification\",\"valueRequired\":true,\"valueName\":\"search_term_string\"}}],\"inLanguage\":\"en-US\"},{\"@type\":[\"Organization\",\"Place\"],\"@id\":\"https:\\\/\\\/www.etiktech.fr\\\/#organization\",\"name\":\"Etiktech\",\"alternateName\":\"Etiktech\",\"url\":\"https:\\\/\\\/www.etiktech.fr\\\/\",\"logo\":{\"@id\":\"https:\\\/\\\/www.etiktech.fr\\\/produit\\\/etiquettes-vierges-100x100mm-papier-blanc-mat-diametre-mandrin-76-vendues-par-1-rouleau-1000-etiquettes-par-rouleau\\\/#local-main-organization-logo\"},\"image\":{\"@id\":\"https:\\\/\\\/www.etiktech.fr\\\/produit\\\/etiquettes-vierges-100x100mm-papier-blanc-mat-diametre-mandrin-76-vendues-par-1-rouleau-1000-etiquettes-par-rouleau\\\/#local-main-organization-logo\"},\"sameAs\":[\"https:\\\/\\\/www.facebook.com\\\/people\\\/Etiktech\\\/61570904671530\\\/?mibextid=ZbWKwL\",\"https:\\\/\\\/www.linkedin.com\\\/company\\\/etiktech\"],\"telephone\":[],\"openingHoursSpecification\":[{\"@type\":\"OpeningHoursSpecification\",\"dayOfWeek\":[\"Monday\",\"Tuesday\",\"Wednesday\",\"Thursday\",\"Friday\",\"Saturday\",\"Sunday\"],\"opens\":\"09:00\",\"closes\":\"17:00\"}]},{\"@type\":\"ImageObject\",\"inLanguage\":\"en-US\",\"@id\":\"https:\\\/\\\/www.etiktech.fr\\\/produit\\\/etiquettes-vierges-100x100mm-papier-blanc-mat-diametre-mandrin-76-vendues-par-1-rouleau-1000-etiquettes-par-rouleau\\\/#local-main-organization-logo\",\"url\":\"https:\\\/\\\/www.etiktech.fr\\\/wp-content\\\/uploads\\\/2024\\\/08\\\/cropped-logo-site-1.png\",\"contentUrl\":\"https:\\\/\\\/www.etiktech.fr\\\/wp-content\\\/uploads\\\/2024\\\/08\\\/cropped-logo-site-1.png\",\"width\":723,\"height\":108,\"caption\":\"Etiktech\"}]}<\/script>\n<!-- \/ Yoast SEO Premium plugin. -->","yoast_head_json":{"title":"Etiquettes vierges 100x100mm papier blanc mat diam\u00e8tre mandrin 76 Vendues par 1 rouleau. 1000 \u00e9tiquettes par rouleau. Compatible avec les imprimantes thermiques. - Etiktech","description":"Etiquettes vierges 100x100mm papier blanc mat en v\u00e9lin diam\u00e8tre mandrin 76 Vendues par 1 rouleau. 1000 \u00e9tiquettes par rouleau. Compatible avec les imprimantes thermiques","robots":{"index":"index","follow":"follow","max-snippet":"max-snippet:-1","max-image-preview":"max-image-preview:large","max-video-preview":"max-video-preview:-1"},"canonical":"https:\/\/www.etiktech.fr\/en\/product\/etiquettes-vierges-100x100mm-papier-blanc-mat-diametre-mandrin-76-vendues-par-1-rouleau-1000-etiquettes-par-rouleau\/","og_locale":"en_US","og_type":"article","og_title":"Etiquettes vierges 100x100mm papier blanc mat diam\u00e8tre mandrin 76 Vendues par 1 rouleau. 1000 \u00e9tiquettes par rouleau. Compatible avec les imprimantes thermiques.","og_description":"Etiquettes vierges 100x100mm papier blanc mat en v\u00e9lin diam\u00e8tre mandrin 76 Vendues par 1 rouleau. 1000 \u00e9tiquettes par rouleau. Compatible avec les imprimantes thermiques","og_url":"https:\/\/www.etiktech.fr\/en\/product\/etiquettes-vierges-100x100mm-papier-blanc-mat-diametre-mandrin-76-vendues-par-1-rouleau-1000-etiquettes-par-rouleau\/","og_site_name":"Etiktech","article_publisher":"https:\/\/www.facebook.com\/people\/Etiktech\/61570904671530\/?mibextid=ZbWKwL","article_modified_time":"2025-11-12T13:51:15+00:00","og_image":[{"width":2000,"height":2000,"url":"https:\/\/www.etiktech.fr\/wp-content\/uploads\/2024\/11\/100x100_2.jpg","type":"image\/jpeg"}],"twitter_card":"summary_large_image","twitter_misc":{"Est. reading time":"1 minute"},"schema":{"@context":"https:\/\/schema.org","@graph":[{"@type":"WebPage","@id":"https:\/\/www.etiktech.fr\/produit\/etiquettes-vierges-100x100mm-papier-blanc-mat-diametre-mandrin-76-vendues-par-1-rouleau-1000-etiquettes-par-rouleau\/","url":"https:\/\/www.etiktech.fr\/produit\/etiquettes-vierges-100x100mm-papier-blanc-mat-diametre-mandrin-76-vendues-par-1-rouleau-1000-etiquettes-par-rouleau\/","name":"Etiquettes vierges 100x100mm papier blanc mat diam\u00e8tre mandrin 76 Vendues par 1 rouleau. 1000 \u00e9tiquettes par rouleau. Compatible avec les imprimantes thermiques. - Etiktech","isPartOf":{"@id":"https:\/\/www.etiktech.fr\/#website"},"primaryImageOfPage":{"@id":"https:\/\/www.etiktech.fr\/produit\/etiquettes-vierges-100x100mm-papier-blanc-mat-diametre-mandrin-76-vendues-par-1-rouleau-1000-etiquettes-par-rouleau\/#primaryimage"},"image":{"@id":"https:\/\/www.etiktech.fr\/produit\/etiquettes-vierges-100x100mm-papier-blanc-mat-diametre-mandrin-76-vendues-par-1-rouleau-1000-etiquettes-par-rouleau\/#primaryimage"},"thumbnailUrl":"https:\/\/www.etiktech.fr\/wp-content\/uploads\/2024\/11\/100x100_2.jpg","datePublished":"2024-11-13T20:10:25+00:00","dateModified":"2025-11-12T13:51:15+00:00","description":"Etiquettes vierges 100x100mm papier blanc mat en v\u00e9lin diam\u00e8tre mandrin 76 Vendues par 1 rouleau. 1000 \u00e9tiquettes par rouleau. Compatible avec les imprimantes thermiques","breadcrumb":{"@id":"https:\/\/www.etiktech.fr\/produit\/etiquettes-vierges-100x100mm-papier-blanc-mat-diametre-mandrin-76-vendues-par-1-rouleau-1000-etiquettes-par-rouleau\/#breadcrumb"},"inLanguage":"en-US","potentialAction":[{"@type":"ReadAction","target":["https:\/\/www.etiktech.fr\/produit\/etiquettes-vierges-100x100mm-papier-blanc-mat-diametre-mandrin-76-vendues-par-1-rouleau-1000-etiquettes-par-rouleau\/"]}]},{"@type":"ImageObject","inLanguage":"en-US","@id":"https:\/\/www.etiktech.fr\/produit\/etiquettes-vierges-100x100mm-papier-blanc-mat-diametre-mandrin-76-vendues-par-1-rouleau-1000-etiquettes-par-rouleau\/#primaryimage","url":"https:\/\/www.etiktech.fr\/wp-content\/uploads\/2024\/11\/100x100_2.jpg","contentUrl":"https:\/\/www.etiktech.fr\/wp-content\/uploads\/2024\/11\/100x100_2.jpg","width":2000,"height":2000},{"@type":"BreadcrumbList","@id":"https:\/\/www.etiktech.fr\/produit\/etiquettes-vierges-100x100mm-papier-blanc-mat-diametre-mandrin-76-vendues-par-1-rouleau-1000-etiquettes-par-rouleau\/#breadcrumb","itemListElement":[{"@type":"ListItem","position":1,"name":"Accueil","item":"https:\/\/www.etiktech.fr\/fr\/"},{"@type":"ListItem","position":2,"name":"e-commerce","item":"https:\/\/www.etiktech.fr\/e-commerce\/"},{"@type":"ListItem","position":3,"name":"Etiquettes vierges 100x100mm papier blanc mat diam\u00e8tre mandrin 76 Vendues par 1 rouleau. 1000 \u00e9tiquettes par rouleau. Compatible avec les imprimantes thermiques."}]},{"@type":"WebSite","@id":"https:\/\/www.etiktech.fr\/#website","url":"https:\/\/www.etiktech.fr\/","name":"Etiktech","description":"YOUR PRODUCTS, OUR PACKAGING EXCELLENCE","publisher":{"@id":"https:\/\/www.etiktech.fr\/#organization"},"potentialAction":[{"@type":"SearchAction","target":{"@type":"EntryPoint","urlTemplate":"https:\/\/www.etiktech.fr\/?s={search_term_string}"},"query-input":{"@type":"PropertyValueSpecification","valueRequired":true,"valueName":"search_term_string"}}],"inLanguage":"en-US"},{"@type":["Organization","Place"],"@id":"https:\/\/www.etiktech.fr\/#organization","name":"Etiktech","alternateName":"Etiktech","url":"https:\/\/www.etiktech.fr\/","logo":{"@id":"https:\/\/www.etiktech.fr\/produit\/etiquettes-vierges-100x100mm-papier-blanc-mat-diametre-mandrin-76-vendues-par-1-rouleau-1000-etiquettes-par-rouleau\/#local-main-organization-logo"},"image":{"@id":"https:\/\/www.etiktech.fr\/produit\/etiquettes-vierges-100x100mm-papier-blanc-mat-diametre-mandrin-76-vendues-par-1-rouleau-1000-etiquettes-par-rouleau\/#local-main-organization-logo"},"sameAs":["https:\/\/www.facebook.com\/people\/Etiktech\/61570904671530\/?mibextid=ZbWKwL","https:\/\/www.linkedin.com\/company\/etiktech"],"telephone":[],"openingHoursSpecification":[{"@type":"OpeningHoursSpecification","dayOfWeek":["Monday","Tuesday","Wednesday","Thursday","Friday","Saturday","Sunday"],"opens":"09:00","closes":"17:00"}]},{"@type":"ImageObject","inLanguage":"en-US","@id":"https:\/\/www.etiktech.fr\/produit\/etiquettes-vierges-100x100mm-papier-blanc-mat-diametre-mandrin-76-vendues-par-1-rouleau-1000-etiquettes-par-rouleau\/#local-main-organization-logo","url":"https:\/\/www.etiktech.fr\/wp-content\/uploads\/2024\/08\/cropped-logo-site-1.png","contentUrl":"https:\/\/www.etiktech.fr\/wp-content\/uploads\/2024\/08\/cropped-logo-site-1.png","width":723,"height":108,"caption":"Etiktech"}]}},"jetpack_sharing_enabled":true,"_links":{"self":[{"href":"https:\/\/www.etiktech.fr\/en\/wp-json\/wp\/v2\/product\/19202","targetHints":{"allow":["GET"]}}],"collection":[{"href":"https:\/\/www.etiktech.fr\/en\/wp-json\/wp\/v2\/product"}],"about":[{"href":"https:\/\/www.etiktech.fr\/en\/wp-json\/wp\/v2\/types\/product"}],"replies":[{"embeddable":true,"href":"https:\/\/www.etiktech.fr\/en\/wp-json\/wp\/v2\/comments?post=19202"}],"wp:featuredmedia":[{"embeddable":true,"href":"https:\/\/www.etiktech.fr\/en\/wp-json\/wp\/v2\/media\/19728"}],"wp:attachment":[{"href":"https:\/\/www.etiktech.fr\/en\/wp-json\/wp\/v2\/media?parent=19202"}],"wp:term":[{"taxonomy":"product_brand","embeddable":true,"href":"https:\/\/www.etiktech.fr\/en\/wp-json\/wp\/v2\/product_brand?post=19202"},{"taxonomy":"product_cat","embeddable":true,"href":"https:\/\/www.etiktech.fr\/en\/wp-json\/wp\/v2\/product_cat?post=19202"},{"taxonomy":"product_tag","embeddable":true,"href":"https:\/\/www.etiktech.fr\/en\/wp-json\/wp\/v2\/product_tag?post=19202"}],"curies":[{"name":"wp","href":"https:\/\/api.w.org\/{rel}","templated":true}]}}